{"id":10005,"date":"2018-02-05T16:16:55","date_gmt":"2018-02-05T16:16:55","guid":{"rendered":"https:\/\/mr-congress.com\/de\/?page_id=10005"},"modified":"2025-08-06T17:53:42","modified_gmt":"2025-08-06T15:53:42","slug":"incentives-und-roadshows","status":"publish","type":"page","link":"https:\/\/mr-congress.com\/de\/incentives-und-roadshows\/","title":{"rendered":"Incentives &#038; Roadshows"},"content":{"rendered":"<p>[vc_section css=&#8221;.vc_custom_1532947345321{margin-top: 70px !important;}&#8221;][vc_row bg_type=&#8221;image&#8221; parallax_style=&#8221;vcpb-default&#8221; bg_image_new=&#8221;10245|https:\/\/mr-congress.com\/de\/wp-content\/uploads\/sites\/3\/2018\/11\/Incentives_Roadshows_Header-1.jpg&#8221; bg_image_repeat=&#8221;no-repeat&#8221; bg_image_posiiton=&#8221;top center&#8221; bg_override=&#8221;ex-full&#8221;][vc_column width=&#8221;1\/3&#8243; offset=&#8221;vc_hidden-sm vc_hidden-xs&#8221;][vc_column_text]<img decoding=\"async\" style=\"margin-top: -800px; z-index: 9999;\" src=\"https:\/\/mr-congress.com\/de\/wp-content\/uploads\/sites\/3\/2018\/06\/airplane.svg\" alt=\"airplane\" \/>[\/vc_column_text][vc_empty_space height=&#8221;410px&#8221;][\/vc_column][vc_column width=&#8221;1\/3&#8243; offset=&#8221;vc_hidden-lg vc_hidden-xs&#8221;][vc_empty_space height=&#8221;390px&#8221;][\/vc_column][vc_column width=&#8221;1\/3&#8243; offset=&#8221;vc_hidden-lg vc_hidden-md&#8221;][vc_empty_space height=&#8221;310px&#8221;][\/vc_column][\/vc_row][vc_row content_placement=&#8221;middle&#8221; bg_type=&#8221;image&#8221; parallax_style=&#8221;vcpb-default&#8221; bg_image_new=&#8221;9167|https:\/\/mr-congress.com\/de\/wp-content\/uploads\/sites\/3\/2018\/08\/ICON_events_erlebnisse_lights_V2_animated-3.svg&#8221; bg_image_repeat=&#8221;no-repeat&#8221; bg_image_size=&#8221;contain&#8221; bg_override=&#8221;ex-full&#8221;][vc_column css_animation=&#8221;fadeInUp&#8221; css=&#8221;.vc_custom_1535026171733{margin-top: 10px !important;margin-bottom: 50px !important;background-position: 0 0 !important;background-repeat: no-repeat !important;}&#8221;][vc_column_text css_animation=&#8221;fadeInUp&#8221; css=&#8221;.vc_custom_1541416571791{background-position: center !important;background-repeat: no-repeat !important;background-size: contain !important;}&#8221;]<\/p>\n<h1 class=\"lovely-heading\"><span class=\"ir-bg-img\">Incentives<\/span> <span style=\"font-size: 120px !important;\">&amp;<\/span><\/h1>\n<h1 class=\"sub-heading\">ROADSHOWS<\/h1>\n<p>[\/vc_column_text][vc_column_text css_animation=&#8221;none&#8221; el_class=&#8221;description-text&#8221;]Incentives geben dem Wort Motivation oftmals eine neue Bedeutung.<br \/>\nWir tragen daf\u00fcr Sorge, dass Ihr Incentive dem Wort Motivation einen Mehrwert gibt![\/vc_column_text][\/vc_column][\/vc_row][\/vc_section][vc_row][vc_column][vc_single_image image=&#8221;10246&#8243; img_size=&#8221;full&#8221; alignment=&#8221;center&#8221; css_animation=&#8221;fadeInUp&#8221;][\/vc_column][\/vc_row][vc_row css_animation=&#8221;fadeIn&#8221; css=&#8221;.vc_custom_1534339184118{margin-top: 50px !important;}&#8221;][vc_column][vc_row_inner][vc_column_inner offset=&#8221;vc_hidden-sm vc_hidden-xs&#8221;][vc_empty_space height=&#8221;92px&#8221;][\/vc_column_inner][\/vc_row_inner][vc_column_text el_class=&#8221;.description-text&#8221;]<\/p>\n<p style=\"text-align: center;\">Wir erstellen Ihnen ein speziell auf Sie zugeschnittenes Reisekonzept \u2013 und f\u00fchren es gemeinsam mit Ihnen durch.<br \/>\nDenn beim Teambuilding werden wichtige Eigenschaften wie Teamgeist, Kommunikation und Motivation gef\u00f6rdert und gest\u00e4rkt.<br \/>\nDas wirkt sich positiv auf das Arbeitsklima und die Produktivit\u00e4t der Mitarbeiter aus. <span style=\"background: #ffec91;\">Den Spa\u00df dabei garantieren wir!<\/span><br \/>\nDenn ein Stein ist nur ein Stein. Viele Steine zusammen k\u00f6nnen etwas Gro\u00dfartiges schaffen.<\/p>\n<p>[\/vc_column_text][vc_row_inner][vc_column_inner offset=&#8221;vc_hidden-sm vc_hidden-xs&#8221;][vc_empty_space height=&#8221;132px&#8221;][\/vc_column_inner][\/vc_row_inner][\/vc_column][\/vc_row][vc_section][vc_row bg_type=&#8221;image&#8221; parallax_style=&#8221;vcpb-default&#8221; bg_image_new=&#8221;10257|https:\/\/mr-congress.com\/de\/wp-content\/uploads\/sites\/3\/2018\/11\/Incentives_Roadshows_Section_3_1900x430.jpg&#8221; bg_image_repeat=&#8221;no-repeat&#8221; bg_override=&#8221;ex-full&#8221;][vc_column][vc_column_text css_animation=&#8221;fadeInUp&#8221; css=&#8221;.vc_custom_1550132931885{background-position: center !important;background-repeat: no-repeat !important;background-size: contain !important;}&#8221; el_class=&#8221;secondary-lovely-headline&#8221;]<\/p>\n<p style=\"line-height: 1;\">Teambuilding funktioniert \u00fcberall<\/p>\n<p>[\/vc_column_text][vc_column_text css_animation=&#8221;fadeInUp&#8221; css=&#8221;.vc_custom_1541416226275{padding-top: 20px !important;background-position: center !important;background-repeat: no-repeat !important;background-size: contain !important;}&#8221; el_class=&#8221;editorial-headline&#8221;]tats\u00e4chlich auch auf Roadshows![\/vc_column_text][\/vc_column][\/vc_row][vc_row css_animation=&#8221;fadeIn&#8221; css=&#8221;.vc_custom_1541415933637{margin-top: 50px !important;}&#8221;][vc_column][vc_row_inner][vc_column_inner offset=&#8221;vc_hidden-sm vc_hidden-xs&#8221;][vc_empty_space height=&#8221;42px&#8221;][\/vc_column_inner][\/vc_row_inner][vc_column_text el_class=&#8221;description-text-italic&#8221;]Mit einer originellen und zielgerichteten Produktpr\u00e4sentation<br \/>\noder Roadshow ist es Ihnen m\u00f6glich, Ihr Publikum mit effizienten Budgets auf direktem Weg<br \/>\nzu erreichen. Ausgehend von Ihrer Marketingstrategie inszenieren wir <span style=\"background: #e0ccffe3;\">eine Markenwelt<\/span><br \/>\nund verwirklichen erfolgversprechende Darbietungen Ihrer Produkte mobil oder<br \/>\nan einem festen Ort. Au\u00dferdem umfasst unser Service dabei die detaillierte Planung und Organisation<br \/>\nebenso wie die Umsetzung und Vorortbetreuung.[\/vc_column_text][vc_row_inner][vc_column_inner offset=&#8221;vc_hidden-sm vc_hidden-xs&#8221;][vc_empty_space height=&#8221;72px&#8221;][\/vc_column_inner][\/vc_row_inner][\/vc_column][\/vc_row][\/vc_section][vc_section][vc_row content_placement=&#8221;middle&#8221; css_animation=&#8221;fadeIn&#8221; css=&#8221;.vc_custom_1745488372026{margin-top: 50px !important;}&#8221;][vc_column width=&#8221;1\/6&#8243;][\/vc_column][vc_column width=&#8221;2\/6&#8243;][vc_single_image image=&#8221;10249&#8243; img_size=&#8221;full&#8221; alignment=&#8221;right&#8221; css_animation=&#8221;fadeIn&#8221;][\/vc_column][vc_column width=&#8221;2\/6&#8243;][vc_column_text css_animation=&#8221;fadeIn&#8221; el_class=&#8221;description-text&#8221;]<\/p>\n<p style=\"text-align: center; display: inline; padding: 5px; background: #c1e0db; font-family: 'DidotLTPro-Roman' !important;\">Wir wollen, dass Sie und Ihre Marke<br \/>\nbestm\u00f6glich in den K\u00f6pfen Ihrer Besucher<br \/>\nplatziert sind.<\/p>\n<p>[\/vc_column_text][\/vc_column][vc_column width=&#8221;1\/6&#8243;][\/vc_column][\/vc_row][vc_row equal_height=&#8221;yes&#8221; css_animation=&#8221;fadeInUp&#8221; css=&#8221;.vc_custom_1541416848489{margin-top: 80px !important;margin-bottom: 80px !important;}&#8221;][vc_column css_animation=&#8221;none&#8221;][vc_row_inner][vc_column_inner width=&#8221;1\/6&#8243; offset=&#8221;vc_hidden-sm vc_hidden-xs&#8221;][\/vc_column_inner][vc_column_inner width=&#8221;2\/3&#8243;][vc_column_text el_class=&#8221;description-text&#8221;]<\/p>\n<p style=\"text-align: center;\">Eine Marke ist ein lebendiger Organismus \u2013 stetig im Wandel. Um sie ansprechend darstellen zu k\u00f6nnen, muss man sie verstehen und sich in sie hineinf\u00fchlen k\u00f6nnen. Die authentische Inszenierung einer Marke ist die Basis f\u00fcr eine erfolgreiche Unternehmensdarstellung. <span style=\"background-color: #ffeb90;\">Dazu finden wir stets neue Ideen <\/span>und entdecken neue M\u00f6glichkeiten, Ausstellungen, Roadshows und Messest\u00e4nde zu gestalten.<\/p>\n<p>[\/vc_column_text][\/vc_column_inner][vc_column_inner width=&#8221;1\/6&#8243;][\/vc_column_inner][\/vc_row_inner][\/vc_column][\/vc_row][vc_row content_placement=&#8221;middle&#8221; css_animation=&#8221;fadeIn&#8221; css=&#8221;.vc_custom_1745488367223{margin-top: 50px !important;}&#8221;][vc_column width=&#8221;1\/6&#8243;][\/vc_column][vc_column width=&#8221;2\/6&#8243;][vc_column_text el_class=&#8221;description-text&#8221; css=&#8221;.vc_custom_1541418361281{margin-top: 80px !important;}&#8221;]<\/p>\n<p style=\"text-align: center; display: inline; padding: 5px; background: #c1e0db; font-family: 'DidotLTPro-Roman' !important;\">Und Ihr Team repr\u00e4sentiert sie<br \/>\nmit Erfolg und Leidenschaft!<\/p>\n<p>[\/vc_column_text][\/vc_column][vc_column width=&#8221;2\/6&#8243;][vc_single_image image=&#8221;10251&#8243; img_size=&#8221;full&#8221; alignment=&#8221;center&#8221; css_animation=&#8221;fadeIn&#8221;][\/vc_column][vc_column width=&#8221;1\/6&#8243;][\/vc_column][\/vc_row][\/vc_section]<\/p>\n","protected":false},"excerpt":{"rendered":"<p>[vc_section css=&#8221;.vc_custom_1532947345321{margin-top: 70px !important;}&#8221;][vc_row bg_type=&#8221;image&#8221; parallax_style=&#8221;vcpb-default&#8221; bg_image_new=&#8221;10245|https:\/\/mr-congress.com\/de\/wp-content\/uploads\/sites\/3\/2018\/11\/Incentives_Roadshows_Header-1.jpg&#8221; bg_image_repeat=&#8221;no-repeat&#8221; bg_image_posiiton=&#8221;top center&#8221; bg_override=&#8221;ex-full&#8221;][vc_column width=&#8221;1\/3&#8243; offset=&#8221;vc_hidden-sm vc_hidden-xs&#8221;][vc_column_text][\/vc_column_text][vc_empty_space height=&#8221;410px&#8221;][\/vc_column][vc_column width=&#8221;1\/3&#8243; offset=&#8221;vc_hidden-lg vc_hidden-xs&#8221;][vc_empty_space height=&#8221;390px&#8221;][\/vc_column][vc_column width=&#8221;1\/3&#8243; offset=&#8221;vc_hidden-lg vc_hidden-md&#8221;][vc_empty_space height=&#8221;310px&#8221;][\/vc_column][\/vc_row][vc_row content_placement=&#8221;middle&#8221; bg_type=&#8221;image&#8221; parallax_style=&#8221;vcpb-default&#8221; bg_image_new=&#8221;9167|https:\/\/mr-congress.com\/de\/wp-content\/uploads\/sites\/3\/2018\/08\/ICON_events_erlebnisse_lights_V2_animated-3.svg&#8221; bg_image_repeat=&#8221;no-repeat&#8221; bg_image_size=&#8221;contain&#8221; bg_override=&#8221;ex-full&#8221;][vc_column css_animation=&#8221;fadeInUp&#8221; css=&#8221;.vc_custom_1535026171733{margin-top: 10px !important;margin-bottom: 50px !important;background-position: 0 0 !important;background-repeat: no-repeat !important;}&#8221;][vc_column_text css_animation=&#8221;fadeInUp&#8221; css=&#8221;.vc_custom_1541416571791{background-position: center !important;background-repeat: no-repeat !important;background-size: contain !important;}&#8221;]<\/p>\n<p>Incentives &amp;<br \/>\nROADSHOWS<\/p>\n<p>[\/vc_column_text][vc_column_text css_animation=&#8221;none&#8221; el_class=&#8221;description-text&#8221;]Incentives geben dem Wort Motivation oftmals eine neue Bedeutung.<br \/>\nWir tragen daf\u00fcr Sorge, dass Ihr Incentive dem Wort Motivation einen Mehrwert gibt![\/vc_column_text][\/vc_column][\/vc_row][\/vc_section][vc_row][vc_column][vc_single_image image=&#8221;10246&#8243; img_size=&#8221;full&#8221; alignment=&#8221;center&#8221; css_animation=&#8221;fadeInUp&#8221;][\/vc_column][\/vc_row][vc_row css_animation=&#8221;fadeIn&#8221; css=&#8221;.vc_custom_1534339184118{margin-top: 50px !important;}&#8221;][vc_column][vc_row_inner][vc_column_inner [&#8230;]<\/p>\n","protected":false},"author":5,"featured_media":0,"parent":0,"menu_order":0,"comment_status":"closed","ping_status":"closed","template":"event-page.php","meta":[],"_links":{"self":[{"href":"https:\/\/mr-congress.com\/de\/wp-json\/wp\/v2\/pages\/10005"}],"collection":[{"href":"https:\/\/mr-congress.com\/de\/wp-json\/wp\/v2\/pages"}],"about":[{"href":"https:\/\/mr-congress.com\/de\/wp-json\/wp\/v2\/types\/page"}],"author":[{"embeddable":true,"href":"https:\/\/mr-congress.com\/de\/wp-json\/wp\/v2\/users\/5"}],"replies":[{"embeddable":true,"href":"https:\/\/mr-congress.com\/de\/wp-json\/wp\/v2\/comments?post=10005"}],"version-history":[{"count":6,"href":"https:\/\/mr-congress.com\/de\/wp-json\/wp\/v2\/pages\/10005\/revisions"}],"predecessor-version":[{"id":23667,"href":"https:\/\/mr-congress.com\/de\/wp-json\/wp\/v2\/pages\/10005\/revisions\/23667"}],"wp:attachment":[{"href":"https:\/\/mr-congress.com\/de\/wp-json\/wp\/v2\/media?parent=10005"}],"curies":[{"name":"wp","href":"https:\/\/api.w.org\/{rel}","templated":true}]}}