{"id":10165,"date":"2018-11-09T16:51:34","date_gmt":"2018-11-09T16:51:34","guid":{"rendered":"https:\/\/mr-congress.com\/de\/?page_id=10165"},"modified":"2026-02-25T16:24:14","modified_gmt":"2026-02-25T15:24:14","slug":"kontakt","status":"publish","type":"page","link":"https:\/\/mr-congress.com\/de\/kontakt\/","title":{"rendered":"Kontakt"},"content":{"rendered":"<p>[vc_section css=&#8221;.vc_custom_1532947345321{margin-top: 70px !important;}&#8221;][vc_row bg_type=&#8221;image&#8221; parallax_style=&#8221;vcpb-default&#8221; bg_image_new=&#8221;10321|https:\/\/mr-congress.com\/de\/wp-content\/uploads\/sites\/3\/2018\/11\/Kontakt_Header.jpg&#8221; bg_image_repeat=&#8221;no-repeat&#8221; bg_image_posiiton=&#8221;top center&#8221; bg_override=&#8221;ex-full&#8221;][vc_column width=&#8221;1\/3&#8243; offset=&#8221;vc_hidden-sm vc_hidden-xs&#8221;][vc_column_text]<img decoding=\"async\" style=\"margin-top: -800px; z-index: 9999;\" src=\"https:\/\/mr-congress.com\/de\/wp-content\/uploads\/sites\/3\/2018\/06\/airplane.svg\" alt=\"airplane\" \/>[\/vc_column_text][vc_empty_space height=&#8221;410px&#8221;][\/vc_column][vc_column width=&#8221;1\/3&#8243; offset=&#8221;vc_hidden-lg vc_hidden-xs&#8221;][vc_empty_space height=&#8221;390px&#8221;][\/vc_column][vc_column width=&#8221;1\/3&#8243; offset=&#8221;vc_hidden-lg vc_hidden-md&#8221;][vc_empty_space height=&#8221;310px&#8221;][\/vc_column][\/vc_row][vc_row content_placement=&#8221;middle&#8221;][vc_column css_animation=&#8221;fadeInUp&#8221; css=&#8221;.vc_custom_1535026171733{margin-top: 10px !important;margin-bottom: 50px !important;background-position: 0 0 !important;background-repeat: no-repeat !important;}&#8221;][vc_column_text css_animation=&#8221;fadeInUp&#8221; css=&#8221;.vc_custom_1542013437443{background-position: center !important;background-repeat: no-repeat !important;background-size: contain !important;}&#8221;]<\/p>\n<h1 class=\"kontakt-lovely-heading\"><span class=\"brush-bg-img kt-bg-img\"> Kontakt <\/span><\/h1>\n<p>[\/vc_column_text][vc_column_text css_animation=&#8221;none&#8221; el_class=&#8221;description-text&#8221;]Wir freuen uns darauf, f\u00fcr Sie da zu sein und Ihre W\u00fcnsche und Erwartungen umzusetzen!<br \/>\nNehmen Sie mit uns Kontakt auf \u2013 ob telefonisch oder pers\u00f6nlich.[\/vc_column_text][\/vc_column][\/vc_row][\/vc_section][vc_row][vc_column][vc_row_inner][vc_column_inner offset=&#8221;vc_hidden-md vc_hidden-sm vc_hidden-xs&#8221;][vc_empty_space height=&#8221;50px&#8221;][\/vc_column_inner][\/vc_row_inner][vc_column_text css_animation=&#8221;fadeInUp&#8221; css=&#8221;.vc_custom_1542125873338{padding-bottom: 20px !important;background-position: center !important;background-repeat: no-repeat !important;background-size: contain !important;}&#8221;]<\/p>\n<p class=\"kontakt-editorial-headline\" style=\"text-align: center;\"><strong style=\"box-shadow: 0 0 0 10px #e0ccff; background-color: #e0ccff;\">MR CONGRESS &amp; INCENTIVE GMBH<\/strong><\/p>\n<p>[\/vc_column_text][vc_column_text css_animation=&#8221;fadeInUp&#8221; css=&#8221;.vc_custom_1542015011452{background-position: center !important;background-repeat: no-repeat !important;background-size: contain !important;}&#8221; el_class=&#8221;description-text&#8221;]<\/p>\n<p style=\"text-align: center;\">Alt-Friedrichsfelde 11 . 10315 Berlin . Germany<br \/>\n+49 30 443506-0 . info@mr-congress.com . www.mr-congress.com<\/p>\n<p>[\/vc_column_text][vc_row_inner][vc_column_inner offset=&#8221;vc_hidden-md vc_hidden-sm vc_hidden-xs&#8221;][vc_empty_space height=&#8221;50px&#8221;][\/vc_column_inner][\/vc_row_inner][\/vc_column][\/vc_row][vc_row bg_type=&#8221;image&#8221; parallax_style=&#8221;vcpb-default&#8221; bg_image_new=&#8221;10319|https:\/\/mr-congress.com\/de\/wp-content\/uploads\/sites\/3\/2018\/11\/Kontakt_Anfahrt_1900x430.jpg&#8221; bg_image_repeat=&#8221;no-repeat&#8221; bg_override=&#8221;full&#8221;][vc_column][vc_column_text css_animation=&#8221;fadeInUp&#8221; css=&#8221;.vc_custom_1542015386997{background-position: center !important;background-repeat: no-repeat !important;background-size: contain !important;}&#8221; el_class=&#8221;kontakt-lovely-heading&#8221;]<span style=\"color: #ffeb90;\">Anfahrt[\/vc_column_text][\/vc_column][\/vc_row][vc_section][vc_row css=&#8221;.vc_custom_1534340704059{margin-top: 50px !important;}&#8221;][vc_column][vc_row_inner][vc_column_inner offset=&#8221;vc_hidden-xs&#8221;][vc_empty_space el_class=&#8221;empty-space&#8221;][\/vc_column_inner][\/vc_row_inner][vc_row_inner][vc_column_inner width=&#8221;1\/12&#8243; offset=&#8221;vc_hidden-md vc_hidden-sm vc_hidden-xs&#8221;][\/vc_column_inner][vc_column_inner width=&#8221;10\/12&#8243;][vc_column_text css_animation=&#8221;fadeIn&#8221; css=&#8221;.vc_custom_1542018728597{padding-top: 20px !important;padding-bottom: 20px !important;}&#8221;]<\/span><\/p>\n<p class=\"kontakt-editorial-headline \" style=\"text-align: center;\"><span style=\"background: #e0ccff; box-shadow: 0 0 0 10px #e0ccff;\">MIT DEM AUTO<\/span><\/p>\n<p>[\/vc_column_text][vc_column_text css_animation=&#8221;fadeIn&#8221; css=&#8221;.vc_custom_1542015181901{padding-top: 20px !important;padding-bottom: 20px !important;}&#8221; el_class=&#8221;description-text&#8221;]Aus der Innenstadt kommend, fahren Sie die B1\/B5 entlang bis zur ersten Ampel hinter der Lichtenberger Br\u00fccke. An dieser Ampel rechts in die Rosenfelder Stra\u00dfe einbiegen und an der n\u00e4chsten Ampel links auf die Einbecker Stra\u00dfe abbiegen. Nach ca. 150 m, an der Einbecker Stra\u00dfe 49, biegen Sie links ab und fahren bis zum Ende der Stra\u00dfe weiter. Die MR Congress &amp; Incentive GmbH befindet sich im freistehenden Haus auf der rechten Seite. Parkpl\u00e4tze sind in ausreichender Zahl vor dem Haus vorhanden.[\/vc_column_text][\/vc_column_inner][vc_column_inner width=&#8221;1\/12&#8243; offset=&#8221;vc_hidden-md vc_hidden-sm vc_hidden-xs&#8221;][\/vc_column_inner][\/vc_row_inner][vc_row_inner][vc_column_inner width=&#8221;1\/3&#8243; offset=&#8221;vc_hidden-xs&#8221;][vc_empty_space height=&#8221;20px&#8221; el_class=&#8221;empty-space&#8221;][\/vc_column_inner][vc_column_inner width=&#8221;2\/3&#8243;][vc_column_text][\/vc_column_text][\/vc_column_inner][\/vc_row_inner][\/vc_column][\/vc_row][vc_row css=&#8221;.vc_custom_1534340704059{margin-top: 50px !important;}&#8221;][vc_column][vc_row_inner][vc_column_inner offset=&#8221;vc_hidden-xs&#8221;][vc_empty_space el_class=&#8221;empty-space&#8221;][\/vc_column_inner][\/vc_row_inner][vc_row_inner][vc_column_inner width=&#8221;1\/12&#8243; offset=&#8221;vc_hidden-md vc_hidden-sm vc_hidden-xs&#8221;][\/vc_column_inner][vc_column_inner width=&#8221;10\/12&#8243; offset=&#8221;vc_col-xs-12&#8243;][vc_column_text css_animation=&#8221;fadeIn&#8221; css=&#8221;.vc_custom_1542018738596{padding-top: 20px !important;padding-bottom: 20px !important;}&#8221;]<\/p>\n<p class=\"kontakt-editorial-headline \" style=\"text-align: center;\"><span style=\"background: #e0ccff; box-shadow: 0 0 0 10px #e0ccff;\">MIT DEN \u00d6FFENTLICHEN VERKEHRSMITTELN<\/span><\/p>\n<p>[\/vc_column_text][vc_column_text css_animation=&#8221;fadeIn&#8221; css=&#8221;.vc_custom_1547568457062{padding-top: 20px !important;padding-bottom: 20px !important;}&#8221; el_class=&#8221;description-text&#8221;]Aus Richtung Alexanderplatz kommend, nehmen Sie die U5 (Richtung H\u00f6now) oder S5, S7, S75 (Richtung Strausberg, Ahrensfelde, Wartenberg) bis S+U Bahnhof Lichtenberg. Den S+U Bahnhof Richtung Weitlingstra\u00dfe\/Einbecker Stra\u00dfe verlassen und die Einbecker Stra\u00dfe geradeaus entlang gehen. Die Ampelkreuzung Einbecker Stra\u00dfe\/Rosenfelder Stra\u00dfe \u00fcberqueren. Nach ca. 150 m, an der Einbecker Stra\u00dfe 49, biegen Sie links ab und gehen bis zum Ende der Stra\u00dfe weiter. Die MR Congress &amp; Incentive GmbH befindet sich im freistehenden Haus auf der rechten Seite.[\/vc_column_text][\/vc_column_inner][vc_column_inner width=&#8221;1\/12&#8243; offset=&#8221;vc_hidden-md vc_hidden-sm vc_hidden-xs&#8221;][\/vc_column_inner][\/vc_row_inner][vc_row_inner][vc_column_inner width=&#8221;1\/3&#8243; offset=&#8221;vc_hidden-xs&#8221;][vc_empty_space el_class=&#8221;empty-space&#8221;][\/vc_column_inner][vc_column_inner width=&#8221;2\/3&#8243;][vc_column_text][\/vc_column_text][\/vc_column_inner][\/vc_row_inner][\/vc_column][\/vc_row][\/vc_section][vc_row][vc_column][vc_single_image image=&#8221;10550&#8243; img_size=&#8221;full&#8221; alignment=&#8221;center&#8221; css_animation=&#8221;bottom-to-top&#8221;][\/vc_column][\/vc_row][vc_section][vc_row css_animation=&#8221;fadeIn&#8221; css=&#8221;.vc_custom_1534339184118{margin-top: 50px !important;}&#8221;][vc_column][vc_row_inner][vc_column_inner offset=&#8221;vc_hidden-sm vc_hidden-xs&#8221;][vc_empty_space height=&#8221;42px&#8221;][\/vc_column_inner][\/vc_row_inner][vc_column_text]<\/p>\n<p class=\"kontakt-editorial-headline\" style=\"text-align: center;\"><span style=\"background: #e0ccff; box-shadow: 0 0 0 10px #e0ccff;\">Partners<\/span><\/p>\n<p>[\/vc_column_text][vc_raw_html css=&#8221;.vc_custom_1768476939393{margin-top: 60px !important;margin-bottom: 60px !important;}&#8221;]JTNDZGl2JTIwc3R5bGUlM0QlMjJkaXNwbGF5JTNBJTIwZmxleCUzQiUyMGZsZXgtd3JhcCUzQSUyMHdyYXAlM0IlMjBqdXN0aWZ5LWNvbnRlbnQlM0ElMjBjZW50ZXIlM0IlMjBhbGlnbi1pdGVtcyUzQSUyMGNlbnRlciUzQiUyMGdhcCUzQSUyMDUwcHglM0IlMjIlM0UlMEElMjAlMjAlMjAlMjAlM0NpbWclMjBzcmMlM0QlMjJodHRwcyUzQSUyRiUyRm1yLWNvbmdyZXNzLmNvbSUyRmRlJTJGd3AtY29udGVudCUyRnVwbG9hZHMlMkZzaXRlcyUyRjMlMkYyMDIyJTJGMDglMkZMb2dvX0JFTl9tZW1iZXItb2Zfcm90X2VuLnBuZyUyMiUyMHN0eWxlJTNEJTIybWF4LWhlaWdodCUzQSUyMDU1cHglM0IlMjBmaWx0ZXIlM0ElMjBjb250cmFzdCUyODEwMCUyNSUyOSUyMiUyMCUyRiUzRSUwQSUyMCUyMCUyMCUyMCUzQ2ltZyUyMHNyYyUzRCUyMmh0dHBzJTNBJTJGJTJGbXItY29uZ3Jlc3MuY29tJTJGZW4lMkZ3cC1jb250ZW50JTJGdXBsb2FkcyUyRnNpdGVzJTJGMiUyRjIwMjIlMkYxMiUyRlZJU0lUX0JFUkxJTl9Mb2dvLmpwZyUyMiUyMHN0eWxlJTNEJTIybWF4LWhlaWdodCUzQSUyMDYwcHglM0IlMjBmaWx0ZXIlM0ElMjBjb250cmFzdCUyODEwMCUyNSUyOSUyMiUyMCUyRiUzRSUwQSUyMCUyMCUyMCUyMCUzQ2ltZyUyMHNyYyUzRCUyMmh0dHBzJTNBJTJGJTJGbXItY29uZ3Jlc3MuY29tJTJGZGUlMkZ3cC1jb250ZW50JTJGdXBsb2FkcyUyRnNpdGVzJTJGMyUyRjIwMjIlMkYxMiUyRmZ3ZF9MYW5kZXN2ZXJ0cmV0dW5nX0xvZ29fQmVybGluLTIucG5nJTIyJTIwc3R5bGUlM0QlMjJtYXgtaGVpZ2h0JTNBJTIwNzBweCUzQiUyMGZpbHRlciUzQSUyMGNvbnRyYXN0JTI4MTAwJTI1JTI5JTIyJTIwJTJGJTNFJTBBJTIwJTIwJTIwJTIwJTNDaW1nJTIwc3JjJTNEJTIyaHR0cHMlM0ElMkYlMkZtci1jb25ncmVzcy5jb20lMkZkZSUyRndwLWNvbnRlbnQlMkZ1cGxvYWRzJTJGc2l0ZXMlMkYzJTJGMjAyNCUyRjA5JTJGU3VzdGFpbmFibGUtUE5HLnBuZyUyMiUyMHN0eWxlJTNEJTIybWF4LWhlaWdodCUzQSUyMDYwcHglM0IlMjBmaWx0ZXIlM0ElMjBjb250cmFzdCUyODEwMCUyNSUyOSUyMiUyMCUyRiUzRSUwQSUyMCUyMCUyMCUyMCUzQ2ltZyUyMHNyYyUzRCUyMmh0dHBzJTNBJTJGJTJGbXItY29uZ3Jlc3MuY29tJTJGZGUlMkZ3cC1jb250ZW50JTJGdXBsb2FkcyUyRnNpdGVzJTJGMyUyRjIwMjElMkYxMSUyRkdQRV9Mb2dvX0dLX09la29zdHJvbS5wbmclMjIlMjBzdHlsZSUzRCUyMm1heC1oZWlnaHQlM0ElMjA3MHB4JTNCJTIwZmlsdGVyJTNBJTIwY29udHJhc3QlMjgxMDAlMjUlMjklMjIlMjAlMkYlM0UlMEElMjAlMjAlMjAlMjAlM0NpbWclMjBzcmMlM0QlMjJodHRwcyUzQSUyRiUyRm1yLWNvbmdyZXNzLmNvbSUyRmVuJTJGd3AtY29udGVudCUyRnVwbG9hZHMlMkZzaXRlcyUyRjIlMkYyMDI1JTJGMDYlMkZmYWlycGZsaWNodGV0LUxvZ28uanBnJTIyJTIwc3R5bGUlM0QlMjJtYXgtaGVpZ2h0JTNBJTIwNDBweCUzQiUyMGZpbHRlciUzQSUyMGNvbnRyYXN0JTI4MTAwJTI1JTI5JTIyJTIwJTJGJTNFJTBBJTIwJTIwJTIwJTIwJTNDaW1nJTIwc3JjJTNEJTIyaHR0cHMlM0ElMkYlMkZtci1jb25ncmVzcy5jb20lMkZkZSUyRndwLWNvbnRlbnQlMkZ1cGxvYWRzJTJGc2l0ZXMlMkYzJTJGMjAyMyUyRjEwJTJGVHJpdW1waC1Hcm91cC1JbnRlcm5hdGlvbmFsLnBuZyUyMiUyMHN0eWxlJTNEJTIybWF4LWhlaWdodCUzQSUyMDQwcHglM0JmaWx0ZXIlM0ElMjBjb250cmFzdCUyODEwMCUyNSUyOSUyMiUyRiUzRSUzQyUyRmRpdiUzRSUwQSUyMCUyMCUyMCUyMCUzQ2klMEE=[\/vc_raw_html][vc_row_inner][vc_column_inner offset=&#8221;vc_hidden-sm vc_hidden-xs&#8221;][vc_empty_space][\/vc_column_inner][\/vc_row_inner][\/vc_column][\/vc_row][vc_row css_animation=&#8221;fadeIn&#8221; css=&#8221;.vc_custom_1534339184118{margin-top: 50px !important;}&#8221;][vc_column][vc_row_inner][vc_column_inner offset=&#8221;vc_hidden-sm vc_hidden-xs&#8221;][vc_empty_space height=&#8221;42px&#8221;]<div class=\"ubtn-ctn-center\"><a class=\"ubtn-link ubtn-center ubtn-normal \" href = \"https:\/\/mr-congress.com\/de\/impressum\/\" target='' ><button type=\"button\" class=\"ubtn ubtn-normal ubtn-no-hover-bg  none  ubtn-center   tooltip-69ef616dd3105\"  data-hover=\"#ed557f\" data-border-color=\"#e0ccff\" data-bg=\"rgba(255,255,255,0.01)\" data-hover-bg=\"\" data-border-hover=\"\" data-shadow-hover=\"\" data-shadow-click=\"none\" data-shadow=\"\" data-shd-shadow=\"\" style=\"font-family:'';font-style:italic;font-weight:normal;font-size:40px;border-radius:0px;border-width:4px;border-color:#e0ccff;border-style:solid;background: rgba(255,255,255,0.01);color: #000000;\"><span class=\"ubtn-hover\"><\/span><span class=\"ubtn-data ubtn-text\">Impressum<\/span><\/button><\/a><\/div><div class=\"ubtn-ctn-center\"><a class=\"ubtn-link ubtn-center ubtn-normal \" href = \"https:\/\/mr-congress.com\/de\/agb\/\" target='' ><button type=\"button\" class=\"ubtn ubtn-normal ubtn-no-hover-bg  none  ubtn-center   tooltip-69ef616dd317e\"  data-hover=\"#ed557f\" data-border-color=\"#e0ccff\" data-bg=\"rgba(255,255,255,0.01)\" data-hover-bg=\"\" data-border-hover=\"\" data-shadow-hover=\"\" data-shadow-click=\"none\" data-shadow=\"\" data-shd-shadow=\"\" style=\"font-family:'';font-weight:normal;font-size:40px;border-radius:0px;border-width:4px;border-color:#e0ccff;border-style:solid;background: rgba(255,255,255,0.01);color: #000000;\"><span class=\"ubtn-hover\"><\/span><span class=\"ubtn-data ubtn-text\">AGB<\/span><\/button><\/a><\/div>[\/vc_column_inner][\/vc_row_inner][vc_row_inner][vc_column_inner offset=&#8221;vc_hidden-sm vc_hidden-xs&#8221;][vc_empty_space height=&#8221;72px&#8221;][\/vc_column_inner][\/vc_row_inner][\/vc_column][\/vc_row][\/vc_section][vc_row bg_type=&#8221;image&#8221; parallax_style=&#8221;vcpb-default&#8221; bg_image_new=&#8221;10316|https:\/\/mr-congress.com\/de\/wp-content\/uploads\/sites\/3\/2018\/11\/Kontakt_Claim_1900x430.jpg&#8221; bg_override=&#8221;ex-full&#8221;][vc_column][vc_column_text css_animation=&#8221;fadeInUp&#8221; css=&#8221;.vc_custom_1542015134619{background-position: center !important;background-repeat: no-repeat !important;background-size: contain !important;}&#8221; el_class=&#8221;secondary-lovely-headline&#8221;]<span style=\"color: #fff;\">Inspired by Berlin<\/span>[\/vc_column_text][vc_column_text css_animation=&#8221;fadeInUp&#8221; css=&#8221;.vc_custom_1542015154124{background-position: center !important;background-repeat: no-repeat !important;background-size: contain !important;}&#8221; el_class=&#8221;editorial-headline&#8221;]<span style=\"color: #fff;\">CONNECTED WORLDWIDE<\/span>[\/vc_column_text][\/vc_column][\/vc_row]<\/p>\n","protected":false},"excerpt":{"rendered":"<p>[vc_section css=&#8221;.vc_custom_1532947345321{margin-top: 70px !important;}&#8221;][vc_row bg_type=&#8221;image&#8221; parallax_style=&#8221;vcpb-default&#8221; bg_image_new=&#8221;10321|https:\/\/mr-congress.com\/de\/wp-content\/uploads\/sites\/3\/2018\/11\/Kontakt_Header.jpg&#8221; bg_image_repeat=&#8221;no-repeat&#8221; bg_image_posiiton=&#8221;top center&#8221; bg_override=&#8221;ex-full&#8221;][vc_column width=&#8221;1\/3&#8243; offset=&#8221;vc_hidden-sm vc_hidden-xs&#8221;][vc_column_text][\/vc_column_text][vc_empty_space height=&#8221;410px&#8221;][\/vc_column][vc_column width=&#8221;1\/3&#8243; offset=&#8221;vc_hidden-lg vc_hidden-xs&#8221;][vc_empty_space height=&#8221;390px&#8221;][\/vc_column][vc_column width=&#8221;1\/3&#8243; offset=&#8221;vc_hidden-lg vc_hidden-md&#8221;][vc_empty_space height=&#8221;310px&#8221;][\/vc_column][\/vc_row][vc_row content_placement=&#8221;middle&#8221;][vc_column css_animation=&#8221;fadeInUp&#8221; css=&#8221;.vc_custom_1535026171733{margin-top: 10px !important;margin-bottom: 50px !important;background-position: 0 0 !important;background-repeat: no-repeat !important;}&#8221;][vc_column_text css_animation=&#8221;fadeInUp&#8221; css=&#8221;.vc_custom_1542013437443{background-position: center !important;background-repeat: no-repeat !important;background-size: contain !important;}&#8221;]<\/p>\n<p> Kontakt <\/p>\n<p>[\/vc_column_text][vc_column_text css_animation=&#8221;none&#8221; el_class=&#8221;description-text&#8221;]Wir freuen uns darauf, f\u00fcr Sie da zu sein und Ihre W\u00fcnsche und Erwartungen umzusetzen!<br \/>\nNehmen Sie mit uns Kontakt auf \u2013 ob telefonisch oder pers\u00f6nlich.[\/vc_column_text][\/vc_column][\/vc_row][\/vc_section][vc_row][vc_column][vc_row_inner][vc_column_inner offset=&#8221;vc_hidden-md vc_hidden-sm vc_hidden-xs&#8221;][vc_empty_space height=&#8221;50px&#8221;][\/vc_column_inner][\/vc_row_inner][vc_column_text css_animation=&#8221;fadeInUp&#8221; css=&#8221;.vc_custom_1542125873338{padding-bottom: 20px !important;background-position: center [&#8230;]<\/p>\n","protected":false},"author":5,"featured_media":0,"parent":0,"menu_order":0,"comment_status":"closed","ping_status":"closed","template":"event-page.php","meta":[],"_links":{"self":[{"href":"https:\/\/mr-congress.com\/de\/wp-json\/wp\/v2\/pages\/10165"}],"collection":[{"href":"https:\/\/mr-congress.com\/de\/wp-json\/wp\/v2\/pages"}],"about":[{"href":"https:\/\/mr-congress.com\/de\/wp-json\/wp\/v2\/types\/page"}],"author":[{"embeddable":true,"href":"https:\/\/mr-congress.com\/de\/wp-json\/wp\/v2\/users\/5"}],"replies":[{"embeddable":true,"href":"https:\/\/mr-congress.com\/de\/wp-json\/wp\/v2\/comments?post=10165"}],"version-history":[{"count":13,"href":"https:\/\/mr-congress.com\/de\/wp-json\/wp\/v2\/pages\/10165\/revisions"}],"predecessor-version":[{"id":24443,"href":"https:\/\/mr-congress.com\/de\/wp-json\/wp\/v2\/pages\/10165\/revisions\/24443"}],"wp:attachment":[{"href":"https:\/\/mr-congress.com\/de\/wp-json\/wp\/v2\/media?parent=10165"}],"curies":[{"name":"wp","href":"https:\/\/api.w.org\/{rel}","templated":true}]}}