{"id":12955,"date":"2019-11-13T15:21:05","date_gmt":"2019-11-13T14:21:05","guid":{"rendered":"https:\/\/mr-congress.com\/de\/?page_id=12955"},"modified":"2026-01-29T16:50:42","modified_gmt":"2026-01-29T15:50:42","slug":"nachhaltigkeit-bienen-retten","status":"publish","type":"page","link":"https:\/\/mr-congress.com\/de\/nachhaltigkeit-bienen-retten\/","title":{"rendered":"Gemeinsam Bienen Retten"},"content":{"rendered":"<p>[vc_section css=&#8221;.vc_custom_1532947345321{margin-top: 70px !important;}&#8221;][vc_row bg_type=&#8221;image&#8221; parallax_style=&#8221;vcpb-default&#8221; bg_image_new=&#8221;12966|https:\/\/mr-congress.com\/de\/wp-content\/uploads\/sites\/3\/2020\/04\/bees-1900.jpg&#8221; bg_image_repeat=&#8221;no-repeat&#8221; bg_override=&#8221;ex-full&#8221;][vc_column width=&#8221;1\/4&#8243; offset=&#8221;vc_hidden-md vc_hidden-sm vc_hidden-xs&#8221;][vc_empty_space height=&#8221;410px&#8221;][\/vc_column][vc_column width=&#8221;1\/4&#8243; offset=&#8221;vc_hidden-xs&#8221;][vc_empty_space height=&#8221;392px&#8221;][\/vc_column][vc_column width=&#8221;1\/4&#8243;][vc_empty_space height=&#8221;&#8221;][\/vc_column][vc_column width=&#8221;1\/4&#8243;][vc_empty_space height=&#8221;192px&#8221;][vc_column_text][\/vc_column_text][\/vc_column][\/vc_row][\/vc_section][vc_section css=&#8221;.vc_custom_1587982709049{background-image: url(https:\/\/mr-congress.com\/de\/wp-content\/uploads\/sites\/3\/2020\/04\/blau_kohle_mini.jpg?id=13035) !important;background-position: 0 0 !important;background-repeat: no-repeat !important;}&#8221;][vc_row content_placement=&#8221;middle&#8221; bg_type=&#8221;image&#8221; parallax_style=&#8221;vcpb-default&#8221; bg_image_repeat=&#8221;no-repeat&#8221; bg_image_size=&#8221;contain&#8221; bg_override=&#8221;ex-full&#8221;][vc_column css_animation=&#8221;fadeInUp&#8221; css=&#8221;.vc_custom_1553589290951{margin-bottom: 20px !important;background-position: 0 0 !important;background-repeat: no-repeat !important;}&#8221;][vc_row_inner][vc_column_inner][vc_column_text css_animation=&#8221;fadeInUp&#8221; css=&#8221;.vc_custom_1587976068591{background-position: center !important;background-repeat: no-repeat !important;background-size: contain !important;}&#8221;]<\/p>\n<h1 class=\"lovely-heading\"><span class=\"brush-bg-img bm-bg-img\">Gemeinsam Bienen <\/span><\/h1>\n<h1 class=\"sub-heading\">RETTEN<\/h1>\n<p>[\/vc_column_text][vc_column_text css_animation=&#8221;none&#8221; el_class=&#8221;description-text p-width-60&#8243;]Umweltschutz bezeichnet die Gesamtheit aller Ma\u00dfnahmen, um die Gesundheit des Menschen zu erhalten. Er hat mehrere Funktionen und beinhaltet verschiedene Prinzipien. Er beugt Beeintr\u00e4chtigungen der Umwelt vor, dr\u00e4ngt sie zur\u00fcck und stellt Naturressourcen wieder her, soweit das m\u00f6glich ist. Gemeinsam mit unseren Kunden m\u00f6chten wir gern unseren Teil dazu beitragen![\/vc_column_text][\/vc_column_inner][\/vc_row_inner][\/vc_column][\/vc_row][vc_row equal_height=&#8221;yes&#8221; css=&#8221;.vc_custom_1587981160690{margin-top: 50px !important;background-image: url(https:\/\/mr-congress.com\/en\/wp-content\/uploads\/sites\/2\/2019\/08\/texture_square.png?id=7063) !important;}&#8221;][vc_column el_class=&#8221;bg-clr&#8221;][vc_row_inner][vc_column_inner width=&#8221;1\/2&#8243; offset=&#8221;vc_hidden-sm vc_hidden-xs&#8221;][vc_empty_space height=&#8221;100px&#8221;][\/vc_column_inner][vc_column_inner width=&#8221;1\/2&#8243;][vc_empty_space height=&#8221;12px&#8221;][\/vc_column_inner][\/vc_row_inner][vc_row_inner][vc_column_inner][vc_column_text css_animation=&#8221;bottom-to-top&#8221; css=&#8221;.vc_custom_1637667745079{margin-top: 25px !important;margin-bottom: 25px !important;background-image: url(https:\/\/mr-congress.com\/en\/wp-content\/uploads\/sites\/2\/2019\/03\/Brushtroke_transparent.png?id=6565) !important;background-position: center !important;background-repeat: no-repeat !important;background-size: contain !important;}&#8221;]<\/p>\n<h2 class=\"secondary-lovely-headline\" style=\"line-height: 1em; color: #454545; max-width: 86%; text-align: center; margin: 0 auto;\">Wir wollen Bienenv\u00f6lker erhalten und Wildbienen sch\u00fctzen<\/h2>\n<p>[\/vc_column_text][\/vc_column_inner][\/vc_row_inner][vc_row_inner][vc_column_inner width=&#8221;1\/2&#8243; offset=&#8221;vc_hidden-sm vc_hidden-xs&#8221;][vc_empty_space height=&#8221;100px&#8221;][\/vc_column_inner][vc_column_inner width=&#8221;1\/2&#8243;][vc_empty_space height=&#8221;12px&#8221;][\/vc_column_inner][\/vc_row_inner][\/vc_column][\/vc_row][vc_row equal_height=&#8221;yes&#8221;][vc_column width=&#8221;1\/2&#8243;][vc_row_inner][vc_column_inner width=&#8221;1\/2&#8243; offset=&#8221;vc_hidden-sm vc_hidden-xs&#8221;][vc_empty_space height=&#8221;9vmax&#8221;][\/vc_column_inner][vc_column_inner width=&#8221;1\/2&#8243; offset=&#8221;vc_hidden-lg vc_hidden-md vc_hidden-sm vc_hidden-xs&#8221;][vc_column_text el_class=&#8221;vc_align_center description-text&#8221;]<\/p>\n<p style=\"display: inline; font-family: DidotLTPro-Roman !important;\"><span style=\"background: #e892a1; line-height: 2em; font-size: 1.42em; box-shadow: 0 0 0 5px #e892a1; color: white;\">Berlin Wall Tour:<\/span><\/p>\n<p>[\/vc_column_text][\/vc_column_inner][\/vc_row_inner][vc_column_text css_animation=&#8221;fadeIn&#8221; el_class=&#8221;p-width-h description-text&#8221;]Bienen sind nicht nur wichtig, weil Menschen gern Bienenhonig essen, sondern weil Bienen beim Sammeln den Bl\u00fctenstaub von einer Bl\u00fcte zur anderen tragen und damit Bl\u00fcten best\u00e4uben, so dass diese sich fortpflanzen k\u00f6nnen. 80 % der heimischen Kultur- und Wildpflanzen und damit rund ein Drittel von unserem Obst und Gem\u00fcse sind von der Best\u00e4ubung durch Bienen abh\u00e4ngig.[\/vc_column_text][vc_row_inner disable_element=&#8221;yes&#8221;][vc_column_inner width=&#8221;1\/2&#8243;][vc_empty_space height=&#8221;6vmax&#8221;][\/vc_column_inner][vc_column_inner width=&#8221;1\/2&#8243; offset=&#8221;vc_hidden-sm vc_hidden-xs&#8221;][vc_empty_space height=&#8221;10vmax&#8221;][\/vc_column_inner][\/vc_row_inner][\/vc_column][vc_column width=&#8221;1\/2&#8243;][vc_single_image image=&#8221;13032&#8243; img_size=&#8221;full&#8221; alignment=&#8221;center&#8221; css_animation=&#8221;fadeIn&#8221; el_class=&#8221;img-zoom yellow- bar&#8221;][\/vc_column][\/vc_row][\/vc_section][vc_section][vc_row equal_height=&#8221;yes&#8221; el_class=&#8221;reverse-row&#8221;][vc_column width=&#8221;1\/2&#8243;][vc_empty_space][vc_single_image image=&#8221;22082&#8243; img_size=&#8221;full&#8221; alignment=&#8221;center&#8221; css_animation=&#8221;fadeIn&#8221; el_class=&#8221;img-zoom blue-squar e&#8221;][\/vc_column][vc_column width=&#8221;1\/2&#8243;][vc_empty_space height=&#8221;120px&#8221;][vc_column_text css_animation=&#8221;fadeIn&#8221; el_class=&#8221;p-width-h description-text&#8221;]Allerdings sind Bienen heute in der Stadt und auf dem Land durch etliche Gifte bedroht. Die Zahl der Wild- und Zuchtbienen geht schon seit Jahren zur\u00fcck. Mit unserer Initiative wollen wir helfen, Wildbienen zu sch\u00fctzen. Unter den Insekten gelten Wildbienen als die wichtigsten Pflanzenbest\u00e4uber. Rund zwei Drittel der gesamten Best\u00e4ubungsleistung gehen allein auf ihr Konto. Eine leicht umsetzbare und obendrein leckere Form des Bienenschutzes ist der Konsum von regionalem Honig.[\/vc_column_text][vc_row_inner][vc_column_inner width=&#8221;1\/2&#8243;][vc_empty_space height=&#8221;6vmax&#8221;][\/vc_column_inner][vc_column_inner width=&#8221;1\/2&#8243; offset=&#8221;vc_hidden-sm vc_hidden-xs&#8221;][vc_empty_space height=&#8221;10vmax&#8221;][\/vc_column_inner][\/vc_row_inner][\/vc_column][\/vc_row][\/vc_section][vc_row bg_type=&#8221;image&#8221; parallax_style=&#8221;vcpb-default&#8221; bg_image_repeat=&#8221;no-repeat&#8221; bg_image_size=&#8221;initial&#8221; bg_image_posiiton=&#8221;89% 5%&#8221; css=&#8221;.vc_custom_1550659687213{margin-bottom: 60px !important;}&#8221;][vc_column][vc_column_text css_animation=&#8221;bottom-to-top&#8221; el_class=&#8221;vc_align_center description-text yellow-bar&#8221;]<\/p>\n<p style=\"display: inline; font-family: 'JustLovelySlantedWide' !important;\"><span style=\"font-size: 5em; line-height: 1em; position: relative;\">Und so funktioniert\u2019s<\/span><\/p>\n<p>[\/vc_column_text][vc_column_text css_animation=&#8221;bottom-to-top&#8221; css=&#8221;.vc_custom_1637663456940{margin-top: 40px !important;}&#8221; el_class=&#8221;description-text&#8221;]<\/p>\n<p class=\"p-width-60\">F\u00fcr jede feste Buchung, die unsere Agentur erh\u00e4lt, spenden wir <b style=\"background: #ffea8f; box-shadow: 0 0 0 4px #ffea8f;\">50\u20ac<\/b> an die Bienenmanufaktur BEEHONEY. Als Dank an die buchenden Kunden f\u00fcr den Einsatz gibt es ein Gl\u00e4schen Honig und ein Zertifikat, dass die Spende angekommen ist.<\/p>\n<p>[\/vc_column_text][vc_row_inner disable_element=&#8221;yes&#8221;][vc_column_inner]<div class=\"ubtn-ctn-center\"><a class=\"ubtn-link ubtn-center ubtn-normal touch-btn\" href = \"https:\/\/wl.hrs.de\/?code=ec3c6129-781b-4917-bd69-077be0d726dd&lang=de&dealsurl=1028_1026_1029_1030&offerscount=1_1_1_1&random=1_1_1_1&customerId=1077040118\" target=' _blank' ><button type=\"button\" class=\"ubtn ubtn-normal ubtn-no-hover-bg  none  ubtn-center   tooltip-69e356c455b3c\"  data-hover=\"#c95038\" data-border-color=\"#4c4b4b\" data-bg=\"rgba(255,255,255,0.01)\" data-hover-bg=\"rgba(197,230,249,0.29)\" data-border-hover=\"rgba(197,230,249,0.29)\" data-shadow-hover=\"\" data-shadow-click=\"none\" data-shadow=\"\" data-shd-shadow=\"\" style=\"font-weight:normal;border-radius:0px;border-width:3px;border-color:#4c4b4b;border-style:solid;background: rgba(255,255,255,0.01);color: #c95038;\"><span class=\"ubtn-hover\"><\/span><span class=\"ubtn-data ubtn-text\">jetzt reservieren<\/span><\/button><\/a><\/div>[\/vc_column_inner][\/vc_row_inner][vc_row_inner][vc_column_inner width=&#8221;1\/2&#8243; offset=&#8221;vc_hidden-sm vc_hidden-xs&#8221;][vc_empty_space height=&#8221;40px&#8221;][\/vc_column_inner][vc_column_inner width=&#8221;1\/2&#8243;][vc_empty_space height=&#8221;12px&#8221;][\/vc_column_inner][\/vc_row_inner][\/vc_column][\/vc_row][vc_row equal_height=&#8221;yes&#8221; css=&#8221;.vc_custom_1587984436895{margin-top: 50px !important;margin-bottom: 60px !important;}&#8221;][vc_column el_class=&#8221;bg-clr&#8221;][vc_single_image image=&#8221;13037&#8243; img_size=&#8221;full&#8221; alignment=&#8221;center&#8221;][\/vc_column][\/vc_row][vc_section disable_element=&#8221;yes&#8221; el_class=&#8221;tour-section&#8221; el_id=&#8221;tours&#8221;][vc_row equal_height=&#8221;yes&#8221; bg_type=&#8221;image&#8221; parallax_style=&#8221;vcpb-default&#8221; bg_image_new=&#8221;12963|https:\/\/mr-congress.com\/de\/wp-content\/uploads\/sites\/3\/2020\/04\/bees-1800.jpg&#8221; bg_image_repeat=&#8221;no-repeat&#8221; bg_image_size=&#8221;initial&#8221; bg_override=&#8221;ex-full&#8221; css=&#8221;.vc_custom_1587976163821{margin-bottom: 60px !important;}&#8221; el_id=&#8221;hotels&#8221;][vc_column el_class=&#8221;bg-clr&#8221;][vc_row_inner][vc_column_inner width=&#8221;1\/2&#8243; offset=&#8221;vc_hidden-sm vc_hidden-xs&#8221;][vc_empty_space height=&#8221;100px&#8221;][\/vc_column_inner][vc_column_inner width=&#8221;1\/2&#8243;][vc_empty_space height=&#8221;12px&#8221;][\/vc_column_inner][\/vc_row_inner][vc_row_inner][vc_column_inner][vc_column_text css_animation=&#8221;bottom-to-top&#8221; css=&#8221;.vc_custom_1587377780455{margin-top: 25px !important;margin-bottom: 25px !important;background-position: center !important;background-repeat: no-repeat !important;background-size: contain !important;}&#8221;]<\/p>\n<h2 class=\"sub-heading\" style=\"text-align: center; color: #fff;\"><span class=\"brush-bg-img red-bg-img\"> Honey <\/span><\/h2>\n<p>[\/vc_column_text][\/vc_column_inner][\/vc_row_inner][vc_row_inner][vc_column_inner width=&#8221;1\/2&#8243; offset=&#8221;vc_hidden-sm vc_hidden-xs&#8221;][vc_empty_space height=&#8221;100px&#8221;][\/vc_column_inner][vc_column_inner width=&#8221;1\/2&#8243;][vc_empty_space height=&#8221;12px&#8221;][\/vc_column_inner][\/vc_row_inner][\/vc_column][\/vc_row][vc_row rtl_reverse=&#8221;yes&#8221;][vc_column width=&#8221;1\/2&#8243;][\/vc_column][vc_column width=&#8221;1\/2&#8243;][vc_row_inner][vc_column_inner width=&#8221;1\/2&#8243; offset=&#8221;vc_hidden-sm vc_hidden-xs&#8221;][vc_empty_space height=&#8221;6vmax&#8221;][\/vc_column_inner][vc_column_inner width=&#8221;1\/2&#8243; offset=&#8221;vc_hidden-sm vc_hidden-xs&#8221;][\/vc_column_inner][\/vc_row_inner][vc_column_text el_class=&#8221;vc_align_center description-text&#8221;]<\/p>\n<p style=\"display: inline; font-family: DidotLTPro-Roman !important;\"><span style=\"background: #5f899d; line-height: 2em; font-size: 1.42em; box-shadow: 0 0 0 5px #5f899d; color: white;\">Tour Best of Berlin &amp;<br \/>\nTour Berlin Wall:<\/span><\/p>\n<p>[\/vc_column_text][vc_column_text el_class=&#8221;vc_align_center description-text&#8221;]<\/p>\n<p style=\"text-align: justify; font-family: DidotLTPro-Roman !important;\">Berlin hat immer Saison, denn die Stadt entwickelt sich rasant. Erleben Sie die Ver\u00e4nderungen der Hauptstadt hautnah auf zwei thematisch unterschiedlichen Touren, den beliebtesten Bus Touren Berlins \u2013 Tour Best of Berlin und Tour Berlin Wall. Hier k\u00f6nnen Sie das Kombi-Ticket erwerben.<\/p>\n<p>[\/vc_column_text][vc_column_text el_class=&#8221;vc_align_center description-text&#8221; css=&#8221;.vc_custom_1573661570558{margin-top: 10px !important;}&#8221;]<\/p>\n<p style=\"text-align: left; font-family: DidotLTPro-Roman !important;\">Einzelheiten zu Inhalt, Dauer, Startzeiten und Abfahrtsorten sind oben in den Beschreibungen f\u00fcr die Touren BEST OF BERLIN &amp; BERLIN WALL zu finden.<\/p>\n<p>[\/vc_column_text]<div class=\"ubtn-ctn-center\"><a class=\"ubtn-link ubtn-center ubtn-normal touch-btn\" href = \"https:\/\/office.palisis.com\/pit\/webshop\/widgetconfig?key=z7u9xtne7yf4ql88pbz2pr7k1ym1518527731536\" target=' _blank' ><button type=\"button\" class=\"ubtn ubtn-normal ubtn-no-hover-bg  none  ubtn-center   tooltip-69e356c455bc7\"  data-hover=\"#c95038\" data-border-color=\"#666060\" data-bg=\"rgba(255,255,255,0.01)\" data-hover-bg=\"rgba(197,230,249,0.29)\" data-border-hover=\"rgba(197,230,249,0.29)\" data-shadow-hover=\"\" data-shadow-click=\"none\" data-shadow=\"\" data-shd-shadow=\"\" style=\"font-weight:normal;border-radius:0px;border-width:3px;border-color:#666060;border-style:solid;background: rgba(255,255,255,0.01);color: #c95038;\"><span class=\"ubtn-hover\"><\/span><span class=\"ubtn-data ubtn-text\">jetzt buchen<\/span><\/button><\/a><\/div>[vc_row_inner][vc_column_inner width=&#8221;1\/2&#8243;][vc_empty_space height=&#8221;6vmax&#8221;][\/vc_column_inner][vc_column_inner width=&#8221;1\/2&#8243; offset=&#8221;vc_hidden-sm vc_hidden-xs&#8221;][vc_empty_space height=&#8221;10vmax&#8221;][\/vc_column_inner][\/vc_row_inner][\/vc_column][\/vc_row][vc_row el_class=&#8221;reverse-row&#8221;][vc_column width=&#8221;1\/2&#8243;][vc_row_inner][vc_column_inner width=&#8221;1\/2&#8243; offset=&#8221;vc_hidden-sm vc_hidden-xs&#8221;][vc_empty_space height=&#8221;6vmax&#8221;][\/vc_column_inner][vc_column_inner width=&#8221;1\/2&#8243; offset=&#8221;vc_hidden-sm vc_hidden-xs&#8221;][\/vc_column_inner][\/vc_row_inner][vc_column_text el_class=&#8221;vc_align_center description-text&#8221;]<\/p>\n<p style=\"display: inline; font-family: DidotLTPro-Roman !important;\"><span style=\"background: #83779b; line-height: 2em; font-size: 1.42em; box-shadow: 0 0 0 5px #83779b; color: white;\">Potsdam mit Sanssouci Palace:<\/span><\/p>\n<p>[\/vc_column_text][vc_column_text el_class=&#8221;vc_align_center description-text&#8221;]<\/p>\n<p style=\"text-align: justify; font-family: DidotLTPro-Roman !important;\">Potsdam ist ber\u00fchmt f\u00fcr seine pr\u00e4chtigen Schl\u00f6sser und Parks. Die Attraktion ist das Schloss Sanssouci, das Sommerschloss Friedrichs des Gro\u00dfen, das Sie unter anderem bei dieser Tour besichtigen. Diese Tour beinhaltet eine Stadtrundfahrt in Potsdam und die Besichtigung des Schlosses Sanssouci inklusive Schlossf\u00fchrung (live-F\u00fchrung in Englisch und Deutsch).<\/p>\n<p>[\/vc_column_text][vc_column_text el_class=&#8221;vc_align_center description-text&#8221; css=&#8221;.vc_custom_1573661378118{margin-top: 10px !important;}&#8221;]<\/p>\n<p style=\"text-align: left; font-family: DidotLTPro-Roman !important;\">T\u00e4glich (au\u00dfer Montag) 10 Uhr von April bis Oktober (Nov. \u2013 M\u00e4rz: Di., Sa., So.)<br \/>\nAbfahrt: Kurf\u00fcrstendamm 216<\/p>\n<p>[\/vc_column_text]<div class=\"ubtn-ctn-center\"><a class=\"ubtn-link ubtn-center ubtn-normal touch-btn\" href = \"https:\/\/office.palisis.com\/pit\/webshop\/widgetconfig?key=qcjannxj0wzkg643d1llmeio4nk1407166602795\" target=' _blank' ><button type=\"button\" class=\"ubtn ubtn-normal ubtn-no-hover-bg  none  ubtn-center   tooltip-69e356c455c09\"  data-hover=\"#c95038\" data-border-color=\"#666060\" data-bg=\"rgba(255,255,255,0.01)\" data-hover-bg=\"rgba(197,230,249,0.29)\" data-border-hover=\"rgba(197,230,249,0.29)\" data-shadow-hover=\"\" data-shadow-click=\"none\" data-shadow=\"\" data-shd-shadow=\"\" style=\"font-weight:normal;border-radius:0px;border-width:3px;border-color:#666060;border-style:solid;background: rgba(255,255,255,0.01);color: #c95038;\"><span class=\"ubtn-hover\"><\/span><span class=\"ubtn-data ubtn-text\">jetzt buchen<\/span><\/button><\/a><\/div>[vc_row_inner][vc_column_inner width=&#8221;1\/2&#8243;][vc_empty_space height=&#8221;6vmax&#8221;][\/vc_column_inner][vc_column_inner width=&#8221;1\/2&#8243; offset=&#8221;vc_hidden-sm vc_hidden-xs&#8221;][vc_empty_space height=&#8221;10vmax&#8221;][\/vc_column_inner][\/vc_row_inner][\/vc_column][vc_column width=&#8221;1\/2&#8243;][\/vc_column][\/vc_row][\/vc_section][vc_row equal_height=&#8221;yes&#8221; disable_element=&#8221;yes&#8221; bg_type=&#8221;image&#8221; parallax_style=&#8221;vcpb-default&#8221; bg_image_repeat=&#8221;no-repeat&#8221; bg_image_size=&#8221;initial&#8221; bg_override=&#8221;ex-full&#8221; css=&#8221;.vc_custom_1573561308607{margin-top: 50px !important;margin-bottom: 60px !important;}&#8221;][vc_column el_class=&#8221;bg-clr&#8221;][vc_row_inner][vc_column_inner offset=&#8221;vc_hidden-xs&#8221;][vc_column_text css_animation=&#8221;bottom-to-top&#8221; css=&#8221;.vc_custom_1551694823482{background-image: url(https:\/\/mr-congress.com\/en\/wp-content\/uploads\/sites\/2\/2019\/03\/Brushtroke_transparent.png?id=6565) !important;background-position: center !important;background-repeat: no-repeat !important;background-size: contain !important;}&#8221;]<\/p>\n<h2 class=\"home-editorial-headline \" style=\"text-align: center;\">By now MR Congress &amp; Incentive GmbH<br \/>\nis one of the indicatory agencies in<br \/>\nBerlin and throughout Germany.<\/h2>\n<p>[\/vc_column_text][\/vc_column_inner][\/vc_row_inner][vc_row_inner][vc_column_inner]<div class=\"ubtn-ctn-center\"><button type=\"button\" class=\"ubtn ubtn-normal ubtn-no-hover-bg  none  ubtn-center   tooltip-69e356c455c49\"  data-hover=\"#acdef9\" data-border-color=\"#ffeb90\" data-bg=\"rgba(255,255,255,0.01)\" data-hover-bg=\"rgba(237,237,237,0.46)\" data-border-hover=\"\" data-shadow-hover=\"\" data-shadow-click=\"none\" data-shadow=\"\" data-shd-shadow=\"\" style=\"font-weight:normal;border-radius:0px;border-width:3px;border-color:#ffeb90;border-style:solid;background: rgba(255,255,255,0.01);color: #c5e6f9;\"><span class=\"ubtn-hover\"><\/span><span class=\"ubtn-data ubtn-text\">get in touch<\/span><\/button><\/div>[\/vc_column_inner][\/vc_row_inner][vc_row_inner][vc_column_inner width=&#8221;1\/2&#8243; offset=&#8221;vc_hidden-sm vc_hidden-xs&#8221;][vc_empty_space height=&#8221;40px&#8221;][\/vc_column_inner][vc_column_inner width=&#8221;1\/2&#8243;][vc_empty_space height=&#8221;12px&#8221;][\/vc_column_inner][\/vc_row_inner][\/vc_column][\/vc_row]<\/p>\n","protected":false},"excerpt":{"rendered":"<p>[vc_section css=&#8221;.vc_custom_1532947345321{margin-top: 70px !important;}&#8221;][vc_row bg_type=&#8221;image&#8221; parallax_style=&#8221;vcpb-default&#8221; bg_image_new=&#8221;12966|https:\/\/mr-congress.com\/de\/wp-content\/uploads\/sites\/3\/2020\/04\/bees-1900.jpg&#8221; bg_image_repeat=&#8221;no-repeat&#8221; bg_override=&#8221;ex-full&#8221;][vc_column width=&#8221;1\/4&#8243; offset=&#8221;vc_hidden-md vc_hidden-sm vc_hidden-xs&#8221;][vc_empty_space height=&#8221;410px&#8221;][\/vc_column][vc_column width=&#8221;1\/4&#8243; offset=&#8221;vc_hidden-xs&#8221;][vc_empty_space height=&#8221;392px&#8221;][\/vc_column][vc_column width=&#8221;1\/4&#8243;][vc_empty_space height=&#8221;&#8221;][\/vc_column][vc_column width=&#8221;1\/4&#8243;][vc_empty_space height=&#8221;192px&#8221;][vc_column_text][\/vc_column_text][\/vc_column][\/vc_row][\/vc_section][vc_section css=&#8221;.vc_custom_1587982709049{background-image: url(https:\/\/mr-congress.com\/de\/wp-content\/uploads\/sites\/3\/2020\/04\/blau_kohle_mini.jpg?id=13035) !important;background-position: 0 0 !important;background-repeat: no-repeat !important;}&#8221;][vc_row content_placement=&#8221;middle&#8221; bg_type=&#8221;image&#8221; parallax_style=&#8221;vcpb-default&#8221; bg_image_repeat=&#8221;no-repeat&#8221; bg_image_size=&#8221;contain&#8221; bg_override=&#8221;ex-full&#8221;][vc_column css_animation=&#8221;fadeInUp&#8221; css=&#8221;.vc_custom_1553589290951{margin-bottom: 20px !important;background-position: 0 0 !important;background-repeat: no-repeat !important;}&#8221;][vc_row_inner][vc_column_inner][vc_column_text css_animation=&#8221;fadeInUp&#8221; css=&#8221;.vc_custom_1587976068591{background-position: center !important;background-repeat: no-repeat !important;background-size: contain !important;}&#8221;]<\/p>\n<p>Gemeinsam Bienen<br \/>\nRETTEN<\/p>\n<p>[\/vc_column_text][vc_column_text css_animation=&#8221;none&#8221; el_class=&#8221;description-text p-width-60&#8243;]Umweltschutz bezeichnet die Gesamtheit aller Ma\u00dfnahmen, um die Gesundheit des Menschen zu erhalten. Er hat mehrere Funktionen und beinhaltet verschiedene Prinzipien. Er beugt Beeintr\u00e4chtigungen [&#8230;]<\/p>\n","protected":false},"author":5,"featured_media":0,"parent":0,"menu_order":0,"comment_status":"closed","ping_status":"closed","template":"","meta":[],"_links":{"self":[{"href":"https:\/\/mr-congress.com\/de\/wp-json\/wp\/v2\/pages\/12955"}],"collection":[{"href":"https:\/\/mr-congress.com\/de\/wp-json\/wp\/v2\/pages"}],"about":[{"href":"https:\/\/mr-congress.com\/de\/wp-json\/wp\/v2\/types\/page"}],"author":[{"embeddable":true,"href":"https:\/\/mr-congress.com\/de\/wp-json\/wp\/v2\/users\/5"}],"replies":[{"embeddable":true,"href":"https:\/\/mr-congress.com\/de\/wp-json\/wp\/v2\/comments?post=12955"}],"version-history":[{"count":7,"href":"https:\/\/mr-congress.com\/de\/wp-json\/wp\/v2\/pages\/12955\/revisions"}],"predecessor-version":[{"id":22065,"href":"https:\/\/mr-congress.com\/de\/wp-json\/wp\/v2\/pages\/12955\/revisions\/22065"}],"wp:attachment":[{"href":"https:\/\/mr-congress.com\/de\/wp-json\/wp\/v2\/media?parent=12955"}],"curies":[{"name":"wp","href":"https:\/\/api.w.org\/{rel}","templated":true}]}}