{"id":12996,"date":"2019-11-13T15:21:05","date_gmt":"2019-11-13T14:21:05","guid":{"rendered":"https:\/\/mr-congress.com\/de\/?page_id=12996"},"modified":"2025-12-10T11:13:51","modified_gmt":"2025-12-10T10:13:51","slug":"virtuelle-team-events","status":"publish","type":"page","link":"https:\/\/mr-congress.com\/de\/virtuelle-team-events\/","title":{"rendered":"Virtuelle Team Events"},"content":{"rendered":"<p>[vc_section css=&#8221;.vc_custom_1532947345321{margin-top: 70px !important;}&#8221;][vc_row bg_type=&#8221;image&#8221; parallax_style=&#8221;vcpb-default&#8221; bg_image_new=&#8221;13102|https:\/\/mr-congress.com\/de\/wp-content\/uploads\/sites\/3\/2020\/04\/drink-coffee-web.jpg&#8221; bg_image_repeat=&#8221;no-repeat&#8221; bg_override=&#8221;ex-full&#8221;][vc_column width=&#8221;1\/4&#8243; offset=&#8221;vc_hidden-md vc_hidden-sm vc_hidden-xs&#8221;][vc_empty_space height=&#8221;21vmax&#8221;][\/vc_column][vc_column width=&#8221;1\/4&#8243; offset=&#8221;vc_hidden-xs&#8221;][vc_empty_space height=&#8221;324px&#8221;][\/vc_column][vc_column width=&#8221;1\/4&#8243;][vc_empty_space height=&#8221;&#8221;][\/vc_column][vc_column width=&#8221;1\/4&#8243;][vc_empty_space height=&#8221;192px&#8221;][vc_column_text][\/vc_column_text][\/vc_column][\/vc_row][\/vc_section][vc_section css=&#8221;.vc_custom_1551350889592{background-image: url(https:\/\/mr-congress.com\/en\/wp-content\/uploads\/sites\/2\/2019\/02\/blau_kohle_mini.jpg?id=6559) !important;background-position: 0 0 !important;background-repeat: no-repeat !important;}&#8221;][vc_row content_placement=&#8221;middle&#8221; bg_type=&#8221;image&#8221; parallax_style=&#8221;vcpb-default&#8221; bg_image_repeat=&#8221;no-repeat&#8221; bg_image_size=&#8221;contain&#8221; bg_override=&#8221;ex-full&#8221;][vc_column css_animation=&#8221;fadeInUp&#8221; css=&#8221;.vc_custom_1553589290951{margin-bottom: 20px !important;background-position: 0 0 !important;background-repeat: no-repeat !important;}&#8221;][vc_row_inner][vc_column_inner][vc_column_text css_animation=&#8221;fadeInUp&#8221; css=&#8221;.vc_custom_1588597030088{background-position: center !important;background-repeat: no-repeat !important;background-size: contain !important;}&#8221;]<\/p>\n<h1 class=\"lovely-heading\"><span class=\"brush-bg-img red-bg-img\">Virtuelle<\/span><\/h1>\n<h1 class=\"sub-heading\">TEAM EVENTS<\/h1>\n<p>[\/vc_column_text][vc_column_text css_animation=&#8221;none&#8221; el_class=&#8221;description-text&#8221;]<\/p>\n<h4>Es ist eine besondere Herausforderung das Wir-Gef\u00fchl im Team zu erhalten.<br \/>\nWir helfen gern dabei!<\/h4>\n<p>[\/vc_column_text][\/vc_column_inner][\/vc_row_inner][\/vc_column][\/vc_row][vc_row equal_height=&#8221;yes&#8221; content_placement=&#8221;middle&#8221; css=&#8221;.vc_custom_1588163434288{margin-top: 4vmax !important;margin-bottom: 4vmax !important;}&#8221;][vc_column width=&#8221;1\/6&#8243; el_class=&#8221;services-prv services-after&#8221;][vc_single_image image=&#8221;24236&#8243; img_size=&#8221;full&#8221; alignment=&#8221;center&#8221; onclick=&#8221;custom_link&#8221; css_animation=&#8221;fadeIn&#8221; link=&#8221;#painting&#8221;][vc_column_text css_animation=&#8221;bottom-to-top&#8221;]<\/p>\n<h4 style=\"margin: 2px 0px; font-weight: normal; text-align: center;\"><strong><a style=\"color: #4c4b4b; text-decoration: none;\" rel=\"noopener\">ACTIONPAINTING<\/a><\/strong><\/h4>\n<p>[\/vc_column_text][\/vc_column][vc_column width=&#8221;1\/6&#8243; el_class=&#8221;services-prv services-after&#8221;][vc_single_image image=&#8221;24237&#8243; img_size=&#8221;full&#8221; alignment=&#8221;center&#8221; onclick=&#8221;custom_link&#8221; css_animation=&#8221;fadeIn&#8221; link=&#8221;#bugs-hotel&#8221;][vc_column_text css_animation=&#8221;bottom-to-top&#8221;]<\/p>\n<h4 style=\"margin: 2px 0px; font-weight: normal; text-align: center;\"><strong><a style=\"color: #4c4b4b; text-decoration: none;\" rel=\"noopener\">INSEKTENHOTELBAU<\/a><\/strong><\/h4>\n<p>[\/vc_column_text][\/vc_column][\/vc_row][vc_row equal_height=&#8221;yes&#8221; css=&#8221;.vc_custom_1588166732468{padding-top: 4vmax !important;padding-bottom: 4vmax !important;background-image: url(https:\/\/mr-congress.com\/en\/wp-content\/uploads\/sites\/2\/2019\/08\/texture_square.png?id=7063) !important;}&#8221;][vc_column el_class=&#8221;bg-clr&#8221;][vc_column_text css_animation=&#8221;bottom-to-top&#8221; css=&#8221;.vc_custom_1588168875581{margin-top: 25px !important;margin-bottom: 25px !important;background-image: url(https:\/\/mr-congress.com\/en\/wp-content\/uploads\/sites\/2\/2019\/03\/Brushtroke_transparent.png?id=6565) !important;background-position: center !important;background-repeat: no-repeat !important;background-size: contain !important;}&#8221;]<\/p>\n<h2 class=\"secondary-lovely-headline\" style=\"line-height: 1em; color: #454545;\">Motivation, Spa\u00df und Zusammenhalt im Team erzielen<\/h2>\n<p>[\/vc_column_text][\/vc_column][\/vc_row][\/vc_section][vc_section el_id=&#8221;painting&#8221;][vc_row equal_height=&#8221;yes&#8221;][vc_column el_class=&#8221;bg-clr&#8221;][vc_row_inner][vc_column_inner][vc_column_text css_animation=&#8221;bottom-to-top&#8221; css=&#8221;.vc_custom_1588158017461{margin-top: 25px !important;margin-bottom: 25px !important;background-position: center !important;background-repeat: no-repeat !important;background-size: contain !important;}&#8221;]<\/p>\n<h2 class=\"sub-heading red-bloc\"><span style=\"font-size: 0.61em; text-transform: uppercase; position: relative;\">Actionpainting:<\/span><\/h2>\n<p>[\/vc_column_text][vc_column_text css_animation=&#8221;bottom-to-top&#8221; css=&#8221;.vc_custom_1763652208520{margin-top: 25px !important;margin-bottom: 25px !important;background-position: center !important;background-repeat: no-repeat !important;background-size: contain !important;}&#8221;]<\/p>\n<h3 class=\"secondary-lovely-headline\" style=\"color: #454545;\">Kreatives Teamwork<\/h3>\n<p>[\/vc_column_text][\/vc_column_inner][\/vc_row_inner][\/vc_column][\/vc_row][vc_row equal_height=&#8221;yes&#8221;][vc_column el_class=&#8221;bg-clr&#8221;][vc_single_image image=&#8221;24240&#8243; img_size=&#8221;full&#8221; alignment=&#8221;center&#8221; css_animation=&#8221;fadeIn&#8221;][\/vc_column][\/vc_row][vc_row bg_type=&#8221;image&#8221; parallax_style=&#8221;vcpb-default&#8221; bg_image_repeat=&#8221;no-repeat&#8221; bg_image_size=&#8221;initial&#8221; bg_image_posiiton=&#8221;89% 5%&#8221; css=&#8221;.vc_custom_1588157359121{margin-top: 2vmax !important;margin-bottom: 2vmax !important;}&#8221;][vc_column][vc_column_text css_animation=&#8221;fadeInUp&#8221; el_class=&#8221;description-text p-width-60&#8243;]<\/p>\n<h4>\u00dcberraschen Sie Ihre Mitarbeiter mit Actionpainting, dem Firmen Event der ganz besonderen Art als Fernerlebnis. Unvergesslich f\u00fcr alle und am Ende \u201eein echter Hingucker\u201c in jedem Raum!<\/h4>\n<p>[\/vc_column_text][\/vc_column][\/vc_row][vc_row equal_height=&#8221;yes&#8221;][vc_column width=&#8221;1\/2&#8243; el_class=&#8221;v-center&#8221;][vc_single_image image=&#8221;13090&#8243; img_size=&#8221;full&#8221; alignment=&#8221;center&#8221; css_animation=&#8221;fadeIn&#8221; el_class=&#8221;img-zoom blue-squar&#8221; css=&#8221;.vc_custom_1765359020381{margin-top: 2vmax !important;}&#8221;][\/vc_column][vc_column width=&#8221;1\/2&#8243; css=&#8221;.vc_custom_1588156707324{margin-top: 4vmax !important;margin-bottom: 2vmax !important;}&#8221; el_class=&#8221;v-center&#8221;][vc_column_text el_class=&#8221;vc_align_center description-text&#8221;]<\/p>\n<p style=\"display: inline; font-family: DidotLTPro-Roman !important; text-align: center;\"><span style=\"background: rgba(27, 139, 219, 0.5019607843137255); font-size: 1.42em; box-shadow: 0 0 0 5px rgba(27, 139, 219, 0.5019607843137255); line-height: 2em; color: white;\">Gemeinsam Gro\u00dfes gestalten<\/span><\/p>\n<p>[\/vc_column_text][vc_column_text css_animation=&#8221;bottom-to-top&#8221; el_class=&#8221;description-text p-width-h&#8221;]Action Painting ist etwas, das nicht nur begeistert, sondern dar\u00fcber hinaus bei allen Beteiligten f\u00fcr einen lange anhaltenden Erinnerungswert sorgt. Zus\u00e4tzlich entsteht ein gro\u00dfes, wertvolles Kunstwerk, das im Team angefertigt wird und dadurch das perfekte Andenken bildet. Gleichzeitig zeigt es auf kreative Art die Zusammengeh\u00f6rigkeit der Mitarbeiter und deren innovative Ideen f\u00fcr die Firma. Infolgedessen wird ein gemeinsamer Spa\u00df geschaffen, der wiederum f\u00fcr Gemeinschaft, Identifikation und Zugeh\u00f6rigkeit steht. Somit wird Action Painting zu einem Teamerlebnis, das emotional verbindet und nachhaltig inspiriert.<\/p>\n<p>Au\u00dferdem eignet sich das Fernerlebnis ideal f\u00fcr Teams von 25 bis 300 Personen. Zu diesem Zweck werden kleine Leinw\u00e4nde (20 x 20 cm) an die Team-Mitglieder versendet, erg\u00e4nzt durch zwei Pinsel unterschiedlicher Gr\u00f6\u00dfe, drei Prim\u00e4rfarben, eine Anleitung sowie einen wattierten und frankierten R\u00fcckumschlag. Auf diese Weise k\u00f6nnen alle Teilnehmenden unkompliziert und ortsunabh\u00e4ngig mitmachen. Dar\u00fcber hinaus entsteht schlie\u00dflich ein beeindruckendes Gemeinschaftskunstwerk, das sowohl visuell als auch emotional einen starken Teamspirit ausdr\u00fcckt.[\/vc_column_text][\/vc_column][\/vc_row][vc_row css=&#8221;.vc_custom_1588157951579{margin-top: 4vmax !important;margin-bottom: 4vmax !important;}&#8221;][vc_column][vc_column_text css_animation=&#8221;fadeInUp&#8221; el_class=&#8221;description-text p-width-60&#8243;]Und sowie der Postbote da war, kann es auch schon frisch ans Werk gehen! Je nach gew\u00fcnschter Aufgabenstellung kann jetzt jeder Mitarbeiter auf seiner Leinwand ein kreatives kleines Kunstwerk gestalten, sei es zum Thema Wertdarstellung, Verbesserung oder Zukunftsvision.[\/vc_column_text][\/vc_column][\/vc_row][vc_row equal_height=&#8221;yes&#8221; el_class=&#8221;reverse-row&#8221;][vc_column width=&#8221;1\/2&#8243; el_class=&#8221;v-center&#8221; css=&#8221;.vc_custom_1588155441313{margin-top: 4vmax !important;}&#8221;][vc_column_text css_animation=&#8221;bottom-to-top&#8221; el_class=&#8221;description-text p-width-h&#8221;]Nach R\u00fccksendung der kleinen Kunstwerke kommt dann schlie\u00dflich die gro\u00dfe \u00dcberraschung! Denn tats\u00e4chlich entsteht aus diesen vielen einzelnen Beitr\u00e4gen ein individuelles Gesamtkunstwerk, das zudem je nach Wunsch mit Logo, Claim oder Motto versehen werden kann. Auf diese Weise entsteht ein Werk, mit dem sich in den n\u00e4chsten Jahren wirklich alle identifizieren werden.<\/p>\n<p>Ganz gleich, ob in einer Videoschaltung oder vor Ort: Das Team wird am Ende das gemeinsam geschaffene Kunstwerk betrachten und feiern. Dabei wiederum werden alle stolz sein und noch jahrelang begeistert von diesem Gemeinschaftswerk sprechen, weil dessen Entstehung nicht nur kreativ war, sondern auch besonders viel Spa\u00df gemacht hat. Am Ende ist jeder stolz auf seine Leistung, und zugleich entsteht ein starkes Gef\u00fchl von Zusammenhalt.[\/vc_column_text][\/vc_column][vc_column width=&#8221;1\/2&#8243; el_class=&#8221;v-center&#8221;][vc_single_image image=&#8221;13091&#8243; img_size=&#8221;full&#8221; alignment=&#8221;center&#8221; css_animation=&#8221;fadeIn&#8221; el_class=&#8221;img-zoom blue-squar&#8221;][\/vc_column][\/vc_row][vc_row equal_height=&#8221;yes&#8221;][vc_column width=&#8221;1\/2&#8243; el_class=&#8221;v-center&#8221;][vc_single_image image=&#8221;13093&#8243; img_size=&#8221;full&#8221; alignment=&#8221;center&#8221; css_animation=&#8221;fadeIn&#8221; el_class=&#8221;img-zoom blue-squar&#8221;][\/vc_column][vc_column width=&#8221;1\/2&#8243; el_class=&#8221;v-center&#8221; css=&#8221;.vc_custom_1588155483062{margin-top: 4vmax !important;}&#8221;][vc_column_text css_animation=&#8221;bottom-to-top&#8221; el_class=&#8221;description-text p-width-h&#8221;]Wir \u00fcberlassen nichts dem Zufall. Die genaue Platzierung und die Gr\u00f6\u00dfe werden gemeinsam mit dem Kunden erarbeitet. Lassen Sie Ihre Produkte oder Ideen auf diese originelle Weise lebendig werden!<\/p>\n<p>\u00dcberzeugt? Dann freuen wir uns, von Ihnen zu h\u00f6ren![\/vc_column_text][vc_row_inner][vc_column_inner width=&#8221;1\/2&#8243; offset=&#8221;vc_hidden-sm vc_hidden-xs&#8221;][vc_empty_space height=&#8221;2vmax&#8221;][\/vc_column_inner][vc_column_inner width=&#8221;1\/2&#8243; offset=&#8221;vc_hidden-sm vc_hidden-xs&#8221;][\/vc_column_inner][\/vc_row_inner]<div class=\"ubtn-ctn-center\"><a class=\"ubtn-link ubtn-center ubtn-normal touch-btn\" href = \"mailto:c.palma@mr-congress.com?subject=Action Painting\" target='' ><button type=\"button\" class=\"ubtn ubtn-normal ubtn-no-hover-bg  none  ubtn-center   tooltip-69e348ba1d408\"  data-hover=\"#c95038\" data-border-color=\"#4c4b4b\" data-bg=\"rgba(255,255,255,0.01)\" data-hover-bg=\"rgba(197,230,249,0.29)\" data-border-hover=\"rgba(197,230,249,0.29)\" data-shadow-hover=\"\" data-shadow-click=\"none\" data-shadow=\"\" data-shd-shadow=\"\" style=\"font-weight:normal;border-radius:0px;border-width:3px;border-color:#4c4b4b;border-style:solid;background: rgba(255,255,255,0.01);color: #c95038;\"><span class=\"ubtn-hover\"><\/span><span class=\"ubtn-data ubtn-text\">jetzt anfragen<\/span><\/button><\/a><\/div>[\/vc_column][\/vc_row][\/vc_section][vc_section css=&#8221;.vc_custom_1588164011786{margin-top: 4vmax !important;}&#8221; el_id=&#8221;bugs-hotel&#8221;][vc_row equal_height=&#8221;yes&#8221;][vc_column el_class=&#8221;bg-clr&#8221;][vc_row_inner][vc_column_inner][vc_column_text css_animation=&#8221;bottom-to-top&#8221; css=&#8221;.vc_custom_1588159024543{margin-top: 25px !important;margin-bottom: 25px !important;background-position: center !important;background-repeat: no-repeat !important;background-size: contain !important;}&#8221;]<\/p>\n<h2 class=\"sub-heading red-bloc\"><span style=\"font-size: 0.61em; text-transform: uppercase; position: relative;\">Insektenhotelbau:<\/span><\/h2>\n<p>[\/vc_column_text][vc_column_text css_animation=&#8221;bottom-to-top&#8221; css=&#8221;.vc_custom_1588159037518{margin-top: 25px !important;margin-bottom: 25px !important;background-position: center !important;background-repeat: no-repeat !important;background-size: contain !important;}&#8221;]<\/p>\n<h3 class=\"secondary-lovely-headline\" style=\"color: #454545;\">Gemeinsam etwas f\u00fcr die Umwelt tun!<\/h3>\n<p>[\/vc_column_text][\/vc_column_inner][\/vc_row_inner][vc_single_image image=&#8221;24241&#8243; img_size=&#8221;full&#8221; alignment=&#8221;center&#8221; css_animation=&#8221;fadeIn&#8221;][\/vc_column][\/vc_row][vc_row bg_type=&#8221;image&#8221; parallax_style=&#8221;vcpb-default&#8221; bg_image_repeat=&#8221;no-repeat&#8221; bg_image_size=&#8221;initial&#8221; bg_image_posiiton=&#8221;89% 5%&#8221; css=&#8221;.vc_custom_1588157359121{margin-top: 2vmax !important;margin-bottom: 2vmax !important;}&#8221;][vc_column][vc_column_text css_animation=&#8221;fadeInUp&#8221; el_class=&#8221;description-text p-width-60&#8243;]<\/p>\n<h4>Das besondere Fernerlebnis f\u00fcr Ihre Mitarbeiter!<\/h4>\n<p>[\/vc_column_text][\/vc_column][\/vc_row][vc_row equal_height=&#8221;yes&#8221;][vc_column width=&#8221;1\/2&#8243; css=&#8221;.vc_custom_1588156707324{margin-top: 4vmax !important;margin-bottom: 2vmax !important;}&#8221; el_class=&#8221;v-center&#8221;][vc_column_text el_class=&#8221;vc_align_center description-text&#8221;]<\/p>\n<p style=\"display: inline; font-family: DidotLTPro-Roman !important; text-align: center;\"><span style=\"background: rgba(159, 175, 138, 0.9215686274509803); font-size: 1.42em; box-shadow: 0 0 0 5px rgba(159, 175, 138, 0.9215686274509803); line-height: 2em; color: white;\">Ein Insektenhotel bauen! <\/span><\/p>\n<p>[\/vc_column_text][vc_column_text css_animation=&#8221;bottom-to-top&#8221; el_class=&#8221;description-text p-width-h&#8221;]Im Home-Office k\u00f6nnen Mitarbeiter ebenfalls einzeln und doch gemeinsam etwas herstellen und als Team faszinierende Dinge fabrizieren. Somit vollbringen sie damit auch noch eine gute Tat. Zum Schluss hilft das Ergebnis nicht nur den Insekten, sondern k\u00f6nnte am Ende auch einem wohlt\u00e4tigen Zweck in Ihrem direkten Umfeld zugef\u00fchrt werden.<\/p>\n<p>Letzendlich werden bei dieser teamf\u00f6rdernden Herausforderung die Teilnehmer zu Umweltsch\u00fctzern und Baumeistern zugleich. Er\u00f6ffnen Sie Ihr eigenes Insektenhotel und f\u00f6rdern Sie damit den Erhalt der Insektenvielfalt. Anschlie\u00dfend entstehen in den Homeoffices Ihrer Mitarbeiter Einzelteile eines gro\u00dfen Insektenhotels.[\/vc_column_text][\/vc_column][vc_column width=&#8221;1\/2&#8243; el_class=&#8221;v-center&#8221;][vc_single_image image=&#8221;13095&#8243; img_size=&#8221;full&#8221; alignment=&#8221;center&#8221; css_animation=&#8221;fadeIn&#8221; el_class=&#8221;img-zoom blue-squar&#8221; css=&#8221;.vc_custom_1765359174063{margin-top: 2vmax !important;}&#8221;][\/vc_column][\/vc_row][vc_row equal_height=&#8221;yes&#8221; el_class=&#8221;reverse-row&#8221;][vc_column width=&#8221;1\/2&#8243; el_class=&#8221;v-center&#8221;][vc_single_image image=&#8221;13096&#8243; img_size=&#8221;full&#8221; alignment=&#8221;center&#8221; css_animation=&#8221;fadeIn&#8221; el_class=&#8221;img-zoom blue-squar&#8221;][\/vc_column][vc_column width=&#8221;1\/2&#8243; el_class=&#8221;v-center&#8221; css=&#8221;.vc_custom_1588161801079{margin-top: 4vmax !important;margin-bottom: 4vmax !important;}&#8221;][vc_column_text css_animation=&#8221;bottom-to-top&#8221; el_class=&#8221;description-text p-width-h&#8221;]Die Basis-Materialien hierf\u00fcr werden den einzelnen Team-Mitgliedern per Post zugeschickt. Zus\u00e4tzlich ist allerdings auch der Einsatz in der Natur gefragt, denn erg\u00e4nzendes Beiwerk findet man nur dort.<\/p>\n<p>Die fertigen Einzelteile werden am Ende einem Fachmann zugesendet, der diese gekonnt zu einem gro\u00dfen Insektenhotel (k\u00fcnstlich geschaffene Nist- und \u00dcberwinterungshilfe f\u00fcr Insekten) zusammenf\u00fcgt. Es wird in einer Art Modulbau vorgegangen und wie ein Schachtelsystem zusammengesetzt. Im Team wird abgestimmt, wo das Prachtst\u00fcck zum Einsatz kommt und schon k\u00f6nnen die \u201eG\u00e4ste\u201c einziehen![\/vc_column_text][\/vc_column][\/vc_row][vc_row equal_height=&#8221;yes&#8221;][vc_column width=&#8221;1\/2&#8243; el_class=&#8221;v-center&#8221; css=&#8221;.vc_custom_1588155483062{margin-top: 4vmax !important;}&#8221;][vc_column_text css_animation=&#8221;bottom-to-top&#8221; el_class=&#8221;description-text p-width-h&#8221;]Mit diesem CSR Event schaffen Sie hierdurch eine wertvolle Alternative zu den immer knapper werdenden nat\u00fcrlichen Lebensr\u00e4umen der Insekten, die entscheidend zum nat\u00fcrlichen Gleichgewicht unserer Umwelt beitragen. Schlie\u00dflich ist Insektenerhaltung wichtig, denn schon Albert Einstein mahnte: \u201eWenn die Biene einmal von der Erde verschwindet, hat der Mensch nur noch vier Jahre zu leben.\u201d<\/p>\n<p>Also, ran ans Werk![\/vc_column_text][vc_row_inner][vc_column_inner width=&#8221;1\/2&#8243; offset=&#8221;vc_hidden-sm vc_hidden-xs&#8221;][vc_empty_space height=&#8221;2vmax&#8221;][\/vc_column_inner][vc_column_inner width=&#8221;1\/2&#8243; offset=&#8221;vc_hidden-sm vc_hidden-xs&#8221;][\/vc_column_inner][\/vc_row_inner]<div class=\"ubtn-ctn-center\"><a class=\"ubtn-link ubtn-center ubtn-normal touch-btn\" href = \"mailto:c.palma@mr-congress.com?subject=Insektenhotelbau\" target='' ><button type=\"button\" class=\"ubtn ubtn-normal ubtn-no-hover-bg  none  ubtn-center   tooltip-69e348ba1d462\"  data-hover=\"#c95038\" data-border-color=\"#4c4b4b\" data-bg=\"rgba(255,255,255,0.01)\" data-hover-bg=\"rgba(197,230,249,0.29)\" data-border-hover=\"rgba(197,230,249,0.29)\" data-shadow-hover=\"\" data-shadow-click=\"none\" data-shadow=\"\" data-shd-shadow=\"\" style=\"font-weight:normal;border-radius:0px;border-width:3px;border-color:#4c4b4b;border-style:solid;background: rgba(255,255,255,0.01);color: #c95038;\"><span class=\"ubtn-hover\"><\/span><span class=\"ubtn-data ubtn-text\">jetzt anfragen<\/span><\/button><\/a><\/div>[\/vc_column][vc_column width=&#8221;1\/2&#8243; el_class=&#8221;v-center&#8221;][vc_single_image image=&#8221;13097&#8243; img_size=&#8221;full&#8221; alignment=&#8221;center&#8221; css_animation=&#8221;fadeIn&#8221; el_class=&#8221;img-zoom blue-squar&#8221;][\/vc_column][\/vc_row][\/vc_section][vc_section disable_element=&#8221;yes&#8221;][vc_row][vc_column][vc_row_inner][vc_column_inner]<div class=\"ubtn-ctn-center\"><a class=\"ubtn-link ubtn-center ubtn-normal touch-btn\" href = \"https:\/\/wl.hrs.de\/?code=ec3c6129-781b-4917-bd69-077be0d726dd&lang=de&dealsurl=1028_1026_1029_1030&offerscount=1_1_1_1&random=1_1_1_1&customerId=1077040118\" target=' _blank' ><button type=\"button\" class=\"ubtn ubtn-normal ubtn-no-hover-bg  none  ubtn-center   tooltip-69e348ba1d49d\"  data-hover=\"#c95038\" data-border-color=\"#4c4b4b\" data-bg=\"rgba(255,255,255,0.01)\" data-hover-bg=\"rgba(197,230,249,0.29)\" data-border-hover=\"rgba(197,230,249,0.29)\" data-shadow-hover=\"\" data-shadow-click=\"none\" data-shadow=\"\" data-shd-shadow=\"\" style=\"font-weight:normal;border-radius:0px;border-width:3px;border-color:#4c4b4b;border-style:solid;background: rgba(255,255,255,0.01);color: #c95038;\"><span class=\"ubtn-hover\"><\/span><span class=\"ubtn-data ubtn-text\">jetzt reservieren<\/span><\/button><\/a><\/div>[\/vc_column_inner][\/vc_row_inner][\/vc_column][\/vc_row][\/vc_section][vc_row css=&#8221;.vc_custom_1593682320017{margin-top: 4vmax !important;margin-bottom: 4vmax !important;}&#8221;][vc_column][vc_column_text]<\/p>\n<div style=\"text-align: center; font-size: 1.2em; font-weight: bold;\">Jetzt teilen<br \/>\n\t\t<div class=\"ss-inline-share-wrapper ss-hover-animation-fade ss-with-counter-border ss-inline-total-counter-left\">\n\n\t\t\t\t\t\t\n\t\t\t<div class=\"ss-inline-share-content\">\n\t\t\t\t\n\t\t\t\t\t\t\t\t\t\t\t\n\t\t\t<\/div><!-- END .ss-inline-share-content -->\n\t\t<\/div><!-- END .ss-inline-share-wrapper -->\n\t\t<\/div>\n<p>[\/vc_column_text][\/vc_column][\/vc_row]<\/p>\n","protected":false},"excerpt":{"rendered":"<p>[vc_section css=&#8221;.vc_custom_1532947345321{margin-top: 70px !important;}&#8221;][vc_row bg_type=&#8221;image&#8221; parallax_style=&#8221;vcpb-default&#8221; bg_image_new=&#8221;13102|https:\/\/mr-congress.com\/de\/wp-content\/uploads\/sites\/3\/2020\/04\/drink-coffee-web.jpg&#8221; bg_image_repeat=&#8221;no-repeat&#8221; bg_override=&#8221;ex-full&#8221;][vc_column width=&#8221;1\/4&#8243; offset=&#8221;vc_hidden-md vc_hidden-sm vc_hidden-xs&#8221;][vc_empty_space height=&#8221;21vmax&#8221;][\/vc_column][vc_column width=&#8221;1\/4&#8243; offset=&#8221;vc_hidden-xs&#8221;][vc_empty_space height=&#8221;324px&#8221;][\/vc_column][vc_column width=&#8221;1\/4&#8243;][vc_empty_space height=&#8221;&#8221;][\/vc_column][vc_column width=&#8221;1\/4&#8243;][vc_empty_space height=&#8221;192px&#8221;][vc_column_text][\/vc_column_text][\/vc_column][\/vc_row][\/vc_section][vc_section css=&#8221;.vc_custom_1551350889592{background-image: url(https:\/\/mr-congress.com\/en\/wp-content\/uploads\/sites\/2\/2019\/02\/blau_kohle_mini.jpg?id=6559) !important;background-position: 0 0 !important;background-repeat: no-repeat !important;}&#8221;][vc_row content_placement=&#8221;middle&#8221; bg_type=&#8221;image&#8221; parallax_style=&#8221;vcpb-default&#8221; bg_image_repeat=&#8221;no-repeat&#8221; bg_image_size=&#8221;contain&#8221; bg_override=&#8221;ex-full&#8221;][vc_column css_animation=&#8221;fadeInUp&#8221; css=&#8221;.vc_custom_1553589290951{margin-bottom: 20px !important;background-position: 0 0 !important;background-repeat: no-repeat !important;}&#8221;][vc_row_inner][vc_column_inner][vc_column_text css_animation=&#8221;fadeInUp&#8221; css=&#8221;.vc_custom_1588597030088{background-position: center !important;background-repeat: no-repeat !important;background-size: contain !important;}&#8221;]<\/p>\n<p>Virtuelle<br \/>\nTEAM EVENTS<\/p>\n<p>[\/vc_column_text][vc_column_text css_animation=&#8221;none&#8221; el_class=&#8221;description-text&#8221;]<\/p>\n<p>Es ist eine besondere Herausforderung das Wir-Gef\u00fchl im Team zu erhalten.<br \/>\nWir helfen gern dabei!<\/p>\n<p>[\/vc_column_text][\/vc_column_inner][\/vc_row_inner][\/vc_column][\/vc_row][vc_row equal_height=&#8221;yes&#8221; content_placement=&#8221;middle&#8221; css=&#8221;.vc_custom_1588163434288{margin-top: 4vmax !important;margin-bottom: 4vmax !important;}&#8221;][vc_column width=&#8221;1\/6&#8243; el_class=&#8221;services-prv services-after&#8221;][vc_single_image image=&#8221;24236&#8243; img_size=&#8221;full&#8221; [&#8230;]<\/p>\n","protected":false},"author":5,"featured_media":0,"parent":0,"menu_order":0,"comment_status":"closed","ping_status":"closed","template":"","meta":[],"_links":{"self":[{"href":"https:\/\/mr-congress.com\/de\/wp-json\/wp\/v2\/pages\/12996"}],"collection":[{"href":"https:\/\/mr-congress.com\/de\/wp-json\/wp\/v2\/pages"}],"about":[{"href":"https:\/\/mr-congress.com\/de\/wp-json\/wp\/v2\/types\/page"}],"author":[{"embeddable":true,"href":"https:\/\/mr-congress.com\/de\/wp-json\/wp\/v2\/users\/5"}],"replies":[{"embeddable":true,"href":"https:\/\/mr-congress.com\/de\/wp-json\/wp\/v2\/comments?post=12996"}],"version-history":[{"count":12,"href":"https:\/\/mr-congress.com\/de\/wp-json\/wp\/v2\/pages\/12996\/revisions"}],"predecessor-version":[{"id":24320,"href":"https:\/\/mr-congress.com\/de\/wp-json\/wp\/v2\/pages\/12996\/revisions\/24320"}],"wp:attachment":[{"href":"https:\/\/mr-congress.com\/de\/wp-json\/wp\/v2\/media?parent=12996"}],"curies":[{"name":"wp","href":"https:\/\/api.w.org\/{rel}","templated":true}]}}