{"id":21103,"date":"2019-11-13T15:21:05","date_gmt":"2019-11-13T14:21:05","guid":{"rendered":"https:\/\/mr-congress.com\/de\/?page_id=21103"},"modified":"2025-11-26T12:03:05","modified_gmt":"2025-11-26T11:03:05","slug":"safety-event-management","status":"publish","type":"page","link":"https:\/\/mr-congress.com\/de\/safety-event-management\/","title":{"rendered":"Safety First"},"content":{"rendered":"<p>[vc_section css=&#8221;.vc_custom_1532947345321{margin-top: 70px !important;}&#8221;][vc_row bg_type=&#8221;image&#8221; parallax_style=&#8221;vcpb-default&#8221; bg_image_new=&#8221;21100|https:\/\/mr-congress.com\/de\/wp-content\/uploads\/sites\/3\/2020\/10\/school.jpg&#8221; bg_image_repeat=&#8221;no-repeat&#8221; bg_override=&#8221;ex-full&#8221;][vc_column width=&#8221;1\/4&#8243; offset=&#8221;vc_hidden-md vc_hidden-sm vc_hidden-xs&#8221;][vc_empty_space height=&#8221;21vmax&#8221;][\/vc_column][vc_column width=&#8221;1\/4&#8243; offset=&#8221;vc_hidden-xs&#8221;][vc_empty_space height=&#8221;324px&#8221;][\/vc_column][vc_column width=&#8221;1\/4&#8243;][vc_empty_space height=&#8221;&#8221;][\/vc_column][vc_column width=&#8221;1\/4&#8243;][vc_empty_space height=&#8221;192px&#8221;][vc_column_text][\/vc_column_text][\/vc_column][\/vc_row][\/vc_section][vc_section css=&#8221;.vc_custom_1592390592495{background-position: 0 0 !important;background-repeat: no-repeat !important;}&#8221;][vc_row content_placement=&#8221;middle&#8221; bg_type=&#8221;image&#8221; parallax_style=&#8221;vcpb-default&#8221; bg_image_repeat=&#8221;no-repeat&#8221; bg_image_size=&#8221;contain&#8221; bg_override=&#8221;ex-full&#8221;][vc_column css_animation=&#8221;fadeInUp&#8221; css=&#8221;.vc_custom_1553589290951{margin-bottom: 20px !important;background-position: 0 0 !important;background-repeat: no-repeat !important;}&#8221;][vc_row_inner][vc_column_inner][vc_column_text css_animation=&#8221;fadeInUp&#8221; css=&#8221;.vc_custom_1754060161394{background-position: center !important;background-repeat: no-repeat !important;background-size: contain !important;}&#8221;]<\/p>\n<h1 class=\"lovely-heading\"><span class=\"brush-bg-img ir-bg-img\">Safety First<\/span><\/h1>\n<h1 class=\"sub-heading\">EVENT-MANAGEMENT IM FALLE EINER PANDEMIE<\/h1>\n<p>[\/vc_column_text][vc_column_text css_animation=&#8221;none&#8221; el_class=&#8221;description-text p-width-60&#8243;]Wir freuen uns auf Sie und bemerkenswerte Events. Mit unseren Partnern haben wir vereint an L\u00f6sungen gearbeitet, um verantwortungsvolle Veranstaltungen und einen sicheren Ablauf f\u00fcr Ihre Teilnehmenden zu erm\u00f6glichen. Alle Lockerungen (in den einzelnen deutschen Bundesl\u00e4ndern jeweils unterschiedlich) unterliegen den Hygiene- und Abstandsregeln. Die Gesundheit und Sicherheit der Veranstaltungsteilnehmenden stehen an erster Stelle.[\/vc_column_text][\/vc_column_inner][\/vc_row_inner][vc_empty_space][\/vc_column][\/vc_row][vc_row equal_height=&#8221;yes&#8221; disable_element=&#8221;yes&#8221; css=&#8221;.vc_custom_1601634666708{padding-top: 4vmax !important;padding-bottom: 4vmax !important;background-image: url(https:\/\/mr-congress.com\/de\/wp-content\/uploads\/sites\/3\/2020\/06\/Zeichenfl\u00e4che-1-1.png?id=13335) !important;}&#8221;][vc_column el_class=&#8221;bg-clr&#8221;][vc_column_text css_animation=&#8221;bottom-to-top&#8221; css=&#8221;.vc_custom_1592815116097{margin-top: 25px !important;margin-bottom: 25px !important;background-image: url(https:\/\/mr-congress.com\/en\/wp-content\/uploads\/sites\/2\/2019\/03\/Brushtroke_transparent.png?id=6565) !important;background-position: center !important;background-repeat: no-repeat !important;background-size: contain !important;}&#8221;]<\/p>\n<h2 class=\"secondary-lovely-headline\" style=\"line-height: 1em; color: #454545;\">Spielend lernen, motiviert zusammen zu arbeiten!<\/h2>\n<p>[\/vc_column_text][\/vc_column][\/vc_row][\/vc_section][vc_section el_id=&#8221;painting&#8221;][vc_row equal_height=&#8221;yes&#8221; css=&#8221;.vc_custom_1592812676839{margin-bottom: 4vmax !important;}&#8221;][vc_column width=&#8221;1\/6&#8243;][\/vc_column][vc_column width=&#8221;2\/6&#8243; el_class=&#8221;v-center&#8221;][vc_single_image image=&#8221;21120&#8243; img_size=&#8221;full&#8221; alignment=&#8221;center&#8221; css_animation=&#8221;fadeIn&#8221; el_class=&#8221;img-zoom blue-squar&#8221;][\/vc_column][vc_column width=&#8221;2\/6&#8243; el_class=&#8221;v-center&#8221;][vc_column_text css_animation=&#8221;bottom-to-top&#8221; el_class=&#8221;description-text p-width-h&#8221;]<\/p>\n<p style=\"text-align: center;\"><strong>WAS WIR F\u00dcR SIE LEISTEN K\u00d6NNEN<\/strong><\/p>\n<p style=\"text-align: left;\">Wir analysieren Ihr Veranstaltungskonzept anhand der Vorgaben des Infektionsschutzgesetzes f\u00fcr die Veranstaltungsbranche. Durch unsere Basiskenntnisse der Virologie und auf Basis der R.I.F.E.L.-Handlungsempfehlung resp. des Berliner Hygienerahmenkonzeptes k\u00f6nnen wir f\u00fcr Ihre Veranstaltung das passende Hygienekonzept gestalten und mit dem Gesundheitsamt abstimmen. Ein Risk Assessment Ihrer Veranstaltung m\u00fcndet in konkreten Handlungsempfehlungen f\u00fcr zeitliche Abl\u00e4ufe und Prozesse f\u00fcr Ihre Veranstaltung. Mit Hygienepl\u00e4nen und Checklisten begleiten wir Sie auch w\u00e4hrend der Veranstaltung und k\u00f6nnen somit kurzfristige Lage\u00e4nderungen in der Veranstaltungsdurchf\u00fchrung ber\u00fccksichtigen. Ob Registrierungsprozesse, Beschilderung, Organisation der Sanit\u00e4rbereiche oder die Festlegung der sinnvollen Wegf\u00fchrung \u2013 in allen diesen Details k\u00f6nnen wir in der Veranstaltungsplanung unterst\u00fctzen.<\/p>\n<p>[\/vc_column_text][\/vc_column][vc_column width=&#8221;1\/6&#8243;][\/vc_column][\/vc_row][vc_row][vc_column][vc_empty_space][\/vc_column][\/vc_row][vc_row equal_height=&#8221;yes&#8221; css=&#8221;.vc_custom_1592812676839{margin-bottom: 4vmax !important;}&#8221;][vc_column width=&#8221;1\/6&#8243;][\/vc_column][vc_column width=&#8221;2\/6&#8243; el_class=&#8221;v-center&#8221;][vc_column_text css_animation=&#8221;bottom-to-top&#8221; el_class=&#8221;description-text p-width-h&#8221;]<\/p>\n<p style=\"text-align: center;\"><strong>MIT ABSTAND DIE BESTEN EVENTS<\/strong><\/p>\n<p style=\"text-align: left;\">Sichere Veranstaltungen sind m\u00f6glich, wenn\u2026<\/p>\n<ul style=\"line-height: 1.542;\">\n<li style=\"text-align: left;\">flexible L\u00f6sungen zur Veranstaltungsumsetzung vorhanden sind, z.B. durch Trackingl\u00f6sungen<\/li>\n<li style=\"text-align: left;\">die Eventlocation ein sicheres Zusammenkommen der Teilnehmer erm\u00f6glicht, um die Gesundheit aller zu wahren<\/li>\n<li style=\"text-align: left;\">das mit der Eventumsetzung betraute Unternehmen \u00fcber fundierte Kenntnisse des rechtlichen Regelrahmens sowie der Hygiene und Sicherheitsregelungen verf\u00fcgt.<\/li>\n<li style=\"text-align: left;\">ein koordiniertes Einlassmanagement\/Kontrolle f\u00fcr das dynamische Crowdmanagement m\u00f6glich ist.<\/li>\n<li style=\"text-align: left;\">eng mit Gesundheitsbeh\u00f6rden zusammengearbeitet wird.<\/li>\n<li style=\"text-align: left;\">wenn fundierte Kenntnisse und eine sorgf\u00e4ltige Planung vorausgesetzt werden k\u00f6nnen.<\/li>\n<\/ul>\n<p>[\/vc_column_text][\/vc_column][vc_column width=&#8221;2\/6&#8243; el_class=&#8221;v-center&#8221;][vc_single_image image=&#8221;21119&#8243; img_size=&#8221;full&#8221; alignment=&#8221;center&#8221; css_animation=&#8221;fadeIn&#8221; el_class=&#8221;img-zoom blue-squar&#8221; css=&#8221;.vc_custom_1601639603273{margin-top: 2vmax !important;}&#8221;][\/vc_column][vc_column width=&#8221;1\/6&#8243;][\/vc_column][\/vc_row][vc_row css=&#8221;.vc_custom_1601635641211{margin-top: 4vmax !important;margin-bottom: 4vmax !important;}&#8221;][vc_column]<div class=\"ubtn-ctn-center\"><a class=\"ubtn-link ubtn-center ubtn-normal touch-btn long\" href = \"https:\/\/mr-congress.com\/de\/wp-content\/uploads\/sites\/3\/2025\/04\/Hygieneempfehlung-der-Senatsverwaltung-fur-Wirtschaft-Energie-und-Betriebe-fur-sichere-Veranstaltungen.pdf\" target=' _blank' ><button type=\"button\" class=\"ubtn ubtn-normal ubtn-no-hover-bg  none  ubtn-center   tooltip-69e343b1b4571\"  data-hover=\"#c95038\" data-border-color=\"#c95038\" data-bg=\"rgba(255,255,255,0.01)\" data-hover-bg=\"rgba(197,230,249,0.29)\" data-border-hover=\"rgba(197,230,249,0.29)\" data-shadow-hover=\"\" data-shadow-click=\"none\" data-shadow=\"\" data-shd-shadow=\"\" style=\"font-weight:normal;border-radius:0px;border-width:3px;border-color:#c95038;border-style:solid;background: rgba(255,255,255,0.01);color: #4c4b4b;\"><span class=\"ubtn-hover\"><\/span><span class=\"ubtn-data ubtn-text\">Hygieneempfehlung Berlin<\/span><\/button><\/a><\/div>[\/vc_column][\/vc_row][\/vc_section][vc_row css=&#8221;.vc_custom_1593682431800{margin-top: 4vmax !important;margin-bottom: 4vmax !important;}&#8221;][vc_column][vc_column_text]<\/p>\n<div style=\"text-align: center; font-size: 1.2em; font-weight: bold;\">Jetzt teilen<br \/>\n\t\t<div class=\"ss-inline-share-wrapper ss-hover-animation-fade ss-with-counter-border ss-inline-total-counter-left\">\n\n\t\t\t\t\t\t\n\t\t\t<div class=\"ss-inline-share-content\">\n\t\t\t\t\n\t\t\t\t\t\t\t\t\t\t\t\n\t\t\t<\/div><!-- END .ss-inline-share-content -->\n\t\t<\/div><!-- END .ss-inline-share-wrapper -->\n\t\t<\/div>\n<p>[\/vc_column_text][\/vc_column][\/vc_row]<\/p>\n","protected":false},"excerpt":{"rendered":"<p>[vc_section css=&#8221;.vc_custom_1532947345321{margin-top: 70px !important;}&#8221;][vc_row bg_type=&#8221;image&#8221; parallax_style=&#8221;vcpb-default&#8221; bg_image_new=&#8221;21100|https:\/\/mr-congress.com\/de\/wp-content\/uploads\/sites\/3\/2020\/10\/school.jpg&#8221; bg_image_repeat=&#8221;no-repeat&#8221; bg_override=&#8221;ex-full&#8221;][vc_column width=&#8221;1\/4&#8243; offset=&#8221;vc_hidden-md vc_hidden-sm vc_hidden-xs&#8221;][vc_empty_space height=&#8221;21vmax&#8221;][\/vc_column][vc_column width=&#8221;1\/4&#8243; offset=&#8221;vc_hidden-xs&#8221;][vc_empty_space height=&#8221;324px&#8221;][\/vc_column][vc_column width=&#8221;1\/4&#8243;][vc_empty_space height=&#8221;&#8221;][\/vc_column][vc_column width=&#8221;1\/4&#8243;][vc_empty_space height=&#8221;192px&#8221;][vc_column_text][\/vc_column_text][\/vc_column][\/vc_row][\/vc_section][vc_section css=&#8221;.vc_custom_1592390592495{background-position: 0 0 !important;background-repeat: no-repeat !important;}&#8221;][vc_row content_placement=&#8221;middle&#8221; bg_type=&#8221;image&#8221; parallax_style=&#8221;vcpb-default&#8221; bg_image_repeat=&#8221;no-repeat&#8221; bg_image_size=&#8221;contain&#8221; bg_override=&#8221;ex-full&#8221;][vc_column css_animation=&#8221;fadeInUp&#8221; css=&#8221;.vc_custom_1553589290951{margin-bottom: 20px !important;background-position: 0 0 !important;background-repeat: no-repeat !important;}&#8221;][vc_row_inner][vc_column_inner][vc_column_text css_animation=&#8221;fadeInUp&#8221; css=&#8221;.vc_custom_1754060161394{background-position: center !important;background-repeat: no-repeat !important;background-size: contain !important;}&#8221;]<\/p>\n<p>Safety First<br \/>\nEVENT-MANAGEMENT IM FALLE EINER PANDEMIE<\/p>\n<p>[\/vc_column_text][vc_column_text css_animation=&#8221;none&#8221; el_class=&#8221;description-text p-width-60&#8243;]Wir freuen uns auf Sie und bemerkenswerte Events. Mit unseren Partnern haben wir vereint an L\u00f6sungen gearbeitet, um verantwortungsvolle Veranstaltungen und einen sicheren [&#8230;]<\/p>\n","protected":false},"author":5,"featured_media":0,"parent":0,"menu_order":0,"comment_status":"closed","ping_status":"closed","template":"","meta":[],"_links":{"self":[{"href":"https:\/\/mr-congress.com\/de\/wp-json\/wp\/v2\/pages\/21103"}],"collection":[{"href":"https:\/\/mr-congress.com\/de\/wp-json\/wp\/v2\/pages"}],"about":[{"href":"https:\/\/mr-congress.com\/de\/wp-json\/wp\/v2\/types\/page"}],"author":[{"embeddable":true,"href":"https:\/\/mr-congress.com\/de\/wp-json\/wp\/v2\/users\/5"}],"replies":[{"embeddable":true,"href":"https:\/\/mr-congress.com\/de\/wp-json\/wp\/v2\/comments?post=21103"}],"version-history":[{"count":35,"href":"https:\/\/mr-congress.com\/de\/wp-json\/wp\/v2\/pages\/21103\/revisions"}],"predecessor-version":[{"id":24253,"href":"https:\/\/mr-congress.com\/de\/wp-json\/wp\/v2\/pages\/21103\/revisions\/24253"}],"wp:attachment":[{"href":"https:\/\/mr-congress.com\/de\/wp-json\/wp\/v2\/media?parent=21103"}],"curies":[{"name":"wp","href":"https:\/\/api.w.org\/{rel}","templated":true}]}}