{"id":22006,"date":"2019-11-13T15:21:05","date_gmt":"2019-11-13T14:21:05","guid":{"rendered":"https:\/\/mr-congress.com\/de\/?page_id=22006"},"modified":"2025-07-16T15:02:06","modified_gmt":"2025-07-16T13:02:06","slug":"nachhaltig-denken","status":"publish","type":"page","link":"https:\/\/mr-congress.com\/de\/nachhaltig-denken\/","title":{"rendered":"Nachhaltig denken"},"content":{"rendered":"<p>[vc_section css=&#8221;.vc_custom_1532947345321{margin-top: 70px !important;}&#8221;][vc_row bg_type=&#8221;image&#8221; parallax_style=&#8221;vcpb-default&#8221; bg_image_new=&#8221;22015|https:\/\/mr-congress.com\/de\/wp-content\/uploads\/sites\/3\/2021\/10\/children-1.jpg&#8221; bg_image_repeat=&#8221;no-repeat&#8221; bg_override=&#8221;full&#8221;][vc_column width=&#8221;1\/4&#8243; offset=&#8221;vc_hidden-md vc_hidden-sm vc_hidden-xs&#8221;][vc_empty_space height=&#8221;370px&#8221;][\/vc_column][vc_column width=&#8221;1\/4&#8243; offset=&#8221;vc_hidden-xs&#8221;][vc_empty_space height=&#8221;323px&#8221;][\/vc_column][vc_column width=&#8221;1\/4&#8243;][vc_empty_space height=&#8221;&#8221;][\/vc_column][vc_column width=&#8221;1\/4&#8243;][vc_empty_space height=&#8221;192px&#8221;][vc_column_text][\/vc_column_text][\/vc_column][\/vc_row][\/vc_section][vc_section css=&#8221;.vc_custom_1601624046381{background-position: 0 0 !important;background-repeat: no-repeat !important;}&#8221;][vc_row content_placement=&#8221;middle&#8221; bg_type=&#8221;image&#8221; parallax_style=&#8221;vcpb-default&#8221; bg_image_repeat=&#8221;no-repeat&#8221; bg_image_size=&#8221;contain&#8221; bg_override=&#8221;ex-full&#8221;][vc_column css_animation=&#8221;fadeInUp&#8221; css=&#8221;.vc_custom_1553589290951{margin-bottom: 20px !important;background-position: 0 0 !important;background-repeat: no-repeat !important;}&#8221;][vc_row_inner][vc_column_inner][vc_column_text css_animation=&#8221;fadeInUp&#8221; css=&#8221;.vc_custom_1676987309306{background-position: center !important;background-repeat: no-repeat !important;background-size: contain !important;}&#8221;]<\/p>\n<h1 class=\"lovely-heading\"><span class=\"brush-bg-img mk-2-bg-img\">Nachhaltig denken<\/span><\/h1>\n<h1 class=\"sub-heading\"><span style=\"font-size: 0.4em;\">ZUKUNFTSORIENTIERT HANDELN<\/span><\/h1>\n<p>[\/vc_column_text][vc_column_text css_animation=&#8221;none&#8221; el_class=&#8221;description-text p-width-80&#8243; css=&#8221;.vc_custom_1633591992616{margin-top: 2em !important;}&#8221;]Bei der Planung und Durchf\u00fchrung unserer Events wollen wir unseren Kund*innen bevorzugt Leistungstr\u00e4ger anbieten, f\u00fcr die Nachhaltigkeit ebenfalls eine wichtige Rolle f\u00fcr ihr unternehmerisches Handeln darstellt oder die bereits entsprechend zertifiziert sind.<\/p>\n<p>Gemeinsam k\u00f6nnen wir bei der Eventplanung eine Menge zum Klimaschutz beitragen. Lassen Sie uns zusammen innovative Konzepte f\u00fcr nachhaltige Veranstaltungen entwickeln.[\/vc_column_text][\/vc_column_inner][\/vc_row_inner][\/vc_column][\/vc_row][vc_row equal_height=&#8221;yes&#8221; css=&#8221;.vc_custom_1620560710536{margin-top: 4vmax !important;margin-bottom: 1vmax !important;}&#8221;][vc_column el_class=&#8221;bg-clr&#8221;][vc_row_inner][vc_column_inner][vc_column_text css_animation=&#8221;fadeInUp&#8221; el_class=&#8221;description-text p-width-60&#8243;]Helfen Sie uns, etwas zu ver\u00e4ndern und werden Sie einer unserer[\/vc_column_text][vc_column_text css_animation=&#8221;bottom-to-top&#8221; css=&#8221;.vc_custom_1633591319211{margin-top: 25px !important;margin-bottom: 25px !important;background-position: center !important;background-repeat: no-repeat !important;background-size: contain !important;}&#8221;]<\/p>\n<h2 class=\"sub-heading red-bloc\"><span style=\"font-size: 0.451em; text-transform: uppercase; position: relative;\">SUSTAINABLE PREFERRED PARTNER<\/span><\/h2>\n<p>[\/vc_column_text][\/vc_column_inner][\/vc_row_inner][\/vc_column][\/vc_row][\/vc_section][vc_row css=&#8221;.vc_custom_1620373385889{margin-top: 4vmax !important;margin-bottom: 4vmax !important;}&#8221;][vc_column][vc_column_text css_animation=&#8221;fadeInUp&#8221; el_class=&#8221;description-text p-width-60&#8243;]Unterst\u00fctzen Sie uns und f\u00fcllen Sie schnell &amp; unkompliziert unsere Checkliste aus.<br \/>\nDankesch\u00f6n![\/vc_column_text][vc_row_inner][vc_column_inner]<div class=\"ubtn-ctn-center\"><a class=\"ubtn-link ubtn-center ubtn-normal touch-btn\" href = \"https:\/\/mr-congress.com\/de\/checkliste-nachhaltigkeit\/\" target='' ><button type=\"button\" class=\"ubtn ubtn-normal ubtn-no-hover-bg  none  ubtn-center   tooltip-69f20a35cea3b\"  data-hover=\"#c95038\" data-border-color=\"rgba(170,244,179,0.7)\" data-bg=\"rgba(255,255,255,0.01)\" data-hover-bg=\"rgba(170,244,179,0.7)\" data-border-hover=\"rgba(170,244,179,0.7)\" data-shadow-hover=\"\" data-shadow-click=\"none\" data-shadow=\"\" data-shd-shadow=\"\" style=\"font-weight:normal;border-radius:0px;border-width:3px;border-color:rgba(170,244,179,0.7);border-style:solid;background: rgba(255,255,255,0.01);color: #4c4b4b;\"><span class=\"ubtn-hover\"><\/span><span class=\"ubtn-data ubtn-text\">jetzt ausf\u00fcllen<\/span><\/button><\/a><\/div>[\/vc_column_inner][\/vc_row_inner][\/vc_column][\/vc_row][vc_row css=&#8221;.vc_custom_1620373385889{margin-top: 4vmax !important;margin-bottom: 4vmax !important;}&#8221;][vc_column][vc_single_image image=&#8221;22026&#8243; img_size=&#8221;full&#8221; alignment=&#8221;center&#8221;][\/vc_column][\/vc_row][vc_row css=&#8221;.vc_custom_1593682320017{margin-top: 4vmax !important;margin-bottom: 4vmax !important;}&#8221;][vc_column][vc_column_text]<\/p>\n<div style=\"text-align: center; font-size: 1.2em; font-weight: bold;\">Jetzt teilen<br \/>\n\t\t<div class=\"ss-inline-share-wrapper ss-hover-animation-fade ss-with-counter-border ss-inline-total-counter-left\">\n\n\t\t\t\t\t\t\n\t\t\t<div class=\"ss-inline-share-content\">\n\t\t\t\t\n\t\t\t\t\t\t\t\t\t\t\t\n\t\t\t<\/div><!-- END .ss-inline-share-content -->\n\t\t<\/div><!-- END .ss-inline-share-wrapper -->\n\t\t<\/div>\n<p>[\/vc_column_text][\/vc_column][\/vc_row]<\/p>\n","protected":false},"excerpt":{"rendered":"<p>[vc_section css=&#8221;.vc_custom_1532947345321{margin-top: 70px !important;}&#8221;][vc_row bg_type=&#8221;image&#8221; parallax_style=&#8221;vcpb-default&#8221; bg_image_new=&#8221;22015|https:\/\/mr-congress.com\/de\/wp-content\/uploads\/sites\/3\/2021\/10\/children-1.jpg&#8221; bg_image_repeat=&#8221;no-repeat&#8221; bg_override=&#8221;full&#8221;][vc_column width=&#8221;1\/4&#8243; offset=&#8221;vc_hidden-md vc_hidden-sm vc_hidden-xs&#8221;][vc_empty_space height=&#8221;370px&#8221;][\/vc_column][vc_column width=&#8221;1\/4&#8243; offset=&#8221;vc_hidden-xs&#8221;][vc_empty_space height=&#8221;323px&#8221;][\/vc_column][vc_column width=&#8221;1\/4&#8243;][vc_empty_space height=&#8221;&#8221;][\/vc_column][vc_column width=&#8221;1\/4&#8243;][vc_empty_space height=&#8221;192px&#8221;][vc_column_text][\/vc_column_text][\/vc_column][\/vc_row][\/vc_section][vc_section css=&#8221;.vc_custom_1601624046381{background-position: 0 0 !important;background-repeat: no-repeat !important;}&#8221;][vc_row content_placement=&#8221;middle&#8221; bg_type=&#8221;image&#8221; parallax_style=&#8221;vcpb-default&#8221; bg_image_repeat=&#8221;no-repeat&#8221; bg_image_size=&#8221;contain&#8221; bg_override=&#8221;ex-full&#8221;][vc_column css_animation=&#8221;fadeInUp&#8221; css=&#8221;.vc_custom_1553589290951{margin-bottom: 20px !important;background-position: 0 0 !important;background-repeat: no-repeat !important;}&#8221;][vc_row_inner][vc_column_inner][vc_column_text css_animation=&#8221;fadeInUp&#8221; css=&#8221;.vc_custom_1676987309306{background-position: center !important;background-repeat: no-repeat !important;background-size: contain !important;}&#8221;]<\/p>\n<p>Nachhaltig denken<br \/>\nZUKUNFTSORIENTIERT HANDELN<\/p>\n<p>[\/vc_column_text][vc_column_text css_animation=&#8221;none&#8221; el_class=&#8221;description-text p-width-80&#8243; css=&#8221;.vc_custom_1633591992616{margin-top: 2em !important;}&#8221;]Bei der Planung und Durchf\u00fchrung unserer Events wollen wir unseren Kund*innen bevorzugt Leistungstr\u00e4ger anbieten, f\u00fcr die Nachhaltigkeit ebenfalls eine wichtige Rolle f\u00fcr ihr [&#8230;]<\/p>\n","protected":false},"author":5,"featured_media":0,"parent":0,"menu_order":0,"comment_status":"closed","ping_status":"closed","template":"","meta":[],"_links":{"self":[{"href":"https:\/\/mr-congress.com\/de\/wp-json\/wp\/v2\/pages\/22006"}],"collection":[{"href":"https:\/\/mr-congress.com\/de\/wp-json\/wp\/v2\/pages"}],"about":[{"href":"https:\/\/mr-congress.com\/de\/wp-json\/wp\/v2\/types\/page"}],"author":[{"embeddable":true,"href":"https:\/\/mr-congress.com\/de\/wp-json\/wp\/v2\/users\/5"}],"replies":[{"embeddable":true,"href":"https:\/\/mr-congress.com\/de\/wp-json\/wp\/v2\/comments?post=22006"}],"version-history":[{"count":14,"href":"https:\/\/mr-congress.com\/de\/wp-json\/wp\/v2\/pages\/22006\/revisions"}],"predecessor-version":[{"id":24402,"href":"https:\/\/mr-congress.com\/de\/wp-json\/wp\/v2\/pages\/22006\/revisions\/24402"}],"wp:attachment":[{"href":"https:\/\/mr-congress.com\/de\/wp-json\/wp\/v2\/media?parent=22006"}],"curies":[{"name":"wp","href":"https:\/\/api.w.org\/{rel}","templated":true}]}}