{"id":22408,"date":"2023-02-07T15:47:53","date_gmt":"2023-02-07T14:47:53","guid":{"rendered":"https:\/\/mr-congress.com\/de\/?page_id=22408"},"modified":"2023-02-21T14:21:40","modified_gmt":"2023-02-21T13:21:40","slug":"unser-selbstverstandnis","status":"publish","type":"page","link":"https:\/\/mr-congress.com\/de\/unser-selbstverstandnis\/","title":{"rendered":"Selbstverst\u00e4ndnis"},"content":{"rendered":"<p>[vc_section css=&#8221;.vc_custom_1675768606086{margin-top: 75px !important;}&#8221; el_class=&#8221;fillheight&#8221;][vc_row bg_type=&#8221;image&#8221; parallax_style=&#8221;vcpb-default&#8221; bg_image_new=&#8221;21934|https:\/\/mr-congress.com\/en\/wp-content\/uploads\/sites\/2\/2023\/02\/birds-g67b67cdd1_1280.jpg&#8221; bg_image_repeat=&#8221;no-repeat&#8221; bg_override=&#8221;ex-full&#8221; bg_image_position=&#8221;center&#8221;][vc_column width=&#8221;1\/3&#8243; offset=&#8221;vc_hidden-sm vc_hidden-xs&#8221;][vc_column_text]<img decoding=\"async\" class=\"alignright\" src=\"https:\/\/mr-congress.com\/de\/wp-content\/uploads\/sites\/3\/2018\/06\/airplane.svg\" alt=\"airplane\" \/>[\/vc_column_text][vc_empty_space height=&#8221;430px&#8221;][\/vc_column][vc_column width=&#8221;1\/3&#8243; offset=&#8221;vc_hidden-lg vc_hidden-xs&#8221;][vc_empty_space height=&#8221;390px&#8221;][\/vc_column][vc_column width=&#8221;1\/3&#8243; offset=&#8221;vc_hidden-lg vc_hidden-md&#8221;][vc_empty_space height=&#8221;240px&#8221;][\/vc_column][\/vc_row][vc_row content_placement=&#8221;middle&#8221; bg_type=&#8221;image&#8221; parallax_style=&#8221;vcpb-default&#8221; bg_image_new=&#8221;9167|https:\/\/mr-congress.com\/de\/wp-content\/uploads\/sites\/3\/2018\/08\/ICON_events_erlebnisse_lights_V2_animated-3.svg&#8221; bg_image_repeat=&#8221;no-repeat&#8221; bg_image_size=&#8221;contain&#8221; bg_override=&#8221;ex-full&#8221;][vc_column css_animation=&#8221;fadeInUp&#8221; css=&#8221;.vc_custom_1535026171733{margin-top: 60px !important;margin-bottom: 20px !important;background-position: 0 0 !important;background-repeat: no-repeat !important;}&#8221;][vc_column_text css_animation=&#8221;fadeInUp&#8221; css=&#8221;.vc_custom_1675783283550{background-position: center !important;background-repeat: no-repeat !important;background-size: contain !important;}&#8221; el_class=&#8221;single-heading&#8221;]<\/p>\n<h1 class=\"home-lovely-heading \"><span class=\"ir-bg-img\">\u00a0 Unser \u00a0\u00a0 <\/span><\/h1>\n<h1 class=\"home-sub-heading\">SELBSTVERST\u00c4NDNIS<\/h1>\n<p>[\/vc_column_text][vc_column_text css_animation=&#8221;none&#8221; el_class=&#8221;description-text p-width-60&#8243;]Unsere Mitarbeiter*innen mit ihren unterschiedlichen Erfahrungen und Perspektiven sind unsere wichtigste Ressource. Dieses Potenzial wollen wir stets konsequent f\u00f6rdern und gemeinsam unsere Zukunftsf\u00e4higkeit sichern.[\/vc_column_text][\/vc_column][\/vc_row][\/vc_section][vc_section el_id=&#8221;painting&#8221;][vc_row equal_height=&#8221;yes&#8221; css=&#8221;.vc_custom_1592812676839{margin-bottom: 4vmax !important;}&#8221;][vc_column width=&#8221;1\/2&#8243; el_class=&#8221;v-center&#8221;][vc_single_image image=&#8221;22410&#8243; img_size=&#8221;full&#8221; alignment=&#8221;center&#8221; css_animation=&#8221;fadeIn&#8221; el_class=&#8221;img-zoom blue-squar&#8221; css=&#8221;.vc_custom_1675781055125{margin-top: 2vmax !important;}&#8221;][\/vc_column][vc_column width=&#8221;1\/2&#8243; el_class=&#8221;v-center&#8221;][vc_column_text css_animation=&#8221;bottom-to-top&#8221; el_class=&#8221;description-text p-width-h&#8221;]Das Selbstverst\u00e4ndnis der MR Congress &amp; Incentive GmbH beinhaltet eindeutig ein Bekenntnis zur <strong><span style=\"background: #ffeb90e3; box-shadow: 0 0 0 4px #ffeb90e3;\">Diversit\u00e4t<\/span><\/strong> . Alle Menschen besitzen sichtbare und unsichtbare Qualit\u00e4ten, die sie einzigartig machen, und wir sind bestrebt, eine inklusive Betriebs-Kultur zu schaffen, in der jede Person wei\u00df, dass sie gesch\u00e4tzt wird und dazugeh\u00f6rt.<br \/>\nWir setzen auf Chancengleichheit \u2013 f\u00fcr Menschen unterschiedlichen Geschlechts, unterschiedlicher sexueller Orientierung und Identit\u00e4t, kultureller und sozialer Herkunft, Nationalit\u00e4t, Religion und Weltanschauung, unterschiedlicher k\u00f6rperlicher und geistiger F\u00e4higkeiten und unterschiedlichen Alters \u2013 ebenso wie f\u00fcr nachhaltige Familienfreundlichkeit f\u00fcr Besch\u00e4ftigte und Auszubildende.[\/vc_column_text][\/vc_column][\/vc_row][vc_row equal_height=&#8221;yes&#8221; el_class=&#8221;reverse-row&#8221; css=&#8221;.vc_custom_1592812681333{margin-bottom: 4vmax !important;}&#8221;][vc_column width=&#8221;1\/2&#8243; el_class=&#8221;v-center&#8221;][vc_column_text css_animation=&#8221;bottom-to-top&#8221; el_class=&#8221;description-text p-width-h&#8221;]<\/p>\n<p style=\"text-align: left;\">Leider ist die Auseinandersetzung mit Rechtsextremismus, Fremdenfeindlichkeit, Rassismus und Antisemitismus eine Herausforderung, die weiterhin unsere gesamte Gesellschaft angeht und besch\u00e4ftigen sollte. Das Bekenntnis zur freiheitlich demokratischen Grundordnung und die\u00a0 <strong><span style=\"background: #df7059; box-shadow: 0 0 0 4px #df7059;\">Absage an jede Form vom Extremismus\u00a0<\/span><\/strong> geh\u00f6ren daher auch zu den Prinzipien der MR Congress &amp; Incentive GmbH.<\/p>\n<p>[\/vc_column_text][\/vc_column][vc_column width=&#8221;1\/2&#8243; el_class=&#8221;v-center&#8221;][vc_single_image image=&#8221;22411&#8243; img_size=&#8221;full&#8221; alignment=&#8221;center&#8221; css_animation=&#8221;fadeIn&#8221; el_class=&#8221;img-zoom blue-squar&#8221;][\/vc_column][\/vc_row][vc_row equal_height=&#8221;yes&#8221; el_class=&#8221;reverse-row&#8221; css=&#8221;.vc_custom_1592812681333{margin-bottom: 4vmax !important;}&#8221;][vc_column width=&#8221;1\/2&#8243; el_class=&#8221;v-center&#8221;][vc_single_image image=&#8221;22420&#8243; img_size=&#8221;full&#8221; alignment=&#8221;center&#8221; css_animation=&#8221;fadeIn&#8221; el_class=&#8221;img-zoom blue-squar&#8221;][vc_column_text]<\/p>\n<p>&nbsp;<\/p>\n<p>&nbsp;<\/p>\n<p>[\/vc_column_text][\/vc_column][vc_column width=&#8221;1\/2&#8243; el_class=&#8221;v-center&#8221;][vc_column_text css_animation=&#8221;bottom-to-top&#8221; el_class=&#8221;description-text p-width-h&#8221;]<\/p>\n<p style=\"text-align: left;\">Die MR Congress &amp; Incentive GmbH ist sich ebenso ihrer sozialen Verantwortung bewusst und bekennt sich dementsprechend zur\u00a0 <strong><span style=\"background: #f5ba92; box-shadow: 0 0 0 4px #f5ba92;\">Wahrung der Menschenrechte<\/span><\/strong>. Dabei beziehen wir nicht nur unsere eigene Gesch\u00e4ftst\u00e4tigkeit ein, sondern auch die unserer Stakeholder entlang der Wertsch\u00f6pfungskette wie Lieferanten oder Gesch\u00e4ftspartner.<br \/>\nDas betrifft u.a. das Recht auf Vereinigungsfreiheit und das Recht auf Kollektivverhandlungen; die Beseitigung aller Formen von Zwangs- oder Pflichtarbeit; die effektive Abschaffung der Kinderarbeit; und die Beseitigung von Diskriminierung in Besch\u00e4ftigung und Beruf.<\/p>\n<p>[\/vc_column_text][\/vc_column][\/vc_row][vc_row][vc_column][vc_column_text el_class=&#8221;yellow-bar description-text p-width-60&#8243;]<\/p>\n<p>Unsere Mitarbeiter*Innen stehen im Mittelpunkt unserer Aktivit\u00e4ten. Indem wir ihnen Besch\u00e4ftigungsm\u00f6glichkeiten bieten, ermutigen wir sie, sich zu entfalten. Um dies zu erreichen, setzen wir uns nachdr\u00fccklich f\u00fcr den Schutz und die Achtung ihrer Menschenrechte ein und sorgen f\u00fcr einen Arbeitsplatz, an dem sie mit Fairness, Integrit\u00e4t, Respekt und Achtung behandelt werden.<\/p>\n<p>&nbsp;<\/p>\n<p>[\/vc_column_text][\/vc_column][\/vc_row][\/vc_section]<\/p>\n","protected":false},"excerpt":{"rendered":"<p>[vc_section css=&#8221;.vc_custom_1675768606086{margin-top: 75px !important;}&#8221; el_class=&#8221;fillheight&#8221;][vc_row bg_type=&#8221;image&#8221; parallax_style=&#8221;vcpb-default&#8221; bg_image_new=&#8221;21934|https:\/\/mr-congress.com\/en\/wp-content\/uploads\/sites\/2\/2023\/02\/birds-g67b67cdd1_1280.jpg&#8221; bg_image_repeat=&#8221;no-repeat&#8221; bg_override=&#8221;ex-full&#8221; bg_image_position=&#8221;center&#8221;][vc_column width=&#8221;1\/3&#8243; offset=&#8221;vc_hidden-sm vc_hidden-xs&#8221;][vc_column_text][\/vc_column_text][vc_empty_space height=&#8221;430px&#8221;][\/vc_column][vc_column width=&#8221;1\/3&#8243; offset=&#8221;vc_hidden-lg vc_hidden-xs&#8221;][vc_empty_space height=&#8221;390px&#8221;][\/vc_column][vc_column width=&#8221;1\/3&#8243; offset=&#8221;vc_hidden-lg vc_hidden-md&#8221;][vc_empty_space height=&#8221;240px&#8221;][\/vc_column][\/vc_row][vc_row content_placement=&#8221;middle&#8221; bg_type=&#8221;image&#8221; parallax_style=&#8221;vcpb-default&#8221; bg_image_new=&#8221;9167|https:\/\/mr-congress.com\/de\/wp-content\/uploads\/sites\/3\/2018\/08\/ICON_events_erlebnisse_lights_V2_animated-3.svg&#8221; bg_image_repeat=&#8221;no-repeat&#8221; bg_image_size=&#8221;contain&#8221; bg_override=&#8221;ex-full&#8221;][vc_column css_animation=&#8221;fadeInUp&#8221; css=&#8221;.vc_custom_1535026171733{margin-top: 60px !important;margin-bottom: 20px !important;background-position: 0 0 !important;background-repeat: no-repeat !important;}&#8221;][vc_column_text css_animation=&#8221;fadeInUp&#8221; css=&#8221;.vc_custom_1675783283550{background-position: center !important;background-repeat: no-repeat !important;background-size: contain !important;}&#8221; el_class=&#8221;single-heading&#8221;]<\/p>\n<p>\u00a0 Unser \u00a0\u00a0<br \/>\nSELBSTVERST\u00c4NDNIS<\/p>\n<p>[\/vc_column_text][vc_column_text css_animation=&#8221;none&#8221; el_class=&#8221;description-text p-width-60&#8243;]Unsere Mitarbeiter*innen mit ihren unterschiedlichen Erfahrungen und Perspektiven sind unsere wichtigste Ressource. Dieses Potenzial wollen wir stets konsequent f\u00f6rdern und gemeinsam unsere Zukunftsf\u00e4higkeit sichern.[\/vc_column_text][\/vc_column][\/vc_row][\/vc_section][vc_section el_id=&#8221;painting&#8221;][vc_row [&#8230;]<\/p>\n","protected":false},"author":5,"featured_media":0,"parent":0,"menu_order":0,"comment_status":"closed","ping_status":"closed","template":"","meta":[],"_links":{"self":[{"href":"https:\/\/mr-congress.com\/de\/wp-json\/wp\/v2\/pages\/22408"}],"collection":[{"href":"https:\/\/mr-congress.com\/de\/wp-json\/wp\/v2\/pages"}],"about":[{"href":"https:\/\/mr-congress.com\/de\/wp-json\/wp\/v2\/types\/page"}],"author":[{"embeddable":true,"href":"https:\/\/mr-congress.com\/de\/wp-json\/wp\/v2\/users\/5"}],"replies":[{"embeddable":true,"href":"https:\/\/mr-congress.com\/de\/wp-json\/wp\/v2\/comments?post=22408"}],"version-history":[{"count":9,"href":"https:\/\/mr-congress.com\/de\/wp-json\/wp\/v2\/pages\/22408\/revisions"}],"predecessor-version":[{"id":22449,"href":"https:\/\/mr-congress.com\/de\/wp-json\/wp\/v2\/pages\/22408\/revisions\/22449"}],"wp:attachment":[{"href":"https:\/\/mr-congress.com\/de\/wp-json\/wp\/v2\/media?parent=22408"}],"curies":[{"name":"wp","href":"https:\/\/api.w.org\/{rel}","templated":true}]}}