{"id":9170,"date":"2018-02-05T16:16:55","date_gmt":"2018-02-05T16:16:55","guid":{"rendered":"https:\/\/mr-congress.com\/de\/?page_id=9170"},"modified":"2025-07-23T17:08:17","modified_gmt":"2025-07-23T15:08:17","slug":"meetings-und-tagungen","status":"publish","type":"page","link":"https:\/\/mr-congress.com\/de\/meetings-und-tagungen\/","title":{"rendered":"Meetings &#038; Tagungen"},"content":{"rendered":"<p>[vc_section css=&#8221;.vc_custom_1532947345321{margin-top: 70px !important;}&#8221;][vc_row bg_type=&#8221;image&#8221; parallax_style=&#8221;vcpb-default&#8221; bg_image_new=&#8221;10292|https:\/\/mr-congress.com\/de\/wp-content\/uploads\/sites\/3\/2018\/11\/Meetings_Tagungen_Header-1.jpg&#8221; bg_image_repeat=&#8221;no-repeat&#8221; bg_image_posiiton=&#8221;top center&#8221; bg_override=&#8221;ex-full&#8221;][vc_column width=&#8221;1\/3&#8243; offset=&#8221;vc_hidden-sm vc_hidden-xs&#8221;][vc_column_text]<img decoding=\"async\" style=\"margin-top: -800px; z-index: 9999;\" src=\"https:\/\/mr-congress.com\/de\/wp-content\/uploads\/sites\/3\/2018\/06\/airplane.svg\" alt=\"airplane\" \/>[\/vc_column_text][vc_empty_space height=&#8221;410px&#8221;][\/vc_column][vc_column width=&#8221;1\/3&#8243; offset=&#8221;vc_hidden-lg vc_hidden-xs&#8221;][vc_empty_space height=&#8221;390px&#8221;][\/vc_column][vc_column width=&#8221;1\/3&#8243; offset=&#8221;vc_hidden-lg vc_hidden-md&#8221;][vc_empty_space height=&#8221;310px&#8221;][\/vc_column][\/vc_row][vc_row content_placement=&#8221;middle&#8221; bg_type=&#8221;image&#8221; parallax_style=&#8221;vcpb-default&#8221; bg_image_new=&#8221;9167|https:\/\/mr-congress.com\/de\/wp-content\/uploads\/sites\/3\/2018\/08\/ICON_events_erlebnisse_lights_V2_animated-3.svg&#8221; bg_image_repeat=&#8221;no-repeat&#8221; bg_image_size=&#8221;contain&#8221; bg_override=&#8221;ex-full&#8221;][vc_column css_animation=&#8221;fadeInUp&#8221; css=&#8221;.vc_custom_1535026171733{margin-top: 10px !important;margin-bottom: 50px !important;background-position: 0 0 !important;background-repeat: no-repeat !important;}&#8221;][vc_column_text css_animation=&#8221;fadeInUp&#8221; css=&#8221;.vc_custom_1541418706503{background-position: center !important;background-repeat: no-repeat !important;background-size: contain !important;}&#8221;]<\/p>\n<h1 class=\"lovely-heading\"><span class=\"mt-bg-img \">Meetings <\/span><span style=\"font-size: 120px !important;\">&amp;<\/span><\/h1>\n<h1 class=\"sub-heading\">TAGUNGEN<\/h1>\n<p>[\/vc_column_text][vc_column_text css_animation=&#8221;none&#8221; el_class=&#8221;description-text&#8221;]Meetings \u00fcber Meetings in Bezug auf die Meetings,<br \/>\ndie stattgefunden haben und auch noch stattfinden sollen.[\/vc_column_text][\/vc_column][\/vc_row][\/vc_section][vc_section][vc_row][vc_column][vc_single_image image=&#8221;10202&#8243; img_size=&#8221;full&#8221; alignment=&#8221;center&#8221; css_animation=&#8221;fadeInUp&#8221;][\/vc_column][\/vc_row][vc_row css_animation=&#8221;fadeIn&#8221; css=&#8221;.vc_custom_1534339184118{margin-top: 50px !important;}&#8221;][vc_column][vc_row_inner][vc_column_inner offset=&#8221;vc_hidden-sm vc_hidden-xs&#8221;][vc_empty_space height=&#8221;92px&#8221;][\/vc_column_inner][\/vc_row_inner][vc_column_text el_class=&#8221;.description-text&#8221;]Um genau das zu vermeiden und Ihre kostbare Zeit effizienter nutzen zu k\u00f6nnen,<br \/>\n<strong>spinnen wir gemeinsam mit Ihnen den roten Faden<\/strong> f\u00fcr Ihre Meetings,<br \/>\num sie nicht nur effektiver zu gestalten, sondern auch Ihren Teilnehmer*innen Vorfreude, Freude<br \/>\nund einen bleibenden Mehrwert vermitteln zu k\u00f6nnen.[\/vc_column_text][vc_row_inner][vc_column_inner offset=&#8221;vc_hidden-sm vc_hidden-xs&#8221;][vc_empty_space height=&#8221;132px&#8221;][\/vc_column_inner][\/vc_row_inner][\/vc_column][\/vc_row][\/vc_section][vc_section][vc_row bg_type=&#8221;image&#8221; parallax_style=&#8221;vcpb-default&#8221; bg_image_new=&#8221;10288|https:\/\/mr-congress.com\/de\/wp-content\/uploads\/sites\/3\/2018\/11\/Meetings_Tagungen_Section_3_1900x430-1.jpg&#8221; bg_image_repeat=&#8221;no-repeat&#8221; bg_override=&#8221;ex-full&#8221;][vc_column][vc_column_text css_animation=&#8221;fadeInUp&#8221; css=&#8221;.vc_custom_1553600522815{background-position: center !important;background-repeat: no-repeat !important;background-size: contain !important;}&#8221; el_class=&#8221;secondary-lovely-headline&#8221;]<\/p>\n<p style=\"line-height: 2;\">Das geht uns so einfach von der Hand<\/p>\n<p>[\/vc_column_text][vc_column_text css_animation=&#8221;fadeInUp&#8221; css=&#8221;.vc_custom_1535026908055{background-position: center !important;background-repeat: no-repeat !important;background-size: contain !important;}&#8221; el_class=&#8221;editorial-headline&#8221;]wie das Thema gleichzeitig vielschichtig ist.[\/vc_column_text][\/vc_column][\/vc_row][vc_row css_animation=&#8221;fadeIn&#8221; css=&#8221;.vc_custom_1534339184118{margin-top: 50px !important;}&#8221;][vc_column][vc_row_inner][vc_column_inner offset=&#8221;vc_hidden-sm vc_hidden-xs&#8221;][vc_empty_space height=&#8221;42px&#8221;][\/vc_column_inner][\/vc_row_inner][vc_column_text el_class=&#8221;description-text-italic&#8221;]Passt die Location? Sollen die Workshops zur Plenartagung in Break-Out R\u00e4umen<br \/>\noder in der ganzen Stadt verteilt stattfinden?<br \/>\nWir kl\u00e4ren mit Ihnen die Kernfragen Ihres Meetings und bauen<br \/>\ndavon ausgehend einen Rahmen auf, in dem Sie Ihre Inhalte und Themen<br \/>\nwie in <span style=\"background: #e0ccffe3;\">einer ansprechenden Collage<\/span> optimal platzieren k\u00f6nnen.[\/vc_column_text][vc_row_inner][vc_column_inner offset=&#8221;vc_hidden-sm vc_hidden-xs&#8221;][vc_empty_space height=&#8221;72px&#8221;][\/vc_column_inner][\/vc_row_inner][\/vc_column][\/vc_row][\/vc_section][vc_section css=&#8221;.vc_custom_1534240775832{margin-top: 40px !important;margin-bottom: 40px !important;}&#8221;][vc_row][vc_column width=&#8221;1\/6&#8243;][\/vc_column][vc_column width=&#8221;2\/6&#8243;][vc_empty_space height=&#8221;300 px&#8221;][vc_column_text css_animation=&#8221;left-to-right&#8221; el_class=&#8221;description-text&#8221;]Um dem Rahmen einen gewissen klassischen Glanz zu verleihen oder ihn in kunterbunten Farben strahlen zu lassen, gehen wir Ihren Inhalten auf den Grund und finden die H\u00f6hepunkte, die sich vielleicht noch im Nebel der schier <strong>unz\u00e4hligen M\u00f6glichkeiten<\/strong> verstecken. Ob der im Trend liegende Referent, ein Seifenkistenrennen durch den Tagungsbereich oder genau die Blumendekoration, die Ihre Firmenfarbe tr\u00e4gt.[\/vc_column_text][\/vc_column][vc_column width=&#8221;2\/6&#8243;][vc_column_text css_animation=&#8221;right-to-left&#8221;]<img decoding=\"async\" loading=\"lazy\" class=\"aligncenter size-full wp-image-8233\" src=\"https:\/\/mr-congress.com\/de\/wp-content\/uploads\/sites\/3\/2018\/11\/Meetings_Collage_800x680.jpg\" alt=\"\" width=\"700\" height=\"595\" \/>[\/vc_column_text][\/vc_column][vc_column width=&#8221;1\/6&#8243;][\/vc_column][\/vc_row][vc_row equal_height=&#8221;yes&#8221; css_animation=&#8221;fadeInUp&#8221; css=&#8221;.vc_custom_1535031373080{margin-top: 80px !important;margin-bottom: 80px !important;}&#8221;][vc_column width=&#8221;1\/6&#8243;][\/vc_column][vc_column css_animation=&#8221;none&#8221; width=&#8221;2\/3&#8243;][vc_row_inner][vc_column_inner][vc_column_text el_class=&#8221;description-text&#8221;]<\/p>\n<p style=\"text-align: center;\"><strong>Das Auge daf\u00fcr haben wir<\/strong> und setzen es gerne f\u00fcr Sie ein! Damit nicht nur die Voraussetzungen perfekt f\u00fcr <strong>den richtigen Effekt<\/strong> sind, sondern auch Ihre Teilnehmer*innen mit maximaler Aufnahmef\u00e4higkeit Ihre Veranstaltung erleben k\u00f6nnen, k\u00fcmmern wir uns ebenfalls um die Aufh\u00e4ngung dieses Rahmens: Ob kleine Kaffeepausen zwischendurch, <strong>Team Building<\/strong> w\u00e4hrend der\u00a0<strong>Meetings im Saal<\/strong> oder ein Dine-Around zum F\u00fc\u00dfe vertreten. So bleibt Ihre Veranstaltung nicht nur inhaltlich, sondern auch emotional in Erinnerung:<\/p>\n<p>\u00a0[\/vc_column_text][\/vc_column_inner][\/vc_row_inner][\/vc_column][vc_column width=&#8221;1\/6&#8243;][\/vc_column][\/vc_row][\/vc_section][vc_section][vc_row bg_type=&#8221;image&#8221; parallax_style=&#8221;vcpb-default&#8221; bg_image_new=&#8221;10207|https:\/\/mr-congress.com\/de\/wp-content\/uploads\/sites\/3\/2018\/11\/Meetings_Tagungen_Section_6_1900x430.jpg&#8221; bg_image_repeat=&#8221;no-repeat&#8221; bg_override=&#8221;ex-full&#8221;][vc_column][vc_row_inner][vc_column_inner offset=&#8221;vc_hidden-sm vc_hidden-xs&#8221;][vc_empty_space height=&#8221;26px&#8221;][\/vc_column_inner][\/vc_row_inner][vc_column_text css_animation=&#8221;fadeInUp&#8221; css=&#8221;.vc_custom_1548161066263{background-position: center !important;background-repeat: no-repeat !important;background-size: contain !important;}&#8221; el_class=&#8221;secondary-lovely-headline&#8221;]<span style=\"color: #fff;\">\u201e Jeder Wunsch kann Realit\u00e4t werden&#8230;\u201c<\/span>[\/vc_column_text][vc_row_inner][vc_column_inner offset=&#8221;vc_hidden-sm vc_hidden-xs&#8221;][vc_empty_space height=&#8221;112px&#8221;][\/vc_column_inner][\/vc_row_inner][\/vc_column][\/vc_row][vc_row css_animation=&#8221;fadeIn&#8221; css=&#8221;.vc_custom_1534339184118{margin-top: 50px !important;}&#8221;][vc_column][vc_row_inner][vc_column_inner offset=&#8221;vc_hidden-xs&#8221;][vc_empty_space height=&#8221;72px&#8221;][\/vc_column_inner][\/vc_row_inner][vc_column_text el_class=&#8221;description-text-italic&#8221;]<\/p>\n<p style=\"font-family: DidotLTPro-BoldItalic !important;\">&#8230; und damit Ihr Meeting zu einem unvergesslichen Erlebnis f\u00fcr Ihre Teilnehmer*innen machen.<br \/>\nLocation, Catering, Transfers, Highlights, Komfort, Zuverl\u00e4ssigkeit und Lebendigkeit:<br \/>\nAlles aus einer Hand \u2013 In The Box &#8211; \u2026 mit Schleife drum herum! Ihr Geschenk an Ihre<br \/>\nTeilnehmer*innen, <span style=\"background: #ffeb90e3;\">mit Liebe, Sorgfalt und Leidenschaft von uns verpackt.<\/span><\/p>\n<p>[\/vc_column_text][vc_row_inner][vc_column_inner offset=&#8221;vc_hidden-xs&#8221;][vc_empty_space height=&#8221;132px&#8221;][\/vc_column_inner][\/vc_row_inner][\/vc_column][\/vc_row][\/vc_section]<\/p>\n","protected":false},"excerpt":{"rendered":"<p>[vc_section css=&#8221;.vc_custom_1532947345321{margin-top: 70px !important;}&#8221;][vc_row bg_type=&#8221;image&#8221; parallax_style=&#8221;vcpb-default&#8221; bg_image_new=&#8221;10292|https:\/\/mr-congress.com\/de\/wp-content\/uploads\/sites\/3\/2018\/11\/Meetings_Tagungen_Header-1.jpg&#8221; bg_image_repeat=&#8221;no-repeat&#8221; bg_image_posiiton=&#8221;top center&#8221; bg_override=&#8221;ex-full&#8221;][vc_column width=&#8221;1\/3&#8243; offset=&#8221;vc_hidden-sm vc_hidden-xs&#8221;][vc_column_text][\/vc_column_text][vc_empty_space height=&#8221;410px&#8221;][\/vc_column][vc_column width=&#8221;1\/3&#8243; offset=&#8221;vc_hidden-lg vc_hidden-xs&#8221;][vc_empty_space height=&#8221;390px&#8221;][\/vc_column][vc_column width=&#8221;1\/3&#8243; offset=&#8221;vc_hidden-lg vc_hidden-md&#8221;][vc_empty_space height=&#8221;310px&#8221;][\/vc_column][\/vc_row][vc_row content_placement=&#8221;middle&#8221; bg_type=&#8221;image&#8221; parallax_style=&#8221;vcpb-default&#8221; bg_image_new=&#8221;9167|https:\/\/mr-congress.com\/de\/wp-content\/uploads\/sites\/3\/2018\/08\/ICON_events_erlebnisse_lights_V2_animated-3.svg&#8221; bg_image_repeat=&#8221;no-repeat&#8221; bg_image_size=&#8221;contain&#8221; bg_override=&#8221;ex-full&#8221;][vc_column css_animation=&#8221;fadeInUp&#8221; css=&#8221;.vc_custom_1535026171733{margin-top: 10px !important;margin-bottom: 50px !important;background-position: 0 0 !important;background-repeat: no-repeat !important;}&#8221;][vc_column_text css_animation=&#8221;fadeInUp&#8221; css=&#8221;.vc_custom_1541418706503{background-position: center !important;background-repeat: no-repeat !important;background-size: contain !important;}&#8221;]<\/p>\n<p>Meetings &amp;<br \/>\nTAGUNGEN<\/p>\n<p>[\/vc_column_text][vc_column_text css_animation=&#8221;none&#8221; el_class=&#8221;description-text&#8221;]Meetings \u00fcber Meetings in Bezug auf die Meetings,<br \/>\ndie stattgefunden haben und auch noch stattfinden sollen.[\/vc_column_text][\/vc_column][\/vc_row][\/vc_section][vc_section][vc_row][vc_column][vc_single_image image=&#8221;10202&#8243; img_size=&#8221;full&#8221; alignment=&#8221;center&#8221; css_animation=&#8221;fadeInUp&#8221;][\/vc_column][\/vc_row][vc_row css_animation=&#8221;fadeIn&#8221; css=&#8221;.vc_custom_1534339184118{margin-top: 50px !important;}&#8221;][vc_column][vc_row_inner][vc_column_inner offset=&#8221;vc_hidden-sm vc_hidden-xs&#8221;][vc_empty_space height=&#8221;92px&#8221;][\/vc_column_inner][\/vc_row_inner][vc_column_text el_class=&#8221;.description-text&#8221;]Um genau das [&#8230;]<\/p>\n","protected":false},"author":5,"featured_media":0,"parent":0,"menu_order":0,"comment_status":"closed","ping_status":"closed","template":"event-page.php","meta":[],"_links":{"self":[{"href":"https:\/\/mr-congress.com\/de\/wp-json\/wp\/v2\/pages\/9170"}],"collection":[{"href":"https:\/\/mr-congress.com\/de\/wp-json\/wp\/v2\/pages"}],"about":[{"href":"https:\/\/mr-congress.com\/de\/wp-json\/wp\/v2\/types\/page"}],"author":[{"embeddable":true,"href":"https:\/\/mr-congress.com\/de\/wp-json\/wp\/v2\/users\/5"}],"replies":[{"embeddable":true,"href":"https:\/\/mr-congress.com\/de\/wp-json\/wp\/v2\/comments?post=9170"}],"version-history":[{"count":4,"href":"https:\/\/mr-congress.com\/de\/wp-json\/wp\/v2\/pages\/9170\/revisions"}],"predecessor-version":[{"id":23660,"href":"https:\/\/mr-congress.com\/de\/wp-json\/wp\/v2\/pages\/9170\/revisions\/23660"}],"wp:attachment":[{"href":"https:\/\/mr-congress.com\/de\/wp-json\/wp\/v2\/media?parent=9170"}],"curies":[{"name":"wp","href":"https:\/\/api.w.org\/{rel}","templated":true}]}}