{"id":9880,"date":"2018-02-05T16:16:55","date_gmt":"2018-02-05T16:16:55","guid":{"rendered":"https:\/\/mr-congress.com\/de\/?page_id=9880"},"modified":"2025-10-28T16:55:06","modified_gmt":"2025-10-28T15:55:06","slug":"kongresse-und-conventions","status":"publish","type":"page","link":"https:\/\/mr-congress.com\/de\/kongresse-und-conventions\/","title":{"rendered":"Kongresse &#038; Conventions"},"content":{"rendered":"<p>[vc_section css=&#8221;.vc_custom_1532947345321{margin-top: 70px !important;}&#8221;][vc_row bg_type=&#8221;image&#8221; parallax_style=&#8221;vcpb-default&#8221; bg_image_new=&#8221;10294|https:\/\/mr-congress.com\/de\/wp-content\/uploads\/sites\/3\/2018\/11\/Kongresse_Conventions_Header_1900x430-1.jpg&#8221; bg_image_repeat=&#8221;no-repeat&#8221; bg_image_posiiton=&#8221;top center&#8221; bg_override=&#8221;ex-full&#8221;][vc_column width=&#8221;1\/3&#8243; offset=&#8221;vc_hidden-sm vc_hidden-xs&#8221;][vc_column_text]<img decoding=\"async\" style=\"margin-top: -800px; z-index: 9999;\" src=\"https:\/\/mr-congress.com\/de\/wp-content\/uploads\/sites\/3\/2018\/06\/airplane.svg\" alt=\"airplane\" \/>[\/vc_column_text][vc_empty_space height=&#8221;410px&#8221;][\/vc_column][vc_column width=&#8221;1\/3&#8243; offset=&#8221;vc_hidden-lg vc_hidden-xs&#8221;][vc_empty_space height=&#8221;390px&#8221;][\/vc_column][vc_column width=&#8221;1\/3&#8243; offset=&#8221;vc_hidden-lg vc_hidden-md&#8221;][vc_empty_space height=&#8221;310px&#8221;][\/vc_column][\/vc_row][vc_row content_placement=&#8221;middle&#8221; bg_type=&#8221;image&#8221; parallax_style=&#8221;vcpb-default&#8221; bg_image_new=&#8221;9167|https:\/\/mr-congress.com\/de\/wp-content\/uploads\/sites\/3\/2018\/08\/ICON_events_erlebnisse_lights_V2_animated-3.svg&#8221; bg_image_repeat=&#8221;no-repeat&#8221; bg_image_size=&#8221;contain&#8221; bg_override=&#8221;ex-full&#8221;][vc_column css_animation=&#8221;fadeInUp&#8221; css=&#8221;.vc_custom_1541411285574{margin-top: 10px !important;margin-bottom: 80px !important;background-position: 0 0 !important;background-repeat: no-repeat !important;}&#8221;][vc_column_text css_animation=&#8221;fadeInUp&#8221; css=&#8221;.vc_custom_1754496816063{background-position: center !important;background-repeat: no-repeat !important;background-size: contain !important;}&#8221;]<\/p>\n<h1 class=\"lovely-heading\"><span class=\"kc-bg-img\"> Kongresse<\/span><span style=\"font-size: 120px !important;\">&amp;<\/span><\/h1>\n<p>&nbsp;<\/p>\n<h1 class=\"sub-heading\">CONVENTIONS<\/h1>\n<p>[\/vc_column_text][vc_column_text css_animation=&#8221;none&#8221; el_class=&#8221;description-text&#8221;]Kongresse sind wichtige Veranstaltungen \u2013 damit Sie sich auf das Wesentliche konzentrieren k\u00f6nnen,<br \/>\nbieten wir Ihnen die vollst\u00e4ndige Rahmenplanung inklusive Symposien, Meetings und Workshops aus einer Hand.[\/vc_column_text][\/vc_column][\/vc_row][vc_row][vc_column][vc_empty_space height=&#8221;50px&#8221;][\/vc_column][\/vc_row][\/vc_section][vc_section][vc_row bg_type=&#8221;image&#8221; parallax_style=&#8221;vcpb-default&#8221; bg_image_new=&#8221;10296|https:\/\/mr-congress.com\/de\/wp-content\/uploads\/sites\/3\/2018\/11\/Kongresse_Conventions_Section_2_1900x430.jpg&#8221; bg_image_repeat=&#8221;no-repeat&#8221; bg_override=&#8221;full&#8221;][vc_column][vc_row_inner][vc_column_inner offset=&#8221;vc_hidden-sm vc_hidden-xs&#8221;][vc_empty_space height=&#8221;90px&#8221;][\/vc_column_inner][\/vc_row_inner][vc_column_text css_animation=&#8221;fadeInUp&#8221; css=&#8221;.vc_custom_1754496130149{background-position: center !important;background-repeat: no-repeat !important;background-size: contain !important;}&#8221;]<\/p>\n<h2 class=\"home-sub-heading\" style=\"font-weight: bold; text-align: center;\"><a style=\"color: #fff; font-weight: bold;\" href=\"https:\/\/mr-congress.com\/de\/medizinische-kongresse-2\/\">KALENDER MEDIZINISCHE KONGRESSE<\/a><\/h2>\n<p>[\/vc_column_text][vc_row_inner][vc_column_inner offset=&#8221;vc_hidden-sm vc_hidden-xs&#8221;][vc_empty_space height=&#8221;105px&#8221;][\/vc_column_inner][\/vc_row_inner][\/vc_column][\/vc_row][vc_row css_animation=&#8221;fadeIn&#8221; css=&#8221;.vc_custom_1534339184118{margin-top: 50px !important;}&#8221;][vc_column][vc_row_inner][vc_column_inner offset=&#8221;vc_hidden-xs&#8221;][vc_empty_space height=&#8221;72px&#8221;][\/vc_column_inner][\/vc_row_inner][vc_row_inner][vc_column_inner width=&#8221;1\/12&#8243; offset=&#8221;vc_hidden-md vc_hidden-sm vc_hidden-xs&#8221;][\/vc_column_inner][vc_column_inner width=&#8221;10\/12&#8243;][vc_column_text el_class=&#8221;description-text&#8221;]Jeder Kongress und jede Kongressteilnahme erfordert ein hohes Ma\u00df an Aufmerksamkeit. Damit alles reibungslos f\u00fcr Sie von Statten geht und Sie sich mehr auf die Inhalte als auf das Drumherum konzentrieren k\u00f6nnen, sind wir gern der Partner an Ihrer Seite. Profitieren Sie von unserer Erfahrung und <span style=\"background: #e3cfff;\">legen Sie die Planung Ihrer n\u00e4chsten Veranstaltung vertrauensvoll in unsere H\u00e4nde!<\/span>[\/vc_column_text][\/vc_column_inner][vc_column_inner width=&#8221;1\/12&#8243; offset=&#8221;vc_hidden-md vc_hidden-sm vc_hidden-xs&#8221;][\/vc_column_inner][\/vc_row_inner][vc_row_inner][vc_column_inner offset=&#8221;vc_hidden-xs&#8221;][vc_empty_space height=&#8221;72px&#8221;][\/vc_column_inner][\/vc_row_inner][\/vc_column][\/vc_row][vc_row][vc_column][vc_empty_space height=&#8221;80px&#8221;][\/vc_column][\/vc_row][\/vc_section][vc_row equal_height=&#8221;yes&#8221; css=&#8221;.vc_custom_1534339174391{margin-top: 50px !important;}&#8221;][vc_column css=&#8221;.vc_custom_1541411585855{margin-bottom: 60px !important;}&#8221;][vc_single_image image=&#8221;10451&#8243; img_size=&#8221;full&#8221; alignment=&#8221;center&#8221; css_animation=&#8221;fadeIn&#8221; el_class=&#8221;img-zoom&#8221;][\/vc_column][\/vc_row][vc_section][vc_row][vc_column][vc_empty_space height=&#8221;100px&#8221;][\/vc_column][\/vc_row][vc_row bg_type=&#8221;image&#8221; parallax_style=&#8221;vcpb-default&#8221; bg_image_new=&#8221;10147|https:\/\/mr-congress.com\/de\/wp-content\/uploads\/sites\/3\/2018\/11\/Kongresse_Conventions_Section_4_1900x430.jpg&#8221; bg_image_repeat=&#8221;no-repeat&#8221; bg_override=&#8221;ex-full&#8221;][vc_column][vc_row_inner][vc_column_inner offset=&#8221;vc_hidden-sm vc_hidden-xs&#8221;][vc_empty_space height=&#8221;26px&#8221;][vc_column_text css_animation=&#8221;fadeInUp&#8221; css=&#8221;.vc_custom_1754496354778{background-position: center !important;background-repeat: no-repeat !important;background-size: contain !important;}&#8221; el_class=&#8221;secondary-lovely-headline&#8221;]<span style=\"color: #fff;\">\u201e&#8230;f\u00fcr jeden Anspruch, je nach Budget&#8230;\u201c<\/span>[\/vc_column_text][\/vc_column_inner][vc_column_inner][vc_empty_space height=&#8221;50px&#8221;][\/vc_column_inner][\/vc_row_inner][\/vc_column][\/vc_row][vc_row css_animation=&#8221;fadeIn&#8221; css=&#8221;.vc_custom_1534339184118{margin-top: 50px !important;}&#8221;][vc_column][vc_row_inner][vc_column_inner offset=&#8221;vc_hidden-xs&#8221;][vc_empty_space height=&#8221;50px&#8221;][\/vc_column_inner][\/vc_row_inner][vc_row_inner][vc_column_inner width=&#8221;1\/12&#8243; offset=&#8221;vc_hidden-md vc_hidden-sm vc_hidden-xs&#8221;][\/vc_column_inner][vc_column_inner width=&#8221;10\/12&#8243;][vc_column_text el_class=&#8221;description-text-italic&#8221;]<\/p>\n<p style=\"font-family: DidotLTPro-BoldItalic !important;\">Die von uns eingekauften Hotelkontingente bieten Ihnen <span style=\"background: #e3cfff;\">weltweit Hotelunterkunft<\/span>: f\u00fcr jeden Anspruch, je nach Budget, direkt am Messegel\u00e4nde oder in der Innenstadt. Das Angebot beinhaltet erstklassige H\u00e4user renommierter internationaler Hotelketten ebenso, wie privat gef\u00fchrte H\u00e4user und Boutique-Hotels.<\/p>\n<p>[\/vc_column_text][\/vc_column_inner][vc_column_inner width=&#8221;1\/12&#8243; offset=&#8221;vc_hidden-md vc_hidden-sm vc_hidden-xs&#8221;][\/vc_column_inner][\/vc_row_inner][vc_row_inner][vc_column_inner offset=&#8221;vc_hidden-xs&#8221;][vc_empty_space height=&#8221;100px&#8221;][\/vc_column_inner][\/vc_row_inner][\/vc_column][\/vc_row][\/vc_section][vc_section][vc_row bg_type=&#8221;grad&#8221; bg_grad=&#8221;background: -webkit-gradient(linear, left top, left bottom, color-stop(10%, #5F899D), color-stop(37%, #7498A8), color-stop(63%, #79A1B3), color-stop(82%, #6F98AB));background: -moz-linear-gradient(left,#5F899D 10%,#7498A8 37%,#79A1B3 63%,#6F98AB 82%);background: -webkit-linear-gradient(left,#5F899D 10%,#7498A8 37%,#79A1B3 63%,#6F98AB 82%);background: -o-linear-gradient(left,#5F899D 10%,#7498A8 37%,#79A1B3 63%,#6F98AB 82%);background: -ms-linear-gradient(left,#5F899D 10%,#7498A8 37%,#79A1B3 63%,#6F98AB 82%);background: linear-gradient(left,#5F899D 10%,#7498A8 37%,#79A1B3 63%,#6F98AB 82%);&#8221;][vc_column css=&#8221;.vc_custom_1533031394010{background-image: url(https:\/\/mr-congress.com\/de\/wp-content\/uploads\/sites\/3\/2018\/07\/ICON_compass.svg?id=9108) !important;background-position: center !important;background-repeat: no-repeat !important;background-size: contain !important;}&#8221;][vc_row_inner][vc_column_inner width=&#8221;2\/12&#8243; offset=&#8221;vc_hidden-md vc_hidden-sm vc_hidden-xs&#8221;][\/vc_column_inner][vc_column_inner width=&#8221;8\/12&#8243;][vc_column_text css_animation=&#8221;fadeIn&#8221; css=&#8221;.vc_custom_1754496755012{padding-top: 20px !important;padding-right: 10px !important;padding-bottom: 20px !important;padding-left: 10px !important;background-position: 0 0 !important;background-repeat: no-repeat !important;}&#8221; el_class=&#8221;description-text&#8221;]<\/p>\n<p style=\"color: white; text-align: center; margin-top: 40px;\">Wir \u00fcbernehmen gern den kompletten Hotelservice f\u00fcr Ihre Kongress-Teilnahme,<br \/>\nvon der Planung der \u00dcbernachtungskapazit\u00e4ten bis hin zur Beratung, Organisation der einzelnen G\u00e4stebuchungen,<br \/>\nSchriftverkehr und Rechnungswesen.<\/p>\n<p>[\/vc_column_text][\/vc_column_inner][vc_column_inner width=&#8221;2\/12&#8243; offset=&#8221;vc_hidden-md vc_hidden-sm vc_hidden-xs&#8221;][\/vc_column_inner][\/vc_row_inner][vc_row_inner][vc_column_inner offset=&#8221;vc_hidden-xs&#8221;][vc_empty_space height=&#8221;50px&#8221; el_class=&#8221;empty-space&#8221;][\/vc_column_inner][\/vc_row_inner][\/vc_column][\/vc_row][vc_row css=&#8221;.vc_custom_1534340704059{margin-top: 50px !important;}&#8221;][vc_column][vc_row_inner][vc_column_inner offset=&#8221;vc_hidden-xs&#8221;][vc_empty_space height=&#8221;100px&#8221; el_class=&#8221;empty-space&#8221;][\/vc_column_inner][\/vc_row_inner][vc_row_inner][vc_column_inner width=&#8221;2\/12&#8243; offset=&#8221;vc_hidden-md vc_hidden-sm vc_hidden-xs&#8221;][\/vc_column_inner][vc_column_inner width=&#8221;8\/12&#8243;][vc_column_text css_animation=&#8221;fadeIn&#8221; css=&#8221;.vc_custom_1542800531375{padding-top: 20px !important;padding-bottom: 20px !important;}&#8221; el_class=&#8221;description-text-italic&#8221;]Sie planen selbst einen Kongress oder eine Konferenz an einem Ort Ihrer Wahl? <span style=\"background: #e3cfff;\"> Wir finden f\u00fcr Sie das passende Hotel <\/span> im richtigen Preis-\/Leistungsverh\u00e4ltnis, verwalten Optionen und Kontingente und betreuen Ihre Teilnehmer von der Reservierung bis zur Abreise.[\/vc_column_text][\/vc_column_inner][vc_column_inner width=&#8221;2\/12&#8243; offset=&#8221;vc_hidden-md vc_hidden-sm vc_hidden-xs&#8221;][\/vc_column_inner][\/vc_row_inner][vc_row_inner][vc_column_inner width=&#8221;1\/3&#8243; offset=&#8221;vc_hidden-xs&#8221;][vc_empty_space el_class=&#8221;empty-space&#8221;][\/vc_column_inner][vc_column_inner width=&#8221;2\/3&#8243;][vc_column_text][\/vc_column_text][\/vc_column_inner][\/vc_row_inner][\/vc_column][\/vc_row][vc_row][vc_column][vc_empty_space][\/vc_column][\/vc_row][\/vc_section][vc_section css=&#8221;.vc_custom_1541408351047{margin-top: 40px !important;margin-bottom: 40px !important;}&#8221;][vc_row gap=&#8221;30&#8243; equal_height=&#8221;yes&#8221; content_placement=&#8221;middle&#8221; css_animation=&#8221;fadeInUp&#8221; el_class=&#8221;row_kongress&#8221;][vc_column width=&#8221;2\/12&#8243;][\/vc_column][vc_column css_animation=&#8221;none&#8221; width=&#8221;5\/12&#8243; css=&#8221;.vc_custom_1745412037376{background-position: center !important;background-repeat: no-repeat !important;background-size: contain !important;}&#8221; el_class=&#8221;overlay_text&#8221;][vc_empty_space height=&#8221;45px&#8221;][vc_column_text css=&#8221;.vc_custom_1745413708297{background-position: center !important;background-repeat: no-repeat !important;background-size: cover !important;border-radius: 10px !important;}&#8221; el_class=&#8221;description-text&#8221;]<\/p>\n<p style=\"text-align: center;\">Wir bringen den Kongress-Teilnehmer zu seinem Bestimmungsort \u2013 und <span style=\"background: #e3cfff;\">jeden Kunden zu seiner Vision.<\/span>\u00a0Von der Bedarfsermittlung, -planung und Einkauf der Reisedienstleistungen, Verhandlungen mit Leistungsanbietern \u00fcber Ausarbeitung von Sonderkonditionen, Organisation der reisespezifischen Prozesse und Buchungsformen bis hin zur entsprechenden Abrechnung unterst\u00fctzen wir Sie auf jede erdenkliche Weise.<\/p>\n<p>[\/vc_column_text][\/vc_column][vc_column width=&#8221;5\/12&#8243;][vc_single_image image=&#8221;10148&#8243; img_size=&#8221;540&#215;700&#8243; alignment=&#8221;center&#8221;][\/vc_column][\/vc_row][\/vc_section][vc_row][vc_column][vc_empty_space height=&#8221;132px&#8221;][\/vc_column][\/vc_row]<\/p>\n","protected":false},"excerpt":{"rendered":"<p>[vc_section css=&#8221;.vc_custom_1532947345321{margin-top: 70px !important;}&#8221;][vc_row bg_type=&#8221;image&#8221; parallax_style=&#8221;vcpb-default&#8221; bg_image_new=&#8221;10294|https:\/\/mr-congress.com\/de\/wp-content\/uploads\/sites\/3\/2018\/11\/Kongresse_Conventions_Header_1900x430-1.jpg&#8221; bg_image_repeat=&#8221;no-repeat&#8221; bg_image_posiiton=&#8221;top center&#8221; bg_override=&#8221;ex-full&#8221;][vc_column width=&#8221;1\/3&#8243; offset=&#8221;vc_hidden-sm vc_hidden-xs&#8221;][vc_column_text][\/vc_column_text][vc_empty_space height=&#8221;410px&#8221;][\/vc_column][vc_column width=&#8221;1\/3&#8243; offset=&#8221;vc_hidden-lg vc_hidden-xs&#8221;][vc_empty_space height=&#8221;390px&#8221;][\/vc_column][vc_column width=&#8221;1\/3&#8243; offset=&#8221;vc_hidden-lg vc_hidden-md&#8221;][vc_empty_space height=&#8221;310px&#8221;][\/vc_column][\/vc_row][vc_row content_placement=&#8221;middle&#8221; bg_type=&#8221;image&#8221; parallax_style=&#8221;vcpb-default&#8221; bg_image_new=&#8221;9167|https:\/\/mr-congress.com\/de\/wp-content\/uploads\/sites\/3\/2018\/08\/ICON_events_erlebnisse_lights_V2_animated-3.svg&#8221; bg_image_repeat=&#8221;no-repeat&#8221; bg_image_size=&#8221;contain&#8221; bg_override=&#8221;ex-full&#8221;][vc_column css_animation=&#8221;fadeInUp&#8221; css=&#8221;.vc_custom_1541411285574{margin-top: 10px !important;margin-bottom: 80px !important;background-position: 0 0 !important;background-repeat: no-repeat !important;}&#8221;][vc_column_text css_animation=&#8221;fadeInUp&#8221; css=&#8221;.vc_custom_1754496816063{background-position: center !important;background-repeat: no-repeat !important;background-size: contain !important;}&#8221;]<\/p>\n<p> Kongresse&amp;<\/p>\n<p>&nbsp;<\/p>\n<p>CONVENTIONS<\/p>\n<p>[\/vc_column_text][vc_column_text css_animation=&#8221;none&#8221; el_class=&#8221;description-text&#8221;]Kongresse sind wichtige Veranstaltungen \u2013 damit Sie sich auf das Wesentliche konzentrieren k\u00f6nnen,<br \/>\nbieten wir Ihnen die vollst\u00e4ndige Rahmenplanung inklusive Symposien, Meetings und Workshops aus einer Hand.[\/vc_column_text][\/vc_column][\/vc_row][vc_row][vc_column][vc_empty_space height=&#8221;50px&#8221;][\/vc_column][\/vc_row][\/vc_section][vc_section][vc_row bg_type=&#8221;image&#8221; parallax_style=&#8221;vcpb-default&#8221; [&#8230;]<\/p>\n","protected":false},"author":5,"featured_media":0,"parent":0,"menu_order":0,"comment_status":"closed","ping_status":"closed","template":"event-page.php","meta":[],"_links":{"self":[{"href":"https:\/\/mr-congress.com\/de\/wp-json\/wp\/v2\/pages\/9880"}],"collection":[{"href":"https:\/\/mr-congress.com\/de\/wp-json\/wp\/v2\/pages"}],"about":[{"href":"https:\/\/mr-congress.com\/de\/wp-json\/wp\/v2\/types\/page"}],"author":[{"embeddable":true,"href":"https:\/\/mr-congress.com\/de\/wp-json\/wp\/v2\/users\/5"}],"replies":[{"embeddable":true,"href":"https:\/\/mr-congress.com\/de\/wp-json\/wp\/v2\/comments?post=9880"}],"version-history":[{"count":6,"href":"https:\/\/mr-congress.com\/de\/wp-json\/wp\/v2\/pages\/9880\/revisions"}],"predecessor-version":[{"id":23655,"href":"https:\/\/mr-congress.com\/de\/wp-json\/wp\/v2\/pages\/9880\/revisions\/23655"}],"wp:attachment":[{"href":"https:\/\/mr-congress.com\/de\/wp-json\/wp\/v2\/media?parent=9880"}],"curies":[{"name":"wp","href":"https:\/\/api.w.org\/{rel}","templated":true}]}}