{"id":9959,"date":"2018-11-11T17:31:08","date_gmt":"2018-11-11T17:31:08","guid":{"rendered":"https:\/\/mr-congress.com\/de\/?page_id=9959"},"modified":"2026-03-11T16:31:23","modified_gmt":"2026-03-11T15:31:23","slug":"blog","status":"publish","type":"page","link":"https:\/\/mr-congress.com\/de\/blog\/","title":{"rendered":"Get to Know Blog"},"content":{"rendered":"<p>[vc_row_inner][vc_column_inner offset=&#8221;vc_hidden-sm vc_hidden-xs&#8221;][vc_empty_space height=&#8221;112px&#8221;][vc_column_text]\t\t<div class=\"wppsac-wrap wppsac-slick-carousel-wrp wppsac-clearfix \" data-conf=\"{&quot;slides_to_show&quot;:3,&quot;slides_to_scroll&quot;:1,&quot;dots&quot;:&quot;true&quot;,&quot;arrows&quot;:&quot;false&quot;,&quot;autoplay&quot;:&quot;true&quot;,&quot;autoplay_interval&quot;:3000,&quot;speed&quot;:500,&quot;rtl&quot;:&quot;false&quot;,&quot;lazyload&quot;:&quot;&quot;}\">\r\n\t\t\t<div id=\"wppsac-post-carousel-1\" class=\"wppsac-post-slider-init wppsac-post-carousel design-1\">\r\n\t\t\t\t<div class=\"wppsac-carousel-slides\">\r\n\t\t<div class=\"wppsac-post-image-bg\">\r\n\t\t<a href=\"https:\/\/mr-congress.com\/de\/2026\/04\/09\/schwarzwald-nachhaltigkeit-die-man-spurt\/\">\r\n\t\t\t<img class=\"wppsac-post-image\"  src=\"https:\/\/mr-congress.com\/de\/wp-content\/uploads\/sites\/3\/2026\/04\/Featured-Image_Schwarzwald.jpg\" alt=\"Schwarzwald &#8211; Nachhaltigkeit, die man sp\u00fcrt\" \/>\r\n\t\t<\/a>\r\n\t<\/div>\r\n\t\r\n\t<div class=\"wppsac-post-content-position\">\r\n\t\t\t\t<div class=\"wppsac-post-categories\"><ul class=\"wppsac-post-categories-list\"><li><a href=\"https:\/\/mr-congress.com\/de\/category\/sustainability\/\">Sustainability<\/a><\/li><\/ul><\/div>\r\n\t\t\r\n\t\t<h2 class=\"wppsac-post-title\">\r\n\t\t\t<a href=\"https:\/\/mr-congress.com\/de\/2026\/04\/09\/schwarzwald-nachhaltigkeit-die-man-spurt\/\">Schwarzwald &#8211; Nachhaltigkeit, die man sp\u00fcrt<\/a>\r\n\t\t<\/h2>\r\n\r\n\t\t\t\t<div class=\"wppsac-post-date\">\r\n\t\t\t9 April 2026\t\t<\/div>\r\n\t\t\t\t<div class=\"wppsac-post-content\">\r\n\t\t\t<div class=\"wppsac-sub-content\">[vc_row disable_element=\"yes\"][vc_column][vc_column_text] Gemeinsam machen wir den Unterschied. [\/vc_column_text][\/vc_column][\/vc_row][vc_row][vc_column][vc_single_image image=\"24990\" img_size=\"full\" alignment=\"center\"][vc_column_text] \u2026Events im Einklang mit Natur, Region und Verantwortung. [\/vc_column_text][vc_column_text...<\/div>\r\n\r\n\t\t\t\t\t<\/div>\r\n\t\t\t<\/div>\r\n<\/div><div class=\"wppsac-carousel-slides\">\r\n\t\t<div class=\"wppsac-post-image-bg\">\r\n\t\t<a href=\"https:\/\/mr-congress.com\/de\/2026\/04\/01\/frankfurt-am-main-wo-nachhaltigkeit-auf-wirtschaftliche-starke-trifft\/\">\r\n\t\t\t<img class=\"wppsac-post-image\"  src=\"https:\/\/mr-congress.com\/de\/wp-content\/uploads\/sites\/3\/2026\/03\/Featured-Image_Frankfurt.jpg\" alt=\"Frankfurt am Main &#8211; Wo Nachhaltigkeit auf wirtschaftliche St\u00e4rke trifft\" \/>\r\n\t\t<\/a>\r\n\t<\/div>\r\n\t\r\n\t<div class=\"wppsac-post-content-position\">\r\n\t\t\t\t<div class=\"wppsac-post-categories\"><ul class=\"wppsac-post-categories-list\"><li><a href=\"https:\/\/mr-congress.com\/de\/category\/sustainability\/\">Sustainability<\/a><\/li><\/ul><\/div>\r\n\t\t\r\n\t\t<h2 class=\"wppsac-post-title\">\r\n\t\t\t<a href=\"https:\/\/mr-congress.com\/de\/2026\/04\/01\/frankfurt-am-main-wo-nachhaltigkeit-auf-wirtschaftliche-starke-trifft\/\">Frankfurt am Main &#8211; Wo Nachhaltigkeit auf wirtschaftliche St\u00e4rke trifft<\/a>\r\n\t\t<\/h2>\r\n\r\n\t\t\t\t<div class=\"wppsac-post-date\">\r\n\t\t\t1 April 2026\t\t<\/div>\r\n\t\t\t\t<div class=\"wppsac-post-content\">\r\n\t\t\t<div class=\"wppsac-sub-content\">[vc_row disable_element=\"yes\"][vc_column][vc_column_text] Gemeinsam machen wir den Unterschied. [\/vc_column_text][\/vc_column][\/vc_row][vc_row][vc_column][vc_single_image image=\"24949\" img_size=\"full\" alignment=\"center\"][vc_column_text] \u2026Events hier sind Impulsgeber f\u00fcr nachhaltigen Gesch\u00e4ftserfolg. [\/vc_column_text][vc_column_text css=\".vc_custom_1775049958041{margin-top:...<\/div>\r\n\r\n\t\t\t\t\t<\/div>\r\n\t\t\t<\/div>\r\n<\/div><div class=\"wppsac-carousel-slides\">\r\n\t\t<div class=\"wppsac-post-image-bg\">\r\n\t\t<a href=\"https:\/\/mr-congress.com\/de\/2026\/03\/26\/duesseldorf-nachhaltigkeit-zwischen-rhein-kulinarik-und-urbaner-lebensqualitat\/\">\r\n\t\t\t<img class=\"wppsac-post-image\"  src=\"https:\/\/mr-congress.com\/de\/wp-content\/uploads\/sites\/3\/2026\/03\/Featured-Image_Dusseldorf.jpg\" alt=\"D\u00fcsseldorf \u2013 Nachhaltigkeit zwischen Rhein, Kulinarik und urbaner Lebensqualit\u00e4t\" \/>\r\n\t\t<\/a>\r\n\t<\/div>\r\n\t\r\n\t<div class=\"wppsac-post-content-position\">\r\n\t\t\t\t<div class=\"wppsac-post-categories\"><ul class=\"wppsac-post-categories-list\"><li><a href=\"https:\/\/mr-congress.com\/de\/category\/sustainability\/\">Sustainability<\/a><\/li><\/ul><\/div>\r\n\t\t\r\n\t\t<h2 class=\"wppsac-post-title\">\r\n\t\t\t<a href=\"https:\/\/mr-congress.com\/de\/2026\/03\/26\/duesseldorf-nachhaltigkeit-zwischen-rhein-kulinarik-und-urbaner-lebensqualitat\/\">D\u00fcsseldorf \u2013 Nachhaltigkeit zwischen Rhein, Kulinarik und urbaner Lebensqualit\u00e4t<\/a>\r\n\t\t<\/h2>\r\n\r\n\t\t\t\t<div class=\"wppsac-post-date\">\r\n\t\t\t26 March 2026\t\t<\/div>\r\n\t\t\t\t<div class=\"wppsac-post-content\">\r\n\t\t\t<div class=\"wppsac-sub-content\">[vc_row disable_element=\"yes\"][vc_column][vc_column_text] Gemeinsam machen wir den Unterschied. [\/vc_column_text][\/vc_column][\/vc_row][vc_row][vc_column][vc_single_image image=\"24911\" img_size=\"full\" alignment=\"center\"][vc_column_text] \u2026wo Verantwortung und Erlebnis verschmelzen. [\/vc_column_text][vc_column_text css=\".vc_custom_1774538990390{margin-top: 3vmax !important;margin-bottom:...<\/div>\r\n\r\n\t\t\t\t\t<\/div>\r\n\t\t\t<\/div>\r\n<\/div><div class=\"wppsac-carousel-slides\">\r\n\t\t<div class=\"wppsac-post-image-bg\">\r\n\t\t<a href=\"https:\/\/mr-congress.com\/de\/2026\/03\/23\/wien-kongressstandort-mit-nachhaltiger-strahlkraft\/\">\r\n\t\t\t<img class=\"wppsac-post-image\"  src=\"https:\/\/mr-congress.com\/de\/wp-content\/uploads\/sites\/3\/2026\/03\/Featured-Image_Wien.jpg\" alt=\"Wien \u2013 Kongressstandort mit nachhaltiger Strahlkraft\" \/>\r\n\t\t<\/a>\r\n\t<\/div>\r\n\t\r\n\t<div class=\"wppsac-post-content-position\">\r\n\t\t\t\t<div class=\"wppsac-post-categories\"><ul class=\"wppsac-post-categories-list\"><li><a href=\"https:\/\/mr-congress.com\/de\/category\/sustainability\/\">Sustainability<\/a><\/li><\/ul><\/div>\r\n\t\t\r\n\t\t<h2 class=\"wppsac-post-title\">\r\n\t\t\t<a href=\"https:\/\/mr-congress.com\/de\/2026\/03\/23\/wien-kongressstandort-mit-nachhaltiger-strahlkraft\/\">Wien \u2013 Kongressstandort mit nachhaltiger Strahlkraft<\/a>\r\n\t\t<\/h2>\r\n\r\n\t\t\t\t<div class=\"wppsac-post-date\">\r\n\t\t\t23 March 2026\t\t<\/div>\r\n\t\t\t\t<div class=\"wppsac-post-content\">\r\n\t\t\t<div class=\"wppsac-sub-content\">[vc_row disable_element=\"yes\"][vc_column][vc_column_text] Gemeinsam machen wir den Unterschied. [\/vc_column_text][\/vc_column][\/vc_row][vc_row][vc_column][vc_single_image image=\"24878\" img_size=\"full\" alignment=\"center\"][vc_column_text] \u2026und unbeschreiblichen Kulissen f\u00fcr unvergessliche Momente. [\/vc_column_text][vc_column_text css=\".vc_custom_1774530603342{margin-top: 3vmax...<\/div>\r\n\r\n\t\t\t\t\t<\/div>\r\n\t\t\t<\/div>\r\n<\/div><div class=\"wppsac-carousel-slides\">\r\n\t\t<div class=\"wppsac-post-image-bg\">\r\n\t\t<a href=\"https:\/\/mr-congress.com\/de\/2026\/03\/18\/koeln-die-eventstadt-mit-haltung-und-herzlichkeit\/\">\r\n\t\t\t<img class=\"wppsac-post-image\"  src=\"https:\/\/mr-congress.com\/de\/wp-content\/uploads\/sites\/3\/2026\/03\/Featured-Image_Koln.jpg\" alt=\"K\u00f6ln \u2013 Die Eventstadt mit Haltung und Herzlichkeit\" \/>\r\n\t\t<\/a>\r\n\t<\/div>\r\n\t\r\n\t<div class=\"wppsac-post-content-position\">\r\n\t\t\t\t<div class=\"wppsac-post-categories\"><ul class=\"wppsac-post-categories-list\"><li><a href=\"https:\/\/mr-congress.com\/de\/category\/sustainability\/\">Sustainability<\/a><\/li><\/ul><\/div>\r\n\t\t\r\n\t\t<h2 class=\"wppsac-post-title\">\r\n\t\t\t<a href=\"https:\/\/mr-congress.com\/de\/2026\/03\/18\/koeln-die-eventstadt-mit-haltung-und-herzlichkeit\/\">K\u00f6ln \u2013 Die Eventstadt mit Haltung und Herzlichkeit<\/a>\r\n\t\t<\/h2>\r\n\r\n\t\t\t\t<div class=\"wppsac-post-date\">\r\n\t\t\t18 March 2026\t\t<\/div>\r\n\t\t\t\t<div class=\"wppsac-post-content\">\r\n\t\t\t<div class=\"wppsac-sub-content\">[vc_row disable_element=\"yes\"][vc_column][vc_column_text] Gemeinsam machen wir den Unterschied. [\/vc_column_text][\/vc_column][\/vc_row][vc_row][vc_column][vc_single_image image=\"24789\" img_size=\"full\" alignment=\"center\"][vc_column_text] \u2026so werden Events in K\u00f6ln lebendig. [\/vc_column_text][vc_column_text css=\".vc_custom_1773832616640{margin-top: 3vmax...<\/div>\r\n\r\n\t\t\t\t\t<\/div>\r\n\t\t\t<\/div>\r\n<\/div><div class=\"wppsac-carousel-slides\">\r\n\t\t<div class=\"wppsac-post-image-bg\">\r\n\t\t<a href=\"https:\/\/mr-congress.com\/de\/2026\/03\/15\/hamburg-die-nachhaltige-eventdestination-mit-maritimem-charakter\/\">\r\n\t\t\t<img class=\"wppsac-post-image\"  src=\"https:\/\/mr-congress.com\/de\/wp-content\/uploads\/sites\/3\/2026\/03\/Featured-Image_Hamburg.jpg\" alt=\"Hamburg \u2013 Die nachhaltige Eventdestination mit maritimem Charakter\" \/>\r\n\t\t<\/a>\r\n\t<\/div>\r\n\t\r\n\t<div class=\"wppsac-post-content-position\">\r\n\t\t\t\t<div class=\"wppsac-post-categories\"><ul class=\"wppsac-post-categories-list\"><li><a href=\"https:\/\/mr-congress.com\/de\/category\/sustainability\/\">Sustainability<\/a><\/li><\/ul><\/div>\r\n\t\t\r\n\t\t<h2 class=\"wppsac-post-title\">\r\n\t\t\t<a href=\"https:\/\/mr-congress.com\/de\/2026\/03\/15\/hamburg-die-nachhaltige-eventdestination-mit-maritimem-charakter\/\">Hamburg \u2013 Die nachhaltige Eventdestination mit maritimem Charakter<\/a>\r\n\t\t<\/h2>\r\n\r\n\t\t\t\t<div class=\"wppsac-post-date\">\r\n\t\t\t15 March 2026\t\t<\/div>\r\n\t\t\t\t<div class=\"wppsac-post-content\">\r\n\t\t\t<div class=\"wppsac-sub-content\">[vc_row disable_element=\"yes\"][vc_column][vc_column_text] Gemeinsam machen wir den Unterschied. [\/vc_column_text][\/vc_column][\/vc_row][vc_row][vc_column][vc_single_image image=\"24762\" img_size=\"full\" alignment=\"center\"][vc_column_text] \u2026zwischen Wasser, Weitblick und Wirkung. [\/vc_column_text][vc_column_text css=\".vc_custom_1773830947764{margin-top: 3vmax !important;margin-bottom:...<\/div>\r\n\r\n\t\t\t\t\t<\/div>\r\n\t\t\t<\/div>\r\n<\/div><div class=\"wppsac-carousel-slides\">\r\n\t\t<div class=\"wppsac-post-image-bg\">\r\n\t\t<a href=\"https:\/\/mr-congress.com\/de\/2026\/03\/11\/munchens-besondere-balance\/\">\r\n\t\t\t<img class=\"wppsac-post-image\"  src=\"https:\/\/mr-congress.com\/de\/wp-content\/uploads\/sites\/3\/2026\/03\/Featured-Image_Munchen.jpg\" alt=\"M\u00fcnchens besondere Balance\" \/>\r\n\t\t<\/a>\r\n\t<\/div>\r\n\t\r\n\t<div class=\"wppsac-post-content-position\">\r\n\t\t\t\t<div class=\"wppsac-post-categories\"><ul class=\"wppsac-post-categories-list\"><li><a href=\"https:\/\/mr-congress.com\/de\/category\/sustainability\/\">Sustainability<\/a><\/li><\/ul><\/div>\r\n\t\t\r\n\t\t<h2 class=\"wppsac-post-title\">\r\n\t\t\t<a href=\"https:\/\/mr-congress.com\/de\/2026\/03\/11\/munchens-besondere-balance\/\">M\u00fcnchens besondere Balance<\/a>\r\n\t\t<\/h2>\r\n\r\n\t\t\t\t<div class=\"wppsac-post-date\">\r\n\t\t\t11 March 2026\t\t<\/div>\r\n\t\t\t\t<div class=\"wppsac-post-content\">\r\n\t\t\t<div class=\"wppsac-sub-content\">[vc_row disable_element=\"yes\"][vc_column][vc_column_text] Gemeinsam machen wir den Unterschied. [\/vc_column_text][\/vc_column][\/vc_row][vc_row][vc_column][vc_single_image image=\"24699\" img_size=\"full\" alignment=\"center\"][vc_column_text] \u2026Urban und dennoch naturnah. [\/vc_column_text][vc_column_text css=\".vc_custom_1773241588762{margin-top: 3vmax !important;margin-bottom: 1vmax...<\/div>\r\n\r\n\t\t\t\t\t<\/div>\r\n\t\t\t<\/div>\r\n<\/div>\t\t\t<\/div>\r\n\t\t<\/div>\r\n\t[\/vc_column_text][vc_empty_space height=&#8221;50px&#8221;][vc_column_text]<\/p>\n<h1 class=\"lovely-heading\"><span class=\"brush-bg-img mk-2-bg-img\"> \u00a0Blog <\/span><\/h1>\n<p>[\/vc_column_text][vc_empty_space height=&#8221;102px&#8221;][\/vc_column_inner][\/vc_row_inner][vc_column_text css_animation=&#8221;none&#8221; el_class=&#8221;description-text&#8221;]Unsere Kollegen mit dem Talent zum Umh\u00f6ren, Zuh\u00f6ren und Erz\u00e4hlen<br \/>\nschreiben hier im Blog \u00fcber Trends und Ideen der Branche.[\/vc_column_text][vc_row bg_type=&#8221;image&#8221; parallax_style=&#8221;vcpb-default&#8221; bg_image_new=&#8221;22609|https:\/\/mr-congress.com\/de\/wp-content\/uploads\/sites\/3\/2023\/04\/stones_bamboo.jpg&#8221; bg_image_repeat=&#8221;no-repeat&#8221; bg_image_size=&#8221;contain&#8221; bg_img_attach=&#8221;fixed&#8221; css=&#8221;.vc_custom_1591600888624{margin-top: 20px !important;}&#8221;][vc_column width=&#8221;1\/4&#8243; offset=&#8221;vc_hidden-md vc_hidden-sm vc_hidden-xs&#8221;][\/vc_column][vc_column width=&#8221;3\/4&#8243;][vc_basic_grid post_type=&#8221;post&#8221; max_items=&#8221;-1&#8243; style=&#8221;load-more&#8221; items_per_page=&#8221;8&#8243; show_filter=&#8221;yes&#8221; element_width=&#8221;12&#8243; gap=&#8221;15&#8243; filter_color=&#8221;turquoise&#8221; item=&#8221;9967&#8243; grid_id=&#8221;vc_gid:1773234317764-c9334ede-6461-5&#8243; taxonomies=&#8221;690, 692, 689, 691, 693, 699, 805&#8243; el_class=&#8221;blog-grid&#8221; filter_source=&#8221;category&#8221; css=&#8221;.vc_custom_1773234333596{margin-top: 80px !important;}&#8221;][\/vc_column][\/vc_row]<\/p>\n<img src=\"https:\/\/mr-congress.com\/de\/wp-content\/uploads\/sites\/3\/2026\/03\/Featured-Image_Munchen.jpg\" class=\"ss-hidden-pin-image\" alt=\"\" data-pin-url=\"https:\/\/mr-congress.com\/de\/2026\/03\/11\/munchens-besondere-balance\/\" data-pin-media=\"https:\/\/mr-congress.com\/de\/wp-content\/uploads\/sites\/3\/2026\/03\/Featured-Image_Munchen.jpg\" data-pin-description=\"M\u00fcnchens besondere Balance\"\/>","protected":false},"excerpt":{"rendered":"<p>[vc_row disable_element=&#8221;yes&#8221;][vc_column][vc_column_text]<\/p>\n<p>Gemeinsam machen wir den Unterschied.<\/p>\n<p>[\/vc_column_text][\/vc_column][\/vc_row][vc_row][vc_column][vc_single_image image=&#8221;24699&#8243; img_size=&#8221;full&#8221; alignment=&#8221;center&#8221;][vc_column_text]<\/p>\n<p>\u2026Urban und dennoch naturnah.<\/p>\n<p>[\/vc_column_text][vc_column_text css=&#8221;.vc_custom_1773241588762{margin-top: 3vmax !important;margin-bottom: 1vmax !important;}&#8221;]Zuletzt haben wir die deutsche Hauptstadt als nachhaltige Eventdestination vorgestellt. Berlin steht f\u00fcr Dynamik, Offenheit und st\u00e4ndige Bewegung \u2013 ein Umfeld, das Innovationen vorantreibt und Veranstaltungen mit besonderer Energie aufl\u00e4dt. Wer jedoch Naturerlebnisse sucht, die man in einer Metropole kaum erwarten w\u00fcrde, findet in M\u00fcnchen den idealen Ort. Die bayerische Landeshauptstadt verbindet moderne Urbanit\u00e4t, starke wirtschaftliche Strukturen und eine beeindruckende Naturkulisse zu einem Eventstandort, [&#8230;]<\/p>\n<img src=\"https:\/\/mr-congress.com\/de\/wp-content\/uploads\/sites\/3\/2026\/03\/Featured-Image_Munchen.jpg\" class=\"ss-hidden-pin-image\" alt=\"\" data-pin-url=\"https:\/\/mr-congress.com\/de\/2026\/03\/11\/munchens-besondere-balance\/\" data-pin-media=\"https:\/\/mr-congress.com\/de\/wp-content\/uploads\/sites\/3\/2026\/03\/Featured-Image_Munchen.jpg\" data-pin-description=\"M\u00fcnchens besondere Balance\"\/>","protected":false},"author":1,"featured_media":0,"parent":0,"menu_order":0,"comment_status":"closed","ping_status":"closed","template":"","meta":[],"_links":{"self":[{"href":"https:\/\/mr-congress.com\/de\/wp-json\/wp\/v2\/pages\/9959"}],"collection":[{"href":"https:\/\/mr-congress.com\/de\/wp-json\/wp\/v2\/pages"}],"about":[{"href":"https:\/\/mr-congress.com\/de\/wp-json\/wp\/v2\/types\/page"}],"author":[{"embeddable":true,"href":"https:\/\/mr-congress.com\/de\/wp-json\/wp\/v2\/users\/1"}],"replies":[{"embeddable":true,"href":"https:\/\/mr-congress.com\/de\/wp-json\/wp\/v2\/comments?post=9959"}],"version-history":[{"count":38,"href":"https:\/\/mr-congress.com\/de\/wp-json\/wp\/v2\/pages\/9959\/revisions"}],"predecessor-version":[{"id":24694,"href":"https:\/\/mr-congress.com\/de\/wp-json\/wp\/v2\/pages\/9959\/revisions\/24694"}],"wp:attachment":[{"href":"https:\/\/mr-congress.com\/de\/wp-json\/wp\/v2\/media?parent=9959"}],"curies":[{"name":"wp","href":"https:\/\/api.w.org\/{rel}","templated":true}]}}