{"id":5433,"date":"2018-11-15T14:35:41","date_gmt":"2018-11-15T14:35:41","guid":{"rendered":"https:\/\/mr-congress.com\/es\/?page_id=5433"},"modified":"2025-08-06T10:34:18","modified_gmt":"2025-08-06T08:34:18","slug":"diseno-y-concepciones","status":"publish","type":"page","link":"https:\/\/mr-congress.com\/es\/diseno-y-concepciones\/","title":{"rendered":"Dise\u00f1o y Concepciones"},"content":{"rendered":"<p>[vc_section css=&#8221;.vc_custom_1532947345321{margin-top: 70px !important;}&#8221;][vc_row bg_type=&#8221;image&#8221; parallax_style=&#8221;vcpb-default&#8221; bg_image_new=&#8221;10352|https:\/\/mr-congress.com\/de\/wp-content\/uploads\/sites\/3\/2018\/11\/Design_Konzeption_Header_1900x430.jpg&#8221; bg_image_repeat=&#8221;no-repeat&#8221; bg_image_posiiton=&#8221;top center&#8221; bg_override=&#8221;ex-full&#8221;][vc_column width=&#8221;1\/3&#8243; offset=&#8221;vc_hidden-sm vc_hidden-xs&#8221;][vc_column_text]<img decoding=\"async\" style=\"margin-top: -800px; z-index: 9999;\" src=\"https:\/\/mr-congress.com\/de\/wp-content\/uploads\/sites\/3\/2018\/06\/airplane.svg\" alt=\"airplane\" \/>[\/vc_column_text][vc_empty_space height=&#8221;410px&#8221;][\/vc_column][vc_column width=&#8221;1\/3&#8243; offset=&#8221;vc_hidden-lg vc_hidden-xs&#8221;][vc_empty_space height=&#8221;390px&#8221;][\/vc_column][vc_column width=&#8221;1\/3&#8243; offset=&#8221;vc_hidden-lg vc_hidden-md&#8221;][vc_empty_space height=&#8221;310px&#8221;][\/vc_column][\/vc_row][vc_row content_placement=&#8221;middle&#8221; bg_type=&#8221;image&#8221; parallax_style=&#8221;vcpb-default&#8221; bg_image_repeat=&#8221;no-repeat&#8221; bg_image_size=&#8221;contain&#8221; bg_override=&#8221;ex-full&#8221;][vc_column css_animation=&#8221;fadeInUp&#8221; css=&#8221;.vc_custom_1535026171733{margin-top: 10px !important;margin-bottom: 50px !important;background-position: 0 0 !important;background-repeat: no-repeat !important;}&#8221;][vc_column_text css_animation=&#8221;fadeInUp&#8221; css=&#8221;.vc_custom_1544179501910{background-position: center !important;background-repeat: no-repeat !important;background-size: contain !important;}&#8221;]<\/p>\n<h1 class=\"lovely-heading\"><span class=\"brush-bg-img dk-bg-img\">Dise\u00f1o<span style=\"font-size: 120px !important;\">&amp;<\/span><\/span><\/h1>\n<h1 class=\"sub-heading\">CONCEPCIONES<\/h1>\n<p>[\/vc_column_text][vc_column_text css_animation=&#8221;none&#8221; el_class=&#8221;description-text&#8221;]Nosotros damos otro sentido al dise\u00f1o atractivo y actual.<br \/>\n\u00a1Nuestros dise\u00f1adores gr\u00e1ficos les ayudar\u00e1n y asesorar\u00e1n con lo mejor de s\u00ed mismos![\/vc_column_text][\/vc_column][\/vc_row][\/vc_section][vc_section][vc_row][vc_column][vc_single_image image=&#8221;5512&#8243; img_size=&#8221;full&#8221; alignment=&#8221;center&#8221; css_animation=&#8221;fadeIn&#8221;][\/vc_column][\/vc_row][vc_row css_animation=&#8221;fadeIn&#8221; css=&#8221;.vc_custom_1534339184118{margin-top: 50px !important;}&#8221;][vc_column][vc_row_inner][vc_column_inner offset=&#8221;vc_hidden-sm vc_hidden-xs&#8221;][vc_empty_space height=&#8221;42px&#8221;][\/vc_column_inner][\/vc_row_inner][vc_row_inner][vc_column_inner width=&#8221;1\/12&#8243; offset=&#8221;vc_hidden-md vc_hidden-sm vc_hidden-xs&#8221;][\/vc_column_inner][vc_column_inner width=&#8221;10\/12&#8243;][vc_column_text el_class=&#8221;description-text-italic&#8221;]Sus ideas y visiones se har\u00e1n rapidamente realidad de la mano de un esfuerzo ininterrumpido, eficiente y conforme a su dise\u00f1o corporativo: El dise\u00f1o corporativo se representa por una imagen homog\u00e9nea de la compa\u00f1\u00eda, y por tanto el hilo conductor del dise\u00f1o de su completo material.<span style=\"background: #aaf4b3;\"> Nuestro equipo gr\u00e1fico <\/span>tiene en cuenta para cada uno<span style=\"background: #aaf4b3;\"> de sus dise\u00f1os, <\/span>que su marca ha de ser representada de la mejor manera, bien sea en medios anal\u00f3gicos o digitales.[\/vc_column_text][\/vc_column_inner][vc_column_inner width=&#8221;1\/12&#8243; offset=&#8221;vc_hidden-md vc_hidden-sm vc_hidden-xs&#8221;][\/vc_column_inner][\/vc_row_inner][vc_row_inner][vc_column_inner offset=&#8221;vc_hidden-sm vc_hidden-xs&#8221;][vc_empty_space height=&#8221;72px&#8221;][\/vc_column_inner][\/vc_row_inner][\/vc_column][\/vc_row][vc_row][vc_column][vc_single_image image=&#8221;5513&#8243; img_size=&#8221;full&#8221; alignment=&#8221;center&#8221; css_animation=&#8221;fadeIn&#8221;][vc_empty_space height=&#8221;64px&#8221;][\/vc_column][\/vc_row][vc_row css_animation=&#8221;fadeIn&#8221; css=&#8221;.vc_custom_1534339184118{margin-top: 50px !important;}&#8221;][vc_column width=&#8221;1\/6&#8243;][\/vc_column][vc_column width=&#8221;2\/3&#8243;][vc_column_text el_class=&#8221;.description-text&#8221;]<\/p>\n<p style=\"text-align: center;\">Nuestro versado equipo de Dise\u00f1o Web desarrolla p\u00e1ginas para empresas, conferencias y eventos. Ponemos <span style=\"background: #aaf4b3;\">todos sus deseos en acci\u00f3n<\/span>, sean m\u00e1s cl\u00e1sicos o bajo las m\u00e1s modernas tendencias, adecuado a su marca y su evento. Adem\u00e1s elaboramos, imprimimos y encuadernamos encantados cualquier \u201cEdici\u00f3n Especial\u201d para su evento, sean libros de ruta, revistas o informes anuales.<\/p>\n<p>[\/vc_column_text][vc_empty_space height=&#8221;64px&#8221;][\/vc_column][vc_column width=&#8221;1\/6&#8243;][\/vc_column][\/vc_row][\/vc_section][vc_section][vc_row][vc_column][vc_single_image image=&#8221;5514&#8243; img_size=&#8221;full&#8221; alignment=&#8221;center&#8221; css_animation=&#8221;fadeIn&#8221; el_class=&#8221;img-zoom&#8221;][\/vc_column][\/vc_row][\/vc_section][vc_section][vc_row css=&#8221;.vc_custom_1534340704059{margin-top: 50px !important;}&#8221;][vc_column][vc_row_inner][vc_column_inner offset=&#8221;vc_hidden-xs&#8221;][vc_empty_space el_class=&#8221;empty-space&#8221;][\/vc_column_inner][\/vc_row_inner][vc_row_inner][vc_column_inner width=&#8221;1\/12&#8243; offset=&#8221;vc_hidden-md vc_hidden-sm vc_hidden-xs&#8221;][\/vc_column_inner][vc_column_inner width=&#8221;10\/12&#8243;][vc_column_text css_animation=&#8221;fadeInUp&#8221; css=&#8221;.vc_custom_1542292718469{padding-top: 20px !important;padding-bottom: 20px !important;}&#8221; el_class=&#8221;description-text-italic&#8221;]Para asegurar la satisfacci\u00f3n m\u00e1s plena de sus invitados, asimismo le ofrecemos tambi\u00e9n dise\u00f1o de Merchandising. <span style=\"background: #aaf4b3;\">El Merchandising<\/span> est\u00e1 a la orden del d\u00eda <span style=\"background: #aaf4b3;\">como una novedosa forma de material publicitario<\/span> para aumentar su flujo de ventas. Dise\u00f1amos con usted nuevos y atractivos conceptos para presentar su marca de la forma m\u00e1s efectiva.[\/vc_column_text][\/vc_column_inner][vc_column_inner width=&#8221;1\/12&#8243; offset=&#8221;vc_hidden-md vc_hidden-sm vc_hidden-xs&#8221;][\/vc_column_inner][\/vc_row_inner][vc_row_inner][vc_column_inner width=&#8221;1\/3&#8243; offset=&#8221;vc_hidden-xs&#8221;][vc_empty_space el_class=&#8221;empty-space&#8221;][\/vc_column_inner][vc_column_inner width=&#8221;2\/3&#8243;][vc_column_text][\/vc_column_text][\/vc_column_inner][\/vc_row_inner][\/vc_column][\/vc_row][vc_row bg_type=&#8221;grad&#8221; bg_grad=&#8221;background: -webkit-gradient(linear, left top, left bottom, color-stop(10%, #E892A0), color-stop(45%, #F0AAB6), color-stop(82%, #E892A0));background: -moz-linear-gradient(left,#E892A0 10%,#F0AAB6 45%,#E892A0 82%);background: -webkit-linear-gradient(left,#E892A0 10%,#F0AAB6 45%,#E892A0 82%);background: -o-linear-gradient(left,#E892A0 10%,#F0AAB6 45%,#E892A0 82%);background: -ms-linear-gradient(left,#E892A0 10%,#F0AAB6 45%,#E892A0 82%);background: linear-gradient(left,#E892A0 10%,#F0AAB6 45%,#E892A0 82%);&#8221;][vc_column css=&#8221;.vc_custom_1541755113144{background-position: center !important;background-repeat: no-repeat !important;background-size: contain !important;}&#8221;][vc_row_inner][vc_column_inner offset=&#8221;vc_hidden-xs&#8221;][vc_empty_space el_class=&#8221;empty-space&#8221;][\/vc_column_inner][\/vc_row_inner][vc_column_text css_animation=&#8221;fadeInUp&#8221; css=&#8221;.vc_custom_1542292814022{padding-top: 20px !important;padding-right: 10px !important;padding-bottom: 20px !important;padding-left: 10px !important;background-position: 0 0 !important;background-repeat: no-repeat !important;}&#8221; el_class=&#8221;secondary-lovely-headline&#8221;]<span style=\"color: #fff;\">Si el Merchandising, los Medios Impresos, las Websites&#8230;<\/span>[\/vc_column_text][vc_row_inner][vc_column_inner offset=&#8221;vc_hidden-xs&#8221;][vc_empty_space height=&#8221;112px&#8221; el_class=&#8221;empty-space&#8221;][\/vc_column_inner][\/vc_row_inner][\/vc_column][\/vc_row][\/vc_section][vc_section][vc_row disable_element=&#8221;yes&#8221; css=&#8221;.vc_custom_1548231452387{margin-top: 50px !important;margin-bottom: 30px !important;}&#8221;][vc_column width=&#8221;1\/2&#8243;][vc_single_image image=&#8221;5515&#8243; img_size=&#8221;full&#8221; alignment=&#8221;center&#8221; css_animation=&#8221;fadeIn&#8221; el_class=&#8221;img-zoom&#8221;][vc_row_inner 0=&#8221;&#8221;][vc_column_inner width=&#8221;1\/2&#8243; offset=&#8221;vc_hidden-md vc_hidden-sm vc_hidden-xs&#8221;][vc_empty_space height=&#8221;172px&#8221;][\/vc_column_inner][vc_column_inner width=&#8221;1\/2&#8243; offset=&#8221;vc_hidden-sm vc_hidden-xs&#8221;][vc_empty_space height=&#8221;92px&#8221;][\/vc_column_inner][\/vc_row_inner][vc_column_text css_animation=&#8221;left-to-right&#8221; el_class=&#8221;vc_align_center description-text&#8221;]<\/p>\n<p style=\"display: inline; background: #aaf4b3; padding: 4px; text-align: center; font-family: 'DidotLTPro-Roman' !important;\">Transmite sus ideas visualmente,<br \/>\nabriendo la puerta de su mundo<br \/>\na sus espectadores<\/p>\n<p>[\/vc_column_text][\/vc_column][vc_column width=&#8221;1\/2&#8243;][vc_row_inner 0=&#8221;&#8221;][vc_column_inner width=&#8221;1\/2&#8243; offset=&#8221;vc_hidden-md vc_hidden-sm vc_hidden-xs&#8221;][vc_empty_space height=&#8221;372px&#8221;][\/vc_column_inner][vc_column_inner width=&#8221;1\/2&#8243; offset=&#8221;vc_hidden-sm vc_hidden-xs&#8221;][vc_empty_space height=&#8221;192px&#8221;][\/vc_column_inner][\/vc_row_inner][vc_column_text css_animation=&#8221;right-to-left&#8221; el_class=&#8221;vc_align_center description-text&#8221;]<\/p>\n<p style=\"display: inline; background: #aaf4b3; padding: 4px; text-align: center; font-family: 'DidotLTPro-Roman' !important;\">Una Ilustraci\u00f3n de primera clase,<br \/>\nno dice s\u00f3lo m\u00e1s de mil palabras:<\/p>\n<p>[\/vc_column_text][vc_row_inner 0=&#8221;&#8221;][vc_column_inner width=&#8221;1\/2&#8243; offset=&#8221;vc_hidden-md vc_hidden-sm vc_hidden-xs&#8221;][vc_empty_space height=&#8221;282px&#8221;][\/vc_column_inner][vc_column_inner width=&#8221;1\/2&#8243; offset=&#8221;vc_hidden-sm vc_hidden-xs&#8221;][vc_empty_space height=&#8221;192px&#8221;][\/vc_column_inner][\/vc_row_inner][vc_single_image image=&#8221;5516&#8243; img_size=&#8221;full&#8221; alignment=&#8221;center&#8221; css_animation=&#8221;fadeIn&#8221; el_class=&#8221;img-zoom&#8221;][\/vc_column][\/vc_row][\/vc_section][vc_section css=&#8221;.vc_custom_1540393037501{margin-top: 40px !important;margin-bottom: 40px !important;}&#8221;][vc_row equal_height=&#8221;yes&#8221; css_animation=&#8221;fadeInUp&#8221; css=&#8221;.vc_custom_1535031373080{margin-top: 80px !important;margin-bottom: 80px !important;}&#8221;][vc_column css_animation=&#8221;none&#8221;][vc_row_inner][vc_column_inner width=&#8221;1\/6&#8243; offset=&#8221;vc_hidden-sm vc_hidden-xs&#8221;][\/vc_column_inner][vc_column_inner width=&#8221;2\/3&#8243;][vc_column_text el_class=&#8221;description-text&#8221;]<\/p>\n<p style=\"text-align: center;\">Para que adem\u00e1s, <span style=\"background: #aaf4b3;\">todo lo que usted desea contar<\/span> quede tambi\u00e9n apropiadamente recogido, nos encargamos de que su evento sea documentado de forma \u00f3ptima, profesional y responsable. Aparte de esto se deben tener en cuenta los formularios de expectativas, los idiomas, y los comportamientos culturales al igual que las formas de Comunicaci\u00f3n e interacci\u00f3n de una compa\u00f1\u00eda para que pueda fortalezerse en el futuro su presencia en congresos, simposios y eventos.<\/p>\n<p>[\/vc_column_text][\/vc_column_inner][vc_column_inner width=&#8221;1\/6&#8243;][\/vc_column_inner][\/vc_row_inner][\/vc_column][\/vc_row][vc_row][vc_column][vc_single_image image=&#8221;5517&#8243; img_size=&#8221;full&#8221; alignment=&#8221;center&#8221; css_animation=&#8221;fadeInUp&#8221;][\/vc_column][\/vc_row][vc_row css_animation=&#8221;fadeIn&#8221; css=&#8221;.vc_custom_1534339184118{margin-top: 50px !important;}&#8221;][vc_column][vc_row_inner][vc_column_inner offset=&#8221;vc_hidden-sm vc_hidden-xs&#8221;][vc_empty_space height=&#8221;92px&#8221;][\/vc_column_inner][\/vc_row_inner][vc_row_inner][vc_column_inner width=&#8221;1\/12&#8243; offset=&#8221;vc_hidden-md vc_hidden-sm vc_hidden-xs&#8221;][\/vc_column_inner][vc_column_inner width=&#8221;10\/12&#8243;][vc_column_text css_animation=&#8221;fadeInUp&#8221; el_class=&#8221;description-text-italic&#8221;]Seg\u00fan el formato, las funciones y el n\u00famero de participantes, utilizaremos diferentes t\u00e9cnicas de presentaci\u00f3n al igual que opciones interactivas de Feedback (p.e: Voting y Gaming).<span style=\"background: #aaf4b3;\"> Nuestro equipo le llevar\u00e1 al siguiente nivel <\/span>en el uso de Redes Social y Aplicaciones de Eventos, as\u00ed deje su empresa beneficiarse de nuestro conocimiento en las nuevas tendencias.[\/vc_column_text][vc_empty_space height=&#8221;100px&#8221;][\/vc_column_inner][vc_column_inner width=&#8221;1\/12&#8243; offset=&#8221;vc_hidden-md vc_hidden-sm vc_hidden-xs&#8221;][\/vc_column_inner][\/vc_row_inner][\/vc_column][\/vc_row][\/vc_section][vc_row][vc_column width=&#8221;1\/2&#8243;][vc_column_text css_animation=&#8221;left-to-right&#8221; el_class=&#8221;design-bar&#8221;]<\/p>\n<h1 class=\"lovely-heading\" style=\"margin-left: 35%;\"><span class=\"brush-bg-img dk-bg-img\">Medios<\/span><\/h1>\n<h1 class=\"lovely-heading\" style=\"margin-left: 35%;\"><span class=\"brush-bg-img dk-bg-img\">Impresos<\/span><\/h1>\n<p>[\/vc_column_text][\/vc_column][vc_column width=&#8221;1\/2&#8243;][vc_empty_space][vc_column_text css_animation=&#8221;right-to-left&#8221;]<\/p>\n<ul class=\"description-text left\" style=\"list-style: none; margin-left: 10% !important; line-height: 1.2;\">\n<li style=\"text-align: left;\">Invitaciones<\/li>\n<li style=\"text-align: left;\">Pancartas, letreros y banderas<\/li>\n<li style=\"text-align: left;\">Roll-Ups, stands din\u00e1micos<\/li>\n<li style=\"text-align: left;\">Pegatinas<\/li>\n<li style=\"text-align: left;\">Folletos, Flyers<\/li>\n<li style=\"text-align: left;\">Cat\u00e1logos<\/li>\n<li style=\"text-align: left;\">Posters<\/li>\n<li style=\"text-align: left;\">Men\u00fas<\/li>\n<li style=\"text-align: left;\">Libros de Ruta<\/li>\n<li style=\"text-align: left;\">Ilustraciones<\/li>\n<\/ul>\n<p>[\/vc_column_text][\/vc_column][vc_column][vc_empty_space height=&#8221;130px&#8221;][\/vc_column][\/vc_row][vc_row][vc_column width=&#8221;1\/2&#8243;][vc_empty_space height=&#8221;64px&#8221;][vc_column_text css_animation=&#8221;left-to-right&#8221;]<\/p>\n<ul class=\"description-text right\" style=\"list-style: none; margin-right: 15% !important; line-height: 1.2;\">\n<li style=\"text-align: right;\">Concepciones Integrales<\/li>\n<li style=\"text-align: right;\">Documentaci\u00f3n<\/li>\n<li style=\"text-align: right;\">Fotograf\u00eda de Eventos<\/li>\n<li style=\"text-align: right;\">Decoraci\u00f3n de Interiores<\/li>\n<li style=\"text-align: right;\">Escenificaci\u00f3n<\/li>\n<li style=\"text-align: right;\">Proyecciones<\/li>\n<li style=\"text-align: right;\">Animaciones<\/li>\n<\/ul>\n<p>[\/vc_column_text][\/vc_column][vc_column width=&#8221;1\/2&#8243;][vc_column_text css_animation=&#8221;right-to-left&#8221; el_class=&#8221;design-bar&#8221;]<\/p>\n<h1 class=\"lovely-heading\" style=\"margin-right: 30%;\"><span class=\"brush-bg-img dk-bg-img\">Dise\u00f1o de<\/span><\/h1>\n<h1 class=\"lovely-heading\" style=\"margin-right: 30%;\"><span class=\"brush-bg-img dk-bg-img\">eventos<\/span><\/h1>\n<p>[\/vc_column_text][\/vc_column][vc_column][vc_empty_space height=&#8221;130px&#8221;][\/vc_column][\/vc_row][vc_row][vc_column width=&#8221;1\/2&#8243;][vc_column_text css_animation=&#8221;left-to-right&#8221; el_class=&#8221;design-bar&#8221;]<\/p>\n<h1 class=\"lovely-heading\" style=\"margin-left: 20%;\"><span class=\"brush-bg-img dk-bg-img\">Servicios<\/span><\/h1>\n<h1 class=\"lovely-heading\" style=\"margin-left: 20%;\"><span class=\"brush-bg-img dk-bg-img\">Adicionales<\/span><\/h1>\n<p>[\/vc_column_text][\/vc_column][vc_column width=&#8221;1\/2&#8243;][vc_empty_space][vc_column_text css_animation=&#8221;right-to-left&#8221;]<\/p>\n<ul class=\"description-text left\" style=\"list-style: none; margin-left: 10% !important; line-height: 1.2;\">\n<li style=\"text-align: left;\">Creaci\u00f3n de Ideas<\/li>\n<li style=\"text-align: left;\">Investigaci\u00f3n de Producto<\/li>\n<li style=\"text-align: left;\">Lanyards<\/li>\n<li style=\"text-align: left;\">Placas con Nombre<\/li>\n<li style=\"text-align: left;\">Sistemas de Identificaci\u00f3n<\/li>\n<li style=\"text-align: left;\">Give-Aways<\/li>\n<li style=\"text-align: left;\">Material Publicitario<\/li>\n<li style=\"text-align: left;\">Stands de Ferias<\/li>\n<li style=\"text-align: left;\">Merhandising<\/li>\n<\/ul>\n<p>[\/vc_column_text][\/vc_column][vc_column][vc_empty_space height=&#8221;130px&#8221;][\/vc_column][\/vc_row][vc_row][vc_column width=&#8221;1\/2&#8243;][vc_empty_space height=&#8221;100px&#8221;][vc_column_text css_animation=&#8221;left-to-right&#8221;]<\/p>\n<ul class=\"description-text right\" style=\"list-style: none; margin-right: 15% !important; line-height: 1.2;\">\n<li style=\"text-align: right;\">Documentaciones<\/li>\n<li style=\"text-align: right;\">Publicidad<\/li>\n<li style=\"text-align: right;\">Peri\u00f3dicos y Revistas<\/li>\n<li style=\"text-align: right;\">Photobook<\/li>\n<\/ul>\n<p>[\/vc_column_text][\/vc_column][vc_column width=&#8221;1\/2&#8243;][vc_empty_space height=&#8221;64px&#8221;][vc_column_text css_animation=&#8221;right-to-left&#8221; el_class=&#8221;design-bar&#8221;]<\/p>\n<h1 class=\"lovely-heading\" style=\"margin-right: 10%;\"><span class=\"brush-bg-img dk-bg-img\">Publicaciones<\/span><\/h1>\n<p>[\/vc_column_text][\/vc_column][vc_column][vc_empty_space height=&#8221;130px&#8221;][\/vc_column][\/vc_row][vc_row][vc_column width=&#8221;1\/2&#8243;][vc_column_text css_animation=&#8221;left-to-right&#8221; el_class=&#8221;design-bar&#8221;]<\/p>\n<h1 class=\"lovely-heading\" style=\"margin-left: 40%;\"><span class=\"brush-bg-img dk-bg-img\">Dise\u00f1o<\/span><\/h1>\n<h1 class=\"lovely-heading\" style=\"margin-left: 40%;\"><span class=\"brush-bg-img dk-bg-img\">Web<\/span><\/h1>\n<p>[\/vc_column_text][\/vc_column][vc_column width=&#8221;1\/2&#8243;][vc_empty_space height=&#8221;110px&#8221;][vc_column_text css_animation=&#8221;right-to-left&#8221;]<\/p>\n<ul class=\"description-text left\" style=\"list-style: none; margin-left: 10% !important; line-height: 1.2;\">\n<li style=\"text-align: left;\">Websites y Apps<\/li>\n<li style=\"text-align: left;\">Plataformas de Registro<\/li>\n<li style=\"text-align: left;\">Presentaciones Online<\/li>\n<\/ul>\n<p>[\/vc_column_text][\/vc_column][vc_column][vc_empty_space height=&#8221;130px&#8221;][\/vc_column][\/vc_row][vc_row][vc_column width=&#8221;1\/2&#8243;][vc_empty_space height=&#8221;110px&#8221;][vc_column_text css_animation=&#8221;left-to-right&#8221; css=&#8221;.vc_custom_1747995300239{margin-bottom: 100px !important;}&#8221;]<\/p>\n<ul class=\"description-text right\" style=\"list-style: none; margin-right: 15% !important; line-height: 1.2;\">\n<li style=\"text-align: right;\">Dise\u00f1o de Logo<\/li>\n<li style=\"text-align: right;\">Equipamiento de negocio<\/li>\n<li style=\"text-align: right;\">Tarjetas de visita<\/li>\n<\/ul>\n<p>[\/vc_column_text][\/vc_column][vc_column width=&#8221;1\/2&#8243;][vc_column_text css_animation=&#8221;right-to-left&#8221; el_class=&#8221;design-bar&#8221;]<\/p>\n<h1 class=\"lovely-heading\" style=\"margin-right: 25%;\"><span class=\"brush-bg-img dk-bg-img\">Dise\u00f1o<\/span><\/h1>\n<h1 class=\"lovely-heading\" style=\"margin-right: 25%;\"><span class=\"brush-bg-img dk-bg-img\">Corporativo<\/span><\/h1>\n<p>[\/vc_column_text][\/vc_column][\/vc_row][vc_row][vc_column][vc_empty_space height=&#8221;130px&#8221;][\/vc_column][\/vc_row]<\/p>\n","protected":false},"excerpt":{"rendered":"<p>[vc_section css=&#8221;.vc_custom_1532947345321{margin-top: 70px !important;}&#8221;][vc_row bg_type=&#8221;image&#8221; parallax_style=&#8221;vcpb-default&#8221; bg_image_new=&#8221;10352|https:\/\/mr-congress.com\/de\/wp-content\/uploads\/sites\/3\/2018\/11\/Design_Konzeption_Header_1900x430.jpg&#8221; bg_image_repeat=&#8221;no-repeat&#8221; bg_image_posiiton=&#8221;top center&#8221; bg_override=&#8221;ex-full&#8221;][vc_column width=&#8221;1\/3&#8243; offset=&#8221;vc_hidden-sm vc_hidden-xs&#8221;][vc_column_text][\/vc_column_text][vc_empty_space height=&#8221;410px&#8221;][\/vc_column][vc_column width=&#8221;1\/3&#8243; offset=&#8221;vc_hidden-lg vc_hidden-xs&#8221;][vc_empty_space height=&#8221;390px&#8221;][\/vc_column][vc_column width=&#8221;1\/3&#8243; offset=&#8221;vc_hidden-lg vc_hidden-md&#8221;][vc_empty_space height=&#8221;310px&#8221;][\/vc_column][\/vc_row][vc_row content_placement=&#8221;middle&#8221; bg_type=&#8221;image&#8221; parallax_style=&#8221;vcpb-default&#8221; bg_image_repeat=&#8221;no-repeat&#8221; bg_image_size=&#8221;contain&#8221; bg_override=&#8221;ex-full&#8221;][vc_column css_animation=&#8221;fadeInUp&#8221; css=&#8221;.vc_custom_1535026171733{margin-top: 10px !important;margin-bottom: 50px !important;background-position: 0 0 !important;background-repeat: no-repeat !important;}&#8221;][vc_column_text css_animation=&#8221;fadeInUp&#8221; css=&#8221;.vc_custom_1544179501910{background-position: center !important;background-repeat: no-repeat !important;background-size: contain !important;}&#8221;]<\/p>\n<p>Dise\u00f1o&amp;<br \/>\nCONCEPCIONES<\/p>\n<p>[\/vc_column_text][vc_column_text css_animation=&#8221;none&#8221; el_class=&#8221;description-text&#8221;]Nosotros damos otro sentido al dise\u00f1o atractivo y actual.<br \/>\n\u00a1Nuestros dise\u00f1adores gr\u00e1ficos les ayudar\u00e1n y asesorar\u00e1n con lo mejor de s\u00ed mismos![\/vc_column_text][\/vc_column][\/vc_row][\/vc_section][vc_section][vc_row][vc_column][vc_single_image image=&#8221;5512&#8243; img_size=&#8221;full&#8221; alignment=&#8221;center&#8221; css_animation=&#8221;fadeIn&#8221;][\/vc_column][\/vc_row][vc_row css_animation=&#8221;fadeIn&#8221; css=&#8221;.vc_custom_1534339184118{margin-top: 50px !important;}&#8221;][vc_column][vc_row_inner][vc_column_inner offset=&#8221;vc_hidden-sm vc_hidden-xs&#8221;][vc_empty_space [&#8230;]<\/p>\n","protected":false},"author":5,"featured_media":0,"parent":0,"menu_order":0,"comment_status":"closed","ping_status":"closed","template":"event-page.php","meta":[],"_links":{"self":[{"href":"https:\/\/mr-congress.com\/es\/wp-json\/wp\/v2\/pages\/5433"}],"collection":[{"href":"https:\/\/mr-congress.com\/es\/wp-json\/wp\/v2\/pages"}],"about":[{"href":"https:\/\/mr-congress.com\/es\/wp-json\/wp\/v2\/types\/page"}],"author":[{"embeddable":true,"href":"https:\/\/mr-congress.com\/es\/wp-json\/wp\/v2\/users\/5"}],"replies":[{"embeddable":true,"href":"https:\/\/mr-congress.com\/es\/wp-json\/wp\/v2\/comments?post=5433"}],"version-history":[{"count":12,"href":"https:\/\/mr-congress.com\/es\/wp-json\/wp\/v2\/pages\/5433\/revisions"}],"predecessor-version":[{"id":6524,"href":"https:\/\/mr-congress.com\/es\/wp-json\/wp\/v2\/pages\/5433\/revisions\/6524"}],"wp:attachment":[{"href":"https:\/\/mr-congress.com\/es\/wp-json\/wp\/v2\/media?parent=5433"}],"curies":[{"name":"wp","href":"https:\/\/api.w.org\/{rel}","templated":true}]}}