{"id":5441,"date":"2018-11-15T15:31:30","date_gmt":"2018-11-15T15:31:30","guid":{"rendered":"https:\/\/mr-congress.com\/es\/?page_id=5441"},"modified":"2025-08-01T12:35:58","modified_gmt":"2025-08-01T10:35:58","slug":"eventos-y-experiencias","status":"publish","type":"page","link":"https:\/\/mr-congress.com\/es\/eventos-y-experiencias\/","title":{"rendered":"Eventos y Experiencias"},"content":{"rendered":"<p>[vc_section css=&#8221;.vc_custom_1532947345321{margin-top: 70px !important;}&#8221;][vc_row bg_type=&#8221;image&#8221; parallax_style=&#8221;vcpb-default&#8221; bg_image_new=&#8221;10298|https:\/\/mr-congress.com\/de\/wp-content\/uploads\/sites\/3\/2018\/11\/Events_Erlebnisse_Header.jpg&#8221; bg_image_repeat=&#8221;no-repeat&#8221; bg_image_posiiton=&#8221;top center&#8221; bg_override=&#8221;ex-full&#8221;][vc_column width=&#8221;1\/3&#8243; offset=&#8221;vc_hidden-sm vc_hidden-xs&#8221;][vc_column_text]<img decoding=\"async\" style=\"margin-top: -800px; z-index: 9999;\" src=\"https:\/\/mr-congress.com\/de\/wp-content\/uploads\/sites\/3\/2018\/06\/airplane.svg\" alt=\"airplane\" \/>[\/vc_column_text][vc_empty_space height=&#8221;410px&#8221;][\/vc_column][vc_column width=&#8221;1\/3&#8243; offset=&#8221;vc_hidden-lg vc_hidden-xs&#8221;][vc_empty_space height=&#8221;390px&#8221;][\/vc_column][vc_column width=&#8221;1\/3&#8243; offset=&#8221;vc_hidden-lg vc_hidden-md&#8221;][vc_empty_space height=&#8221;310px&#8221;][\/vc_column][\/vc_row][vc_row content_placement=&#8221;middle&#8221; bg_type=&#8221;image&#8221; parallax_style=&#8221;vcpb-default&#8221; bg_image_new=&#8221;9167|https:\/\/mr-congress.com\/de\/wp-content\/uploads\/sites\/3\/2018\/08\/ICON_events_erlebnisse_lights_V2_animated-3.svg&#8221; bg_image_repeat=&#8221;no-repeat&#8221; bg_image_size=&#8221;contain&#8221; bg_override=&#8221;ex-full&#8221;][vc_column css_animation=&#8221;fadeInUp&#8221; css=&#8221;.vc_custom_1534323197358{margin-bottom: 50px !important;background-position: 0 0 !important;background-repeat: no-repeat !important;}&#8221;][vc_column_text css_animation=&#8221;fadeInUp&#8221; css=&#8221;.vc_custom_1542295275946{background-position: center !important;background-repeat: no-repeat !important;background-size: contain !important;}&#8221;]<\/p>\n<h1 class=\"lovely-heading\"><span class=\"brush-bg-img ee-bg-img\">Eventos<\/span> <span style=\"font-size: 120px !important;\">&amp;<\/span><\/h1>\n<h1 class=\"sub-heading\">EXPERIENCIAS<\/h1>\n<p>[\/vc_column_text][vc_column_text css_animation=&#8221;none&#8221; el_class=&#8221;description-text&#8221;]<\/p>\n<p style=\"text-align: center;\">\u00bfQu\u00e9 es un evento perfecto? Un recuerdo que le hace sonrerir cada vez que se vuelve a la cabeza.<br \/>\nUna canci\u00f3n que siempre se quiere volver a escuchar.<\/p>\n<p>[\/vc_column_text][\/vc_column][\/vc_row][\/vc_section][vc_row equal_height=&#8221;yes&#8221; css=&#8221;.vc_custom_1533035087215{margin-top: 50px !important;}&#8221; el_id=&#8221;hotels&#8221;][vc_column width=&#8221;1\/6&#8243;][\/vc_column][vc_column width=&#8221;2\/6&#8243;][vc_row_inner][vc_column_inner width=&#8221;1\/2&#8243; css=&#8221;.vc_custom_1534331716290{margin-left: 30px !important;}&#8221; offset=&#8221;vc_hidden-md vc_hidden-sm vc_hidden-xs&#8221;][vc_empty_space height=&#8221;262px&#8221;][\/vc_column_inner][vc_column_inner width=&#8221;1\/2&#8243; offset=&#8221;vc_hidden-xs&#8221;][vc_empty_space height=&#8221;145px&#8221;][\/vc_column_inner][\/vc_row_inner][vc_column_text css_animation=&#8221;left-to-right&#8221; el_class=&#8221;text-justify lovely-headline&#8221;]<\/p>\n<p class=\"\">Una fotograf\u00eda que<br \/>\nsiempre quedar\u00e1 colgada<br \/>\nen la nevera de su casa.[\/vc_column_text][\/vc_column][vc_column width=&#8221;2\/6&#8243;][vc_column_text css_animation=&#8221;right-to-left&#8221;]<img decoding=\"async\" loading=\"lazy\" class=\"aligncenter size-full wp-image-8233\" src=\"https:\/\/mr-congress.com\/de\/wp-content\/uploads\/sites\/3\/2018\/11\/Events_Erlebnisse_Collage_800x680.jpg\" alt=\"\" width=\"700\" height=\"595\" \/>[\/vc_column_text][\/vc_column][vc_column width=&#8221;1\/6&#8243;][\/vc_column][\/vc_row][vc_row css_animation=&#8221;fadeIn&#8221; css=&#8221;.vc_custom_1534241997654{margin-top: 50px !important;}&#8221; el_id=&#8221;RESTAURANTS&#8221;][vc_column][vc_empty_space height=&#8221;102px&#8221;][vc_row_inner][vc_column_inner width=&#8221;1\/6&#8243; offset=&#8221;vc_hidden-xs&#8221;][\/vc_column_inner][vc_column_inner width=&#8221;2\/3&#8243;][vc_column_text el_class=&#8221;description-text&#8221;]<\/p>\n<p style=\"text-align: center;\">Algunos eventos son como tu jersey favorito en el armario: uno entre muchos, pero extraordinario. Los dem\u00e1s no logran evocar la misma comodidad, ni hacen que te sientas igual de a gusto. Para disfrutar de eventos que se sienten como ese jersey preferido, hay que atreverse a arriesgar un poco, aunque sin sobrepasar los l\u00edmites. Tambi\u00e9n es fundamental adquirir experiencia, sin quedarse anclado en antiguas maneras, y aprender a mantener la calma, incluso cuando todo de repente comienza a salir distinto a lo planeado.<\/p>\n<p>[\/vc_column_text][\/vc_column_inner][vc_column_inner width=&#8221;1\/6&#8243;][\/vc_column_inner][\/vc_row_inner][vc_empty_space height=&#8221;102px&#8221;][\/vc_column][\/vc_row][vc_section][vc_row][vc_column][vc_single_image image=&#8221;5506&#8243; img_size=&#8221;full&#8221; alignment=&#8221;center&#8221; css_animation=&#8221;fadeInUp&#8221;][\/vc_column][\/vc_row][vc_row css=&#8221;.vc_custom_1538637085227{margin-top: 50px !important;}&#8221;][vc_column][vc_empty_space el_class=&#8221;empty-space&#8221;][vc_row_inner][vc_column_inner width=&#8221;1\/12&#8243; offset=&#8221;vc_hidden-md vc_hidden-sm vc_hidden-xs&#8221;][\/vc_column_inner][vc_column_inner width=&#8221;10\/12&#8243;][vc_column_text css_animation=&#8221;fadeInRight&#8221; css=&#8221;.vc_custom_1544607262520{padding-top: 20px !important;padding-bottom: 20px !important;}&#8221; el_class=&#8221;description-text-italic&#8221;]<\/p>\n<p style=\"text-align: center;\">Nos ponemos a hacer punto junto a usted para dise\u00f1ar su jersey favorito. Nuestros eventos no son un producto de masas prefabricado. Tomamos sus medidas, y usted indica el tono, corte, color y estilo que desea.Si a\u00fan as\u00ed no hay lugar para el evento perfecto &#8211;<br \/>\nnos encargamos de <span style=\"background: #aaf4b3;\">satifacerle a usted, sus invitados y su mensaje.<\/span>[\/vc_column_text][\/vc_column_inner][vc_column_inner width=&#8221;1\/12&#8243; offset=&#8221;vc_hidden-md vc_hidden-sm vc_hidden-xs&#8221;][\/vc_column_inner][\/vc_row_inner][\/vc_column][\/vc_row][\/vc_section][vc_section css=&#8221;.vc_custom_1534240775832{margin-top: 40px !important;margin-bottom: 40px !important;}&#8221;][vc_row bg_type=&#8221;grad&#8221; bg_grad=&#8221;background: -webkit-gradient(linear, left top, left bottom, color-stop(10%, #83779B), color-stop(51%, #978BB0), color-stop(82%, #83779B));background: -moz-linear-gradient(left,#83779B 10%,#978BB0 51%,#83779B 82%);background: -webkit-linear-gradient(left,#83779B 10%,#978BB0 51%,#83779B 82%);background: -o-linear-gradient(left,#83779B 10%,#978BB0 51%,#83779B 82%);background: -ms-linear-gradient(left,#83779B 10%,#978BB0 51%,#83779B 82%);background: linear-gradient(left,#83779B 10%,#978BB0 51%,#83779B 82%);&#8221; css=&#8221;.vc_custom_1541425400575{margin-bottom: 50px !important;}&#8221;][vc_column css=&#8221;.vc_custom_1541425391516{background-image: url(https:\/\/mr-congress.com\/de\/wp-content\/uploads\/sites\/3\/2018\/07\/ICON_compass.svg?id=9108) !important;background-position: center !important;background-repeat: no-repeat !important;background-size: contain !important;}&#8221;][vc_row_inner][vc_column_inner offset=&#8221;vc_hidden-xs&#8221;][vc_empty_space el_class=&#8221;empty-space&#8221;][\/vc_column_inner][\/vc_row_inner][vc_column_text css_animation=&#8221;fadeInLeft&#8221; css=&#8221;.vc_custom_1544607253850{padding-top: 20px !important;padding-right: 10px !important;padding-bottom: 20px !important;padding-left: 10px !important;background-position: 0 0 !important;background-repeat: no-repeat !important;}&#8221; el_class=&#8221;description-text&#8221;]<\/p>\n<p style=\"color: white;\">La comodidad y el dise\u00f1o no hacen de por s\u00ed que un Jersey se convierta en su prenda favorita.<br \/>\nLo que verdaderamente importa es la historia que lleva detr\u00e1s consigo.<br \/>\n<span style=\"font-family: museo_sans500 !important;\">Nos encargamos de relatar con usted la historia de su evento, de transmitirle a sus invitados lo que usted exactamente desea contar.<\/span>[\/vc_column_text][vc_row_inner][vc_column_inner offset=&#8221;vc_hidden-xs&#8221;][vc_empty_space el_class=&#8221;empty-space&#8221;][\/vc_column_inner][\/vc_row_inner][\/vc_column][\/vc_row][vc_row gap=&#8221;30&#8243; equal_height=&#8221;yes&#8221; content_placement=&#8221;middle&#8221; css_animation=&#8221;fadeInUp&#8221;][vc_column width=&#8221;1\/6&#8243;][\/vc_column][vc_column css_animation=&#8221;none&#8221; width=&#8221;2\/6&#8243; css=&#8221;.vc_custom_1745417619587{background-position: center !important;background-repeat: no-repeat !important;background-size: contain !important;}&#8221; el_class=&#8221;overlay_text&#8221;][vc_empty_space height=&#8221;45px&#8221;][vc_column_text css=&#8221;.vc_custom_1745418211217{background-position: center !important;background-repeat: no-repeat !important;background-size: cover !important;}&#8221; el_class=&#8221;description-text&#8221;]<\/p>\n<p style=\"text-align: center;\">D\u00e9jenos encontrar el <strong>correcto grado de emocionalidad<\/strong> para su evento, sin que se convierta en algo inveros\u00edmil. Permitanos sorprender a sus invitados, sin llegar a cargar en exceso las tintas. Llevamos un claro hilo conductor durante su evento-jersey, de principio a fin. La historia que elaboraremos juntos ser\u00e1 la diferencia entre un <strong>recuerdo que le saque por siempre una sonrisa<\/strong> y un evento como todos los dem\u00e1s.<\/p>\n<p>[\/vc_column_text][\/vc_column][vc_column css_animation=&#8221;none&#8221; width=&#8221;2\/6&#8243;][vc_single_image image=&#8221;5672&#8243; img_size=&#8221;540&#215;700&#8243; alignment=&#8221;center&#8221;][\/vc_column][vc_column width=&#8221;1\/6&#8243;][\/vc_column][\/vc_row][vc_row bg_type=&#8221;image&#8221; parallax_style=&#8221;vcpb-default&#8221; bg_image_new=&#8221;10187|https:\/\/mr-congress.com\/de\/wp-content\/uploads\/sites\/3\/2018\/11\/Events_Erlebnisse_Section_6_1900x430.jpg&#8221; bg_image_repeat=&#8221;no-repeat&#8221; bg_image_size=&#8221;initial&#8221; bg_override=&#8221;ex-full&#8221;][vc_column][vc_empty_space height=&#8221;64px&#8221;][vc_row_inner][vc_column_inner offset=&#8221;vc_hidden-md vc_hidden-sm vc_hidden-xs&#8221;][vc_empty_space height=&#8221;100px&#8221;][\/vc_column_inner][\/vc_row_inner][vc_column_text]<\/p>\n<h3 class=\"secondary-lovely-headline\"><span style=\"color: #fff;\">Creatividad y flexibilidad durante 30 a\u00f1os nos han convertido en lo que somos hoy en dia:<\/span><\/h3>\n<p>[\/vc_column_text][vc_row_inner][vc_column_inner offset=&#8221;vc_hidden-md vc_hidden-sm vc_hidden-xs&#8221;][vc_empty_space height=&#8221;100px&#8221;][\/vc_column_inner][\/vc_row_inner][\/vc_column][\/vc_row][vc_row css=&#8221;.vc_custom_1544607394171{margin-top: 60px !important;}&#8221;][vc_column width=&#8221;1\/12&#8243; offset=&#8221;vc_hidden-md vc_hidden-sm vc_hidden-xs&#8221;][\/vc_column][vc_column width=&#8221;10\/12&#8243;][vc_column_text el_class=&#8221;description-text-italic&#8221;]<\/p>\n<p style=\"font-family: DidotLTPro-BoldItalic !important;\">Una instituci\u00f3n en el mercado MICE en Alemania, con seguirdad y experiencia a\u00fan tambi\u00e9n siempre en movimiento y renovaci\u00f3n. <span style=\"background: #ffeb90e3;\">Nosotros encontramos la Localizaci\u00f3n propicia, <\/span>nos encargamos de un correcto Set-Up y proporcionarle el \u00f3ptimo escenario e iluminaci\u00f3n para su evento, bien sea un Teambuilding, Cena de Gala, o lo que necesite, de cualquier manera sacaremos a la luz lo mejor para usted.<\/p>\n<p>[\/vc_column_text][\/vc_column][vc_column width=&#8221;1\/12&#8243; offset=&#8221;vc_hidden-md vc_hidden-sm vc_hidden-xs&#8221;][\/vc_column][\/vc_row][\/vc_section][vc_section][vc_row css=&#8221;.vc_custom_1541425673039{margin-top: 50px !important;margin-bottom: 50px !important;}&#8221;][vc_column width=&#8221;1\/6&#8243;][\/vc_column][vc_column width=&#8221;2\/6&#8243;][vc_single_image image=&#8221;5505&#8243; img_size=&#8221;full&#8221; alignment=&#8221;center&#8221; css_animation=&#8221;fadeInRight&#8221;][\/vc_column][vc_column width=&#8221;2\/6&#8243;][vc_row_inner][vc_column_inner offset=&#8221;vc_hidden-sm vc_hidden-xs&#8221;][vc_empty_space height=&#8221;332px&#8221;][\/vc_column_inner][\/vc_row_inner][vc_row_inner][vc_column_inner width=&#8221;2\/12&#8243; offset=&#8221;vc_hidden-md vc_hidden-sm vc_hidden-xs&#8221;][\/vc_column_inner][vc_column_inner width=&#8221;10\/12&#8243;][vc_column_text css_animation=&#8221;left-to-right&#8221; el_class=&#8221;description-text&#8221;]<\/p>\n<p style=\"text-align: center;\">Para que pueda tener su evento literalmenta ante los ojos durante la planificaci\u00f3n, desarollamos planos digitales, que le dejar\u00e1 ver sus deseos hechos realidad incluso m\u00e1s antes de que tenga lugar el evento. Cada uno de nuestros eventos<strong> cuenta una historia<\/strong>.<\/p>\n<p>[\/vc_column_text][\/vc_column_inner][\/vc_row_inner][\/vc_column][vc_column width=&#8221;1\/6&#8243;][\/vc_column][\/vc_row][vc_row bg_type=&#8221;image&#8221; parallax_style=&#8221;vcpb-default&#8221; bg_image_new=&#8221;10300|https:\/\/mr-congress.com\/de\/wp-content\/uploads\/sites\/3\/2018\/11\/Events_Erlebnisse_Section_8_1900x430-1.jpg&#8221; bg_image_repeat=&#8221;no-repeat&#8221; bg_override=&#8221;ex-full&#8221; css=&#8221;.vc_custom_1550141314295{margin-top: 50px !important;margin-bottom: 50px !important;}&#8221;][vc_column][vc_empty_space height=&#8221;26px&#8221;][vc_column_text el_class=&#8221;secondary-lovely-headline&#8221;]<a style=\"color: #fff !important;\" href=\"mailto:info@mr-congress.com\">\u00bfSer\u00e1s nuestro pr\u00f3ximo protagonista?<\/a>[\/vc_column_text][vc_empty_space height=&#8221;112px&#8221;][\/vc_column][\/vc_row][\/vc_section]<\/p>\n","protected":false},"excerpt":{"rendered":"<p>[vc_section css=&#8221;.vc_custom_1532947345321{margin-top: 70px !important;}&#8221;][vc_row bg_type=&#8221;image&#8221; parallax_style=&#8221;vcpb-default&#8221; bg_image_new=&#8221;10298|https:\/\/mr-congress.com\/de\/wp-content\/uploads\/sites\/3\/2018\/11\/Events_Erlebnisse_Header.jpg&#8221; bg_image_repeat=&#8221;no-repeat&#8221; bg_image_posiiton=&#8221;top center&#8221; bg_override=&#8221;ex-full&#8221;][vc_column width=&#8221;1\/3&#8243; offset=&#8221;vc_hidden-sm vc_hidden-xs&#8221;][vc_column_text][\/vc_column_text][vc_empty_space height=&#8221;410px&#8221;][\/vc_column][vc_column width=&#8221;1\/3&#8243; offset=&#8221;vc_hidden-lg vc_hidden-xs&#8221;][vc_empty_space height=&#8221;390px&#8221;][\/vc_column][vc_column width=&#8221;1\/3&#8243; offset=&#8221;vc_hidden-lg vc_hidden-md&#8221;][vc_empty_space height=&#8221;310px&#8221;][\/vc_column][\/vc_row][vc_row content_placement=&#8221;middle&#8221; bg_type=&#8221;image&#8221; parallax_style=&#8221;vcpb-default&#8221; bg_image_new=&#8221;9167|https:\/\/mr-congress.com\/de\/wp-content\/uploads\/sites\/3\/2018\/08\/ICON_events_erlebnisse_lights_V2_animated-3.svg&#8221; bg_image_repeat=&#8221;no-repeat&#8221; bg_image_size=&#8221;contain&#8221; bg_override=&#8221;ex-full&#8221;][vc_column css_animation=&#8221;fadeInUp&#8221; css=&#8221;.vc_custom_1534323197358{margin-bottom: 50px !important;background-position: 0 0 !important;background-repeat: no-repeat !important;}&#8221;][vc_column_text css_animation=&#8221;fadeInUp&#8221; css=&#8221;.vc_custom_1542295275946{background-position: center !important;background-repeat: no-repeat !important;background-size: contain !important;}&#8221;]<\/p>\n<p>Eventos &amp;<br \/>\nEXPERIENCIAS<\/p>\n<p>[\/vc_column_text][vc_column_text css_animation=&#8221;none&#8221; el_class=&#8221;description-text&#8221;]<\/p>\n<p style=\"text-align: center;\">\u00bfQu\u00e9 es un evento perfecto? Un recuerdo que le hace sonrerir cada vez que se vuelve a la cabeza.<br \/>\nUna canci\u00f3n que siempre se quiere volver a escuchar.<\/p>\n<p>[\/vc_column_text][\/vc_column][\/vc_row][\/vc_section][vc_row equal_height=&#8221;yes&#8221; css=&#8221;.vc_custom_1533035087215{margin-top: [&#8230;]<\/p>\n","protected":false},"author":5,"featured_media":0,"parent":0,"menu_order":0,"comment_status":"closed","ping_status":"closed","template":"event-page.php","meta":[],"_links":{"self":[{"href":"https:\/\/mr-congress.com\/es\/wp-json\/wp\/v2\/pages\/5441"}],"collection":[{"href":"https:\/\/mr-congress.com\/es\/wp-json\/wp\/v2\/pages"}],"about":[{"href":"https:\/\/mr-congress.com\/es\/wp-json\/wp\/v2\/types\/page"}],"author":[{"embeddable":true,"href":"https:\/\/mr-congress.com\/es\/wp-json\/wp\/v2\/users\/5"}],"replies":[{"embeddable":true,"href":"https:\/\/mr-congress.com\/es\/wp-json\/wp\/v2\/comments?post=5441"}],"version-history":[{"count":11,"href":"https:\/\/mr-congress.com\/es\/wp-json\/wp\/v2\/pages\/5441\/revisions"}],"predecessor-version":[{"id":6521,"href":"https:\/\/mr-congress.com\/es\/wp-json\/wp\/v2\/pages\/5441\/revisions\/6521"}],"wp:attachment":[{"href":"https:\/\/mr-congress.com\/es\/wp-json\/wp\/v2\/media?parent=5441"}],"curies":[{"name":"wp","href":"https:\/\/api.w.org\/{rel}","templated":true}]}}