{"id":5445,"date":"2018-11-15T15:47:18","date_gmt":"2018-11-15T15:47:18","guid":{"rendered":"https:\/\/mr-congress.com\/es\/?page_id=5445"},"modified":"2025-08-06T17:53:42","modified_gmt":"2025-08-06T15:53:42","slug":"incentivos-y-roadshows","status":"publish","type":"page","link":"https:\/\/mr-congress.com\/es\/incentivos-y-roadshows\/","title":{"rendered":"Incentivos y Roadshows"},"content":{"rendered":"<p>[vc_section css=&#8221;.vc_custom_1532947345321{margin-top: 70px !important;}&#8221;][vc_row bg_type=&#8221;image&#8221; parallax_style=&#8221;vcpb-default&#8221; bg_image_new=&#8221;10245|https:\/\/mr-congress.com\/de\/wp-content\/uploads\/sites\/3\/2018\/11\/Incentives_Roadshows_Header-1.jpg&#8221; bg_image_repeat=&#8221;no-repeat&#8221; bg_image_posiiton=&#8221;top center&#8221; bg_override=&#8221;ex-full&#8221;][vc_column width=&#8221;1\/3&#8243; offset=&#8221;vc_hidden-sm vc_hidden-xs&#8221;][vc_column_text]<img decoding=\"async\" style=\"margin-top: -800px; z-index: 9999;\" src=\"https:\/\/mr-congress.com\/de\/wp-content\/uploads\/sites\/3\/2018\/06\/airplane.svg\" alt=\"airplane\" \/>[\/vc_column_text][vc_empty_space height=&#8221;410px&#8221;][\/vc_column][vc_column width=&#8221;1\/3&#8243; offset=&#8221;vc_hidden-lg vc_hidden-xs&#8221;][vc_empty_space height=&#8221;390px&#8221;][\/vc_column][vc_column width=&#8221;1\/3&#8243; offset=&#8221;vc_hidden-lg vc_hidden-md&#8221;][vc_empty_space height=&#8221;310px&#8221;][\/vc_column][\/vc_row][vc_row content_placement=&#8221;middle&#8221; bg_type=&#8221;image&#8221; parallax_style=&#8221;vcpb-default&#8221; bg_image_new=&#8221;9167|https:\/\/mr-congress.com\/de\/wp-content\/uploads\/sites\/3\/2018\/08\/ICON_events_erlebnisse_lights_V2_animated-3.svg&#8221; bg_image_repeat=&#8221;no-repeat&#8221; bg_image_size=&#8221;contain&#8221; bg_override=&#8221;ex-full&#8221;][vc_column css_animation=&#8221;fadeInUp&#8221; css=&#8221;.vc_custom_1535026171733{margin-top: 10px !important;margin-bottom: 50px !important;background-position: 0 0 !important;background-repeat: no-repeat !important;}&#8221;][vc_column_text css_animation=&#8221;fadeInUp&#8221; css=&#8221;.vc_custom_1544174385871{background-position: center !important;background-repeat: no-repeat !important;background-size: contain !important;}&#8221;]<\/p>\n<h1 class=\"lovely-heading\"><span class=\"ir-bg-img brush-bg-img\">Incentivos<\/span> <span style=\"font-size: 120px !important;\">&amp;<\/span><\/h1>\n<h1 class=\"sub-heading\">ROADSHOWS<\/h1>\n<p>[\/vc_column_text][vc_column_text css_animation=&#8221;none&#8221; el_class=&#8221;description-text&#8221;]Los incentivos le aportan a menudo al t\u00e9rmino motivaci\u00f3n un nuevo significado.<br \/>\n\u00a1Nosotros nos encargamos de que la motivaci\u00f3n se convierta en una palabra valiosa dentro de su incentivo![\/vc_column_text][\/vc_column][\/vc_row][\/vc_section][vc_row][vc_column][vc_single_image image=&#8221;5678&#8243; img_size=&#8221;full&#8221; alignment=&#8221;center&#8221; css_animation=&#8221;fadeInUp&#8221;][\/vc_column][\/vc_row][vc_row css_animation=&#8221;fadeIn&#8221; css=&#8221;.vc_custom_1534339184118{margin-top: 50px !important;}&#8221;][vc_column][vc_row_inner][vc_column_inner offset=&#8221;vc_hidden-sm vc_hidden-xs&#8221;][vc_empty_space height=&#8221;92px&#8221;][\/vc_column_inner][\/vc_row_inner][vc_column_text el_class=&#8221;.description-text&#8221;]<\/p>\n<p style=\"text-align: center;\">No s\u00f3lo elaboramos un Concepto de viaje hecho a su medida &#8211;<br \/>\nsino que lo llevamos a cabo con usted. <span style=\"background: #ffec91;\">Lo m\u00e1s importante es que \u201c\u00a1Somos un equipo!\u201d<\/span> A trav\u00e9s del Teambuilding se entrenan<br \/>\ny fortalecen importantes cualidades como el esp\u00edritu de equipo, la comunicaci\u00f3n y la motivaci\u00f3n, trayendo de la<br \/>\nmano el consiguiente efecto positivo tanto en el Ambiente Laboral como en la Productividad.<br \/>\n\u00a1La diversi\u00f3n est\u00e1 asegurada! Aunque es s\u00f3lo un paso, paso a paso se hace el camino.<\/p>\n<p>[\/vc_column_text][vc_row_inner][vc_column_inner offset=&#8221;vc_hidden-sm vc_hidden-xs&#8221;][vc_empty_space height=&#8221;132px&#8221;][\/vc_column_inner][\/vc_row_inner][\/vc_column][\/vc_row][vc_section][vc_row bg_type=&#8221;image&#8221; parallax_style=&#8221;vcpb-default&#8221; bg_image_new=&#8221;10257|https:\/\/mr-congress.com\/de\/wp-content\/uploads\/sites\/3\/2018\/11\/Incentives_Roadshows_Section_3_1900x430.jpg&#8221; bg_image_repeat=&#8221;no-repeat&#8221; bg_override=&#8221;ex-full&#8221;][vc_column][vc_column_text css_animation=&#8221;fadeInUp&#8221; css=&#8221;.vc_custom_1548768281363{background-position: center !important;background-repeat: no-repeat !important;background-size: contain !important;}&#8221; el_class=&#8221;secondary-lovely-headline&#8221;]\u00a1El Teamuilding siempre funciona,[\/vc_column_text][vc_column_text css_animation=&#8221;fadeInUp&#8221; css=&#8221;.vc_custom_1552659025883{padding-top: 20px !important;background-position: center !important;background-repeat: no-repeat !important;background-size: contain !important;}&#8221; el_class=&#8221;editorial-headline&#8221;]incluso en Roadshows![\/vc_column_text][\/vc_column][\/vc_row][vc_row css_animation=&#8221;fadeIn&#8221; css=&#8221;.vc_custom_1541415933637{margin-top: 50px !important;}&#8221;][vc_column][vc_row_inner][vc_column_inner offset=&#8221;vc_hidden-sm vc_hidden-xs&#8221;][vc_empty_space height=&#8221;42px&#8221;][\/vc_column_inner][\/vc_row_inner][vc_column_text el_class=&#8221;description-text-italic&#8221;]<\/p>\n<p style=\"line-height: 1.8;\">Con una presentaci\u00f3n de producto o Roadshow original y marcado seg\u00fan objetivos, llegar\u00e1 directamente a su p\u00fablico con un presupuesto eficiente.<br \/>\nPartiendo de su estrategia de Marketing escenificamos <span style=\"background: #e0ccffe3;\">el universo de su marca<\/span> y ponemos en pr\u00e1ctica prometedoras presentaciones de producto m\u00f3viles o en un lugar fijo.<br \/>\nNuestros servicios recogen un plan detallado, organizaci\u00f3n y traslados y asistencia en el lugar de la presentaci\u00f3n.<\/p>\n<p>[\/vc_column_text][vc_row_inner][vc_column_inner offset=&#8221;vc_hidden-sm vc_hidden-xs&#8221;][vc_empty_space height=&#8221;72px&#8221;][\/vc_column_inner][\/vc_row_inner][\/vc_column][\/vc_row][\/vc_section][vc_section][vc_row content_placement=&#8221;middle&#8221; css_animation=&#8221;fadeIn&#8221; css=&#8221;.vc_custom_1745488537453{margin-top: 50px !important;}&#8221;][vc_column width=&#8221;1\/6&#8243;][\/vc_column][vc_column width=&#8221;2\/6&#8243;][vc_single_image image=&#8221;5498&#8243; img_size=&#8221;full&#8221; alignment=&#8221;right&#8221; css_animation=&#8221;fadeIn&#8221;][\/vc_column][vc_column width=&#8221;2\/6&#8243;][vc_column_text css_animation=&#8221;fadeIn&#8221; el_class=&#8221;description-text&#8221;]<\/p>\n<p style=\"text-align: center; display: inline; padding: 5px; background: #c1e0db; font-family: 'DidotLTPro-Roman' !important;\">Queremos que su marca se introduzca<br \/>\nde la mejor manera posible<br \/>\nen la mente de sus visitantes&#8230;<\/p>\n<p>[\/vc_column_text][\/vc_column][vc_column width=&#8221;1\/6&#8243;][\/vc_column][\/vc_row][vc_row equal_height=&#8221;yes&#8221; css_animation=&#8221;fadeInUp&#8221; css=&#8221;.vc_custom_1541416848489{margin-top: 80px !important;margin-bottom: 80px !important;}&#8221;][vc_column css_animation=&#8221;none&#8221;][vc_row_inner][vc_column_inner width=&#8221;1\/6&#8243; offset=&#8221;vc_hidden-sm vc_hidden-xs&#8221;][\/vc_column_inner][vc_column_inner width=&#8221;2\/3&#8243;][vc_column_text el_class=&#8221;description-text&#8221;]<\/p>\n<p style=\"text-align: center;\">Una marca es un organismo vivo, en continuo cambio. Para que pueda presentarla de forma atractiva, debe entenderse y empatizar consigo mismo. La aut\u00e9ntica escenificaci\u00f3n de una marca es la base de una exitosa presentaci\u00f3n de empresa. <span style=\"background-color: #ffeb90;\">Siempre encontramos nuevas ideas\u00a0<\/span>y descubrimos nuevas posibilidades para dar forma a Presentaciones, Roadshows y Stands en ferias.<\/p>\n<p>[\/vc_column_text][\/vc_column_inner][vc_column_inner width=&#8221;1\/6&#8243;][\/vc_column_inner][\/vc_row_inner][\/vc_column][\/vc_row][vc_row content_placement=&#8221;middle&#8221; css_animation=&#8221;fadeIn&#8221; css=&#8221;.vc_custom_1745488542508{margin-top: 50px !important;}&#8221;][vc_column width=&#8221;1\/6&#8243;][\/vc_column][vc_column width=&#8221;2\/6&#8243;][vc_column_text el_class=&#8221;description-text&#8221; css=&#8221;.vc_custom_1754057310705{margin-top: 80px !important;}&#8221;]<\/p>\n<p style=\"display: inline-block; margin-left: 80px; padding: 5px; background: #c1e0db; font-family: 'DidotLTPro-Roman' !important;\">&#8230;y representar a su equipo<br \/>\ncon total \u00e9xito y pasi\u00f3n<\/p>\n<p>[\/vc_column_text][\/vc_column][vc_column width=&#8221;2\/6&#8243;][vc_single_image image=&#8221;5499&#8243; img_size=&#8221;full&#8221; alignment=&#8221;center&#8221; onclick=&#8221;custom_link&#8221; css_animation=&#8221;fadeIn&#8221; link=&#8221;https:\/\/mr-congress.com\/es\/incentivos-y-roadshows\/&#8221;][\/vc_column][vc_column width=&#8221;1\/6&#8243;][\/vc_column][\/vc_row][\/vc_section]<\/p>\n","protected":false},"excerpt":{"rendered":"<p>[vc_section css=&#8221;.vc_custom_1532947345321{margin-top: 70px !important;}&#8221;][vc_row bg_type=&#8221;image&#8221; parallax_style=&#8221;vcpb-default&#8221; bg_image_new=&#8221;10245|https:\/\/mr-congress.com\/de\/wp-content\/uploads\/sites\/3\/2018\/11\/Incentives_Roadshows_Header-1.jpg&#8221; bg_image_repeat=&#8221;no-repeat&#8221; bg_image_posiiton=&#8221;top center&#8221; bg_override=&#8221;ex-full&#8221;][vc_column width=&#8221;1\/3&#8243; offset=&#8221;vc_hidden-sm vc_hidden-xs&#8221;][vc_column_text][\/vc_column_text][vc_empty_space height=&#8221;410px&#8221;][\/vc_column][vc_column width=&#8221;1\/3&#8243; offset=&#8221;vc_hidden-lg vc_hidden-xs&#8221;][vc_empty_space height=&#8221;390px&#8221;][\/vc_column][vc_column width=&#8221;1\/3&#8243; offset=&#8221;vc_hidden-lg vc_hidden-md&#8221;][vc_empty_space height=&#8221;310px&#8221;][\/vc_column][\/vc_row][vc_row content_placement=&#8221;middle&#8221; bg_type=&#8221;image&#8221; parallax_style=&#8221;vcpb-default&#8221; bg_image_new=&#8221;9167|https:\/\/mr-congress.com\/de\/wp-content\/uploads\/sites\/3\/2018\/08\/ICON_events_erlebnisse_lights_V2_animated-3.svg&#8221; bg_image_repeat=&#8221;no-repeat&#8221; bg_image_size=&#8221;contain&#8221; bg_override=&#8221;ex-full&#8221;][vc_column css_animation=&#8221;fadeInUp&#8221; css=&#8221;.vc_custom_1535026171733{margin-top: 10px !important;margin-bottom: 50px !important;background-position: 0 0 !important;background-repeat: no-repeat !important;}&#8221;][vc_column_text css_animation=&#8221;fadeInUp&#8221; css=&#8221;.vc_custom_1544174385871{background-position: center !important;background-repeat: no-repeat !important;background-size: contain !important;}&#8221;]<\/p>\n<p>Incentivos &amp;<br \/>\nROADSHOWS<\/p>\n<p>[\/vc_column_text][vc_column_text css_animation=&#8221;none&#8221; el_class=&#8221;description-text&#8221;]Los incentivos le aportan a menudo al t\u00e9rmino motivaci\u00f3n un nuevo significado.<br \/>\n\u00a1Nosotros nos encargamos de que la motivaci\u00f3n se convierta en una palabra valiosa dentro de su incentivo![\/vc_column_text][\/vc_column][\/vc_row][\/vc_section][vc_row][vc_column][vc_single_image image=&#8221;5678&#8243; [&#8230;]<\/p>\n","protected":false},"author":5,"featured_media":0,"parent":0,"menu_order":0,"comment_status":"closed","ping_status":"closed","template":"event-page.php","meta":[],"_links":{"self":[{"href":"https:\/\/mr-congress.com\/es\/wp-json\/wp\/v2\/pages\/5445"}],"collection":[{"href":"https:\/\/mr-congress.com\/es\/wp-json\/wp\/v2\/pages"}],"about":[{"href":"https:\/\/mr-congress.com\/es\/wp-json\/wp\/v2\/types\/page"}],"author":[{"embeddable":true,"href":"https:\/\/mr-congress.com\/es\/wp-json\/wp\/v2\/users\/5"}],"replies":[{"embeddable":true,"href":"https:\/\/mr-congress.com\/es\/wp-json\/wp\/v2\/comments?post=5445"}],"version-history":[{"count":6,"href":"https:\/\/mr-congress.com\/es\/wp-json\/wp\/v2\/pages\/5445\/revisions"}],"predecessor-version":[{"id":6496,"href":"https:\/\/mr-congress.com\/es\/wp-json\/wp\/v2\/pages\/5445\/revisions\/6496"}],"wp:attachment":[{"href":"https:\/\/mr-congress.com\/es\/wp-json\/wp\/v2\/media?parent=5445"}],"curies":[{"name":"wp","href":"https:\/\/api.w.org\/{rel}","templated":true}]}}