{"id":5479,"date":"2018-11-28T14:22:53","date_gmt":"2018-11-28T14:22:53","guid":{"rendered":"https:\/\/mr-congress.com\/es\/?page_id=5479"},"modified":"2025-07-23T17:08:17","modified_gmt":"2025-07-23T15:08:17","slug":"meetings-y-conferencias","status":"publish","type":"page","link":"https:\/\/mr-congress.com\/es\/meetings-y-conferencias\/","title":{"rendered":"Meetings y conferencias"},"content":{"rendered":"<p>[vc_section css=&#8221;.vc_custom_1532947345321{margin-top: 70px !important;}&#8221;][vc_row bg_type=&#8221;image&#8221; parallax_style=&#8221;vcpb-default&#8221; bg_image_new=&#8221;10292|https:\/\/mr-congress.com\/de\/wp-content\/uploads\/sites\/3\/2018\/11\/Meetings_Tagungen_Header-1.jpg&#8221; bg_image_repeat=&#8221;no-repeat&#8221; bg_image_posiiton=&#8221;top center&#8221; bg_override=&#8221;ex-full&#8221;][vc_column width=&#8221;1\/3&#8243; offset=&#8221;vc_hidden-sm vc_hidden-xs&#8221;][vc_column_text]<img decoding=\"async\" style=\"margin-top: -800px; z-index: 9999;\" src=\"https:\/\/mr-congress.com\/de\/wp-content\/uploads\/sites\/3\/2018\/06\/airplane.svg\" alt=\"airplane\" \/>[\/vc_column_text][vc_empty_space height=&#8221;410px&#8221;][\/vc_column][vc_column width=&#8221;1\/3&#8243; offset=&#8221;vc_hidden-lg vc_hidden-xs&#8221;][vc_empty_space height=&#8221;390px&#8221;][\/vc_column][vc_column width=&#8221;1\/3&#8243; offset=&#8221;vc_hidden-lg vc_hidden-md&#8221;][vc_empty_space height=&#8221;310px&#8221;][\/vc_column][\/vc_row][vc_row content_placement=&#8221;middle&#8221; bg_type=&#8221;image&#8221; parallax_style=&#8221;vcpb-default&#8221; bg_image_new=&#8221;9167|https:\/\/mr-congress.com\/de\/wp-content\/uploads\/sites\/3\/2018\/08\/ICON_events_erlebnisse_lights_V2_animated-3.svg&#8221; bg_image_repeat=&#8221;no-repeat&#8221; bg_image_size=&#8221;contain&#8221; bg_override=&#8221;ex-full&#8221;][vc_column css_animation=&#8221;fadeInUp&#8221; css=&#8221;.vc_custom_1535026171733{margin-top: 10px !important;margin-bottom: 50px !important;background-position: 0 0 !important;background-repeat: no-repeat !important;}&#8221;][vc_column_text css_animation=&#8221;fadeInUp&#8221; css=&#8221;.vc_custom_1544171203994{background-position: center !important;background-repeat: no-repeat !important;background-size: contain !important;}&#8221;]<\/p>\n<h1 class=\"lovely-heading\"><span class=\"mt-bg-img brush-bg-img\">Meetings <\/span><span style=\"font-size: 120px !important;\">y<\/span><\/h1>\n<h1 class=\"sub-heading\">CONFERENCIAS<\/h1>\n<p>[\/vc_column_text][vc_column_text css_animation=&#8221;none&#8221; el_class=&#8221;description-text&#8221;]Meetings sobre Meetings con respecto a Meetings<br \/>\nque han tenido lugar y a\u00fan estar por llegar. [\/vc_column_text][\/vc_column][\/vc_row][\/vc_section][vc_section][vc_row][vc_column][vc_single_image image=&#8221;5675&#8243; img_size=&#8221;full&#8221; alignment=&#8221;center&#8221; css_animation=&#8221;fadeInUp&#8221;][\/vc_column][\/vc_row][vc_row css_animation=&#8221;fadeIn&#8221; css=&#8221;.vc_custom_1534339184118{margin-top: 50px !important;}&#8221;][vc_column][vc_row_inner][vc_column_inner offset=&#8221;vc_hidden-sm vc_hidden-xs&#8221;][vc_empty_space height=&#8221;92px&#8221;][\/vc_column_inner][\/vc_row_inner][vc_column_text el_class=&#8221;.description-text&#8221;]Y para evitar exactamente eso y que pueda aprovechar de manera m\u00e1s eficiente su tiempo,<br \/>\n<strong>cosemos junto a usted con los hilos conductores de su Meeting<\/strong><br \/>\nno s\u00f3lo para hacerlo m\u00e1s eficiente sino tambi\u00e9n para proporcionar la mayor satisfacci\u00f3n y valor a sus invitados.[\/vc_column_text][vc_row_inner][vc_column_inner offset=&#8221;vc_hidden-sm vc_hidden-xs&#8221;][vc_empty_space height=&#8221;132px&#8221;][\/vc_column_inner][\/vc_row_inner][\/vc_column][\/vc_row][\/vc_section][vc_section][vc_row bg_type=&#8221;image&#8221; parallax_style=&#8221;vcpb-default&#8221; bg_image_new=&#8221;10288|https:\/\/mr-congress.com\/de\/wp-content\/uploads\/sites\/3\/2018\/11\/Meetings_Tagungen_Section_3_1900x430-1.jpg&#8221; bg_image_repeat=&#8221;no-repeat&#8221;][vc_column][vc_column_text css_animation=&#8221;fadeInUp&#8221; css=&#8221;.vc_custom_1555501323596{background-position: center !important;background-repeat: no-repeat !important;background-size: contain !important;}&#8221; el_class=&#8221;secondary-lovely-headline&#8221;]Cuanto m\u00e1s complejo sea el contenido [\/vc_column_text][vc_column_text css_animation=&#8221;fadeInUp&#8221; css=&#8221;.vc_custom_1555501343403{background-position: center !important;background-repeat: no-repeat !important;background-size: contain !important;}&#8221; el_class=&#8221;editorial-headline&#8221;]m\u00e1s f\u00e1cil lo hacemos[\/vc_column_text][\/vc_column][\/vc_row][vc_row css_animation=&#8221;fadeIn&#8221; css=&#8221;.vc_custom_1534339184118{margin-top: 50px !important;}&#8221;][vc_column][vc_row_inner][vc_column_inner offset=&#8221;vc_hidden-sm vc_hidden-xs&#8221;][vc_empty_space height=&#8221;42px&#8221;][\/vc_column_inner][\/vc_row_inner][vc_column_text el_class=&#8221;description-text-italic&#8221;]\u00bfUna buena localizaci\u00f3n encontrada? \u00bfLos talleres para conferencias plenarias<br \/>\ndeben tener lugar en salas Break-Out?, \u00bfo dividirse por toda la ciudad?<br \/>\nAclaramos con usted las preguntas clave de su Meeting y de ellas construimos<br \/>\nun plan general, en el que el contenido y temas puedan incluirse de forma m\u00e1s \u00f3ptima,<br \/>\n<span style=\"background: #e0ccffe3;\">como un atractivo Collage.<\/span>[\/vc_column_text][vc_row_inner][vc_column_inner offset=&#8221;vc_hidden-sm vc_hidden-xs&#8221;][vc_empty_space height=&#8221;72px&#8221;][\/vc_column_inner][\/vc_row_inner][\/vc_column][\/vc_row][\/vc_section][vc_section css=&#8221;.vc_custom_1534240775832{margin-top: 40px !important;margin-bottom: 40px !important;}&#8221;][vc_row][vc_column width=&#8221;1\/6&#8243;][\/vc_column][vc_column width=&#8221;2\/6&#8243;][vc_empty_space height=&#8221;10 px&#8221;][vc_column_text css_animation=&#8221;left-to-right&#8221; el_class=&#8221;description-text mc-sec04-text&#8221;]Para darle a este \u00e1mbito un toque cl\u00e1sico y elegante, o dejarlo brillar colorido, encontramos los puntos m\u00e1s importantes sin olvidar la importancia de los detalles, ayud\u00e1ndole a definir <strong>todas las posibilidades,<\/strong> novedosas ideas dif\u00edciles de imaginar, los conferenciantes de moda, carreras de carritos por la sala de conferencias o las flores m\u00e1s adecuadas para su Meeting.[\/vc_column_text][\/vc_column][vc_column width=&#8221;2\/6&#8243;][vc_column_text css_animation=&#8221;right-to-left&#8221;]<img decoding=\"async\" loading=\"lazy\" class=\"aligncenter size-full wp-image-8233\" src=\"https:\/\/mr-congress.com\/de\/wp-content\/uploads\/sites\/3\/2018\/11\/Meetings_Collage_800x680.jpg\" alt=\"\" width=\"700\" height=\"595\" \/>[\/vc_column_text][\/vc_column][vc_column width=&#8221;1\/6&#8243;][\/vc_column][\/vc_row][vc_row equal_height=&#8221;yes&#8221; css_animation=&#8221;fadeInUp&#8221; css=&#8221;.vc_custom_1535031373080{margin-top: 80px !important;margin-bottom: 80px !important;}&#8221;][vc_column width=&#8221;1\/6&#8243;][\/vc_column][vc_column css_animation=&#8221;none&#8221; width=&#8221;2\/3&#8243;][vc_row_inner][vc_column_inner width=&#8221;11\/12&#8243;][vc_column_text el_class=&#8221;description-text&#8221;]<\/p>\n<p style=\"text-align: center;\"><strong>Ponemos mil ojos<\/strong> a su meeting para no perder ni el m\u00e1s m\u00ednimo detalle. Nuestro objetivo no es s\u00f3lo encontrar los matices para generar el efecto perfecto, sino que tambi\u00e9n nos ocupamos de que sus invitados se incluyan con la mayor receptividad y proactividad: cortas pausas para Caf\u00e9, Teambuilding durante el Meeting, o un Dine-Around para estirar las piernas. Todo deseo puede hacerse realidad&#8230;<\/p>\n<p>[\/vc_column_text][\/vc_column_inner][vc_column_inner width=&#8221;1\/12&#8243; offset=&#8221;vc_hidden-sm vc_hidden-xs&#8221;][\/vc_column_inner][\/vc_row_inner][\/vc_column][vc_column width=&#8221;1\/6&#8243;][\/vc_column][\/vc_row][\/vc_section][vc_section][vc_row bg_type=&#8221;image&#8221; parallax_style=&#8221;vcpb-default&#8221; bg_image_new=&#8221;10207|https:\/\/mr-congress.com\/de\/wp-content\/uploads\/sites\/3\/2018\/11\/Meetings_Tagungen_Section_6_1900x430.jpg&#8221; bg_image_repeat=&#8221;no-repeat&#8221;][vc_column][vc_row_inner][vc_column_inner offset=&#8221;vc_hidden-sm vc_hidden-xs&#8221;][vc_empty_space height=&#8221;26px&#8221;][\/vc_column_inner][\/vc_row_inner][vc_column_text css_animation=&#8221;fadeInUp&#8221; css=&#8221;.vc_custom_1547627899162{background-position: center !important;background-repeat: no-repeat !important;background-size: contain !important;}&#8221; el_class=&#8221;secondary-lovely-headline&#8221;]<span style=\"color: #fff;\">\u201e Todo deseo puede hacerse Realidad.\u201c<\/span>[\/vc_column_text][vc_row_inner][vc_column_inner offset=&#8221;vc_hidden-sm vc_hidden-xs&#8221;][vc_empty_space height=&#8221;112px&#8221;][\/vc_column_inner][\/vc_row_inner][\/vc_column][\/vc_row][vc_row css_animation=&#8221;fadeIn&#8221; css=&#8221;.vc_custom_1534339184118{margin-top: 50px !important;}&#8221;][vc_column][vc_row_inner][vc_column_inner offset=&#8221;vc_hidden-xs&#8221;][vc_empty_space height=&#8221;72px&#8221;][\/vc_column_inner][\/vc_row_inner][vc_column_text el_class=&#8221;description-text-italic&#8221;]<\/p>\n<p style=\"font-family: DidotLTPro-BoldItalic !important; margin: 0;\">&#8230;y as\u00ed convertir su reuni\u00f3n en una experiencia inolvidable para sus participantes.<\/p>\n<p style=\"font-family: DidotLTPro-BoldItalic !important; margin: 0;\">Ubicaci\u00f3n, catering, traslados, momentos destacados, comodidad, fiabilidad y vitalidad:<\/p>\n<p style=\"font-family: DidotLTPro-BoldItalic !important; margin: 0;\">Todo de una sola mano \u2013 como un regalo en una caja \u2013 y un lazo alrededor!<\/p>\n<p style=\"font-family: DidotLTPro-BoldItalic !important; margin: 0;\">Su regalo para los participantes, envuelto<br \/>\n<span style=\"background: #ffeb90e3;\">con amor, esmero y pasi\u00f3n por nosotros.<\/span><\/p>\n<p>[\/vc_column_text][vc_row_inner][vc_column_inner offset=&#8221;vc_hidden-xs&#8221;][vc_empty_space height=&#8221;132px&#8221;][\/vc_column_inner][\/vc_row_inner][\/vc_column][\/vc_row][\/vc_section]<\/p>\n","protected":false},"excerpt":{"rendered":"<p>[vc_section css=&#8221;.vc_custom_1532947345321{margin-top: 70px !important;}&#8221;][vc_row bg_type=&#8221;image&#8221; parallax_style=&#8221;vcpb-default&#8221; bg_image_new=&#8221;10292|https:\/\/mr-congress.com\/de\/wp-content\/uploads\/sites\/3\/2018\/11\/Meetings_Tagungen_Header-1.jpg&#8221; bg_image_repeat=&#8221;no-repeat&#8221; bg_image_posiiton=&#8221;top center&#8221; bg_override=&#8221;ex-full&#8221;][vc_column width=&#8221;1\/3&#8243; offset=&#8221;vc_hidden-sm vc_hidden-xs&#8221;][vc_column_text][\/vc_column_text][vc_empty_space height=&#8221;410px&#8221;][\/vc_column][vc_column width=&#8221;1\/3&#8243; offset=&#8221;vc_hidden-lg vc_hidden-xs&#8221;][vc_empty_space height=&#8221;390px&#8221;][\/vc_column][vc_column width=&#8221;1\/3&#8243; offset=&#8221;vc_hidden-lg vc_hidden-md&#8221;][vc_empty_space height=&#8221;310px&#8221;][\/vc_column][\/vc_row][vc_row content_placement=&#8221;middle&#8221; bg_type=&#8221;image&#8221; parallax_style=&#8221;vcpb-default&#8221; bg_image_new=&#8221;9167|https:\/\/mr-congress.com\/de\/wp-content\/uploads\/sites\/3\/2018\/08\/ICON_events_erlebnisse_lights_V2_animated-3.svg&#8221; bg_image_repeat=&#8221;no-repeat&#8221; bg_image_size=&#8221;contain&#8221; bg_override=&#8221;ex-full&#8221;][vc_column css_animation=&#8221;fadeInUp&#8221; css=&#8221;.vc_custom_1535026171733{margin-top: 10px !important;margin-bottom: 50px !important;background-position: 0 0 !important;background-repeat: no-repeat !important;}&#8221;][vc_column_text css_animation=&#8221;fadeInUp&#8221; css=&#8221;.vc_custom_1544171203994{background-position: center !important;background-repeat: no-repeat !important;background-size: contain !important;}&#8221;]<\/p>\n<p>Meetings y<br \/>\nCONFERENCIAS<\/p>\n<p>[\/vc_column_text][vc_column_text css_animation=&#8221;none&#8221; el_class=&#8221;description-text&#8221;]Meetings sobre Meetings con respecto a Meetings<br \/>\nque han tenido lugar y a\u00fan estar por llegar. [\/vc_column_text][\/vc_column][\/vc_row][\/vc_section][vc_section][vc_row][vc_column][vc_single_image image=&#8221;5675&#8243; img_size=&#8221;full&#8221; alignment=&#8221;center&#8221; css_animation=&#8221;fadeInUp&#8221;][\/vc_column][\/vc_row][vc_row css_animation=&#8221;fadeIn&#8221; css=&#8221;.vc_custom_1534339184118{margin-top: 50px !important;}&#8221;][vc_column][vc_row_inner][vc_column_inner offset=&#8221;vc_hidden-sm vc_hidden-xs&#8221;][vc_empty_space height=&#8221;92px&#8221;][\/vc_column_inner][\/vc_row_inner][vc_column_text el_class=&#8221;.description-text&#8221;]Y para [&#8230;]<\/p>\n","protected":false},"author":5,"featured_media":0,"parent":0,"menu_order":0,"comment_status":"closed","ping_status":"closed","template":"event-page.php","meta":[],"_links":{"self":[{"href":"https:\/\/mr-congress.com\/es\/wp-json\/wp\/v2\/pages\/5479"}],"collection":[{"href":"https:\/\/mr-congress.com\/es\/wp-json\/wp\/v2\/pages"}],"about":[{"href":"https:\/\/mr-congress.com\/es\/wp-json\/wp\/v2\/types\/page"}],"author":[{"embeddable":true,"href":"https:\/\/mr-congress.com\/es\/wp-json\/wp\/v2\/users\/5"}],"replies":[{"embeddable":true,"href":"https:\/\/mr-congress.com\/es\/wp-json\/wp\/v2\/comments?post=5479"}],"version-history":[{"count":4,"href":"https:\/\/mr-congress.com\/es\/wp-json\/wp\/v2\/pages\/5479\/revisions"}],"predecessor-version":[{"id":6519,"href":"https:\/\/mr-congress.com\/es\/wp-json\/wp\/v2\/pages\/5479\/revisions\/6519"}],"wp:attachment":[{"href":"https:\/\/mr-congress.com\/es\/wp-json\/wp\/v2\/media?parent=5479"}],"curies":[{"name":"wp","href":"https:\/\/api.w.org\/{rel}","templated":true}]}}