{"id":6257,"date":"2020-03-11T12:57:54","date_gmt":"2020-03-11T11:57:54","guid":{"rendered":"https:\/\/mr-congress.com\/es\/?page_id=6257"},"modified":"2026-02-05T11:17:15","modified_gmt":"2026-02-05T10:17:15","slug":"vision-y-mision","status":"publish","type":"page","link":"https:\/\/mr-congress.com\/es\/vision-y-mision\/","title":{"rendered":"Visi\u00f3n y Misi\u00f3n"},"content":{"rendered":"<p>[vc_section css=&#8221;.vc_custom_1532947345321{margin-top: 70px !important;}&#8221;][vc_row bg_type=&#8221;image&#8221; parallax_style=&#8221;vcpb-default&#8221; bg_image_new=&#8221;7443|https:\/\/mr-congress.com\/en\/wp-content\/uploads\/sites\/2\/2020\/03\/four-leaf-clover-web.jpg&#8221; bg_image_repeat=&#8221;no-repeat&#8221; bg_image_posiiton=&#8221;top center&#8221; bg_override=&#8221;ex-full&#8221;][vc_column width=&#8221;1\/3&#8243; offset=&#8221;vc_hidden-sm vc_hidden-xs&#8221;][vc_column_text]<img decoding=\"async\" style=\"margin-top: -800px; z-index: 9999;\" src=\"https:\/\/mr-congress.com\/de\/wp-content\/uploads\/sites\/3\/2018\/06\/airplane.svg\" alt=\"airplane\" \/>[\/vc_column_text][vc_empty_space height=&#8221;410px&#8221;][\/vc_column][vc_column width=&#8221;1\/3&#8243; offset=&#8221;vc_hidden-lg vc_hidden-xs&#8221;][vc_empty_space height=&#8221;390px&#8221;][\/vc_column][vc_column width=&#8221;1\/3&#8243; offset=&#8221;vc_hidden-lg vc_hidden-md&#8221;][vc_empty_space height=&#8221;240px&#8221;][\/vc_column][\/vc_row][vc_row content_placement=&#8221;middle&#8221; bg_type=&#8221;image&#8221; parallax_style=&#8221;vcpb-default&#8221; bg_image_new=&#8221;9167|https:\/\/mr-congress.com\/de\/wp-content\/uploads\/sites\/3\/2018\/08\/ICON_events_erlebnisse_lights_V2_animated-3.svg&#8221; bg_image_repeat=&#8221;no-repeat&#8221; bg_image_size=&#8221;contain&#8221; bg_override=&#8221;ex-full&#8221;][vc_column css_animation=&#8221;fadeInUp&#8221; css=&#8221;.vc_custom_1535026171733{margin-top: 10px !important;margin-bottom: 50px !important;background-position: 0 0 !important;background-repeat: no-repeat !important;}&#8221;][vc_column_text css_animation=&#8221;fadeInUp&#8221; css=&#8221;.vc_custom_1765364162130{background-position: center !important;background-repeat: no-repeat !important;background-size: contain !important;}&#8221; el_class=&#8221;single-heading&#8221;]<\/p>\n<h1 class=\"lovely-heading\"><span class=\"brush-bg-img bm-bg-img\">Visi\u00f3n<\/span> &amp;<\/h1>\n<h1 class=\"sub-heading\">MISI\u00d3N<\/h1>\n<p>[\/vc_column_text][vc_column_text css_animation=&#8221;none&#8221; el_class=&#8221;description-text&#8221;]Experiencias sostenibles &#8211; Recuerdos que duran[\/vc_column_text][\/vc_column][\/vc_row][\/vc_section][vc_row equal_height=&#8221;yes&#8221; css=&#8221;.vc_custom_1583843725651{margin-top: 4vmax !important;margin-bottom: 4vmax !important;}&#8221;][vc_column width=&#8221;1\/6&#8243; offset=&#8221;vc_hidden-sm vc_hidden-xs&#8221;][\/vc_column][vc_column width=&#8221;2\/3&#8243;][vc_row_inner][vc_column_inner][vc_column_text css_animation=&#8221;top-to-bottom&#8221; el_class=&#8221;description-text&#8221;]<\/p>\n<h2 style=\"text-align: center; color: #4c4b4b; font-family: 'DidotLTPro-Roman' !important; font-size: 2.98em;\">Visi\u00f3n<\/h2>\n<div style=\"margin-bottom: 20px;\"><\/div>\n<p style=\"text-align: justify;\">Nuestra visi\u00f3n es ser l\u00edderes en la industria MICE gracias a nuestros clientes satisfechos. Creemos en el <span style=\"background: #aaf4b3;\">momento perfecto y creamos recuerdos con detalles grandes y peque\u00f1os<\/span> que perduran. Por lo tanto, ning\u00fan desaf\u00edo es demasiado grande y ninguna reuni\u00f3n es demasiado peque\u00f1a. Puesto que apostamos por experiencias sostenibles, no solo en forma de recuerdos duraderos. Cada evento tiene el potencial de contribuir a la sostenibilidad, ya sea en el \u00e1mbito social, econ\u00f3mico o ecol\u00f3gico.<\/p>\n<p>[\/vc_column_text][vc_empty_space height=&#8221;75px&#8221;][vc_column_text css_animation=&#8221;top-to-bottom&#8221; el_class=&#8221;description-text&#8221;]<\/p>\n<h2 style=\"text-align: center; color: #4c4b4b; font-family: 'DidotLTPro-Roman' !important; font-size: 2.98em;\">Misi\u00f3n<\/h2>\n<div style=\"margin-bottom: 20px;\"><\/div>\n<p style=\"text-align: justify;\">Queremos ofrecer el mejor servicio de eventos, <span style=\"background: #aaf4b3;\">hecho a medida para cada cliente.<\/span> El cliente debe sentarse, relajarse y confiar en nosotros con la tranquilidad de conciencia. Nuestra misi\u00f3n es ir un paso m\u00e1s all\u00e1 para cada cliente y convertir un gran evento en una experiencia fant\u00e1stica. Para nosotros, esto incluye:<\/p>\n<ul>\n<li style=\"text-align: justify;\"><strong>Di\u00e1logo integral con clientes y proveedores de servicios:<\/strong> con una comunicaci\u00f3n abierta alcanzamos nuestros objetivos!<\/li>\n<li style=\"text-align: justify;\"><strong>Apoyo personal:<\/strong> desde la primera consulta hasta la facturaci\u00f3n final, habr\u00e1 un contacto permanente.<\/li>\n<li style=\"text-align: justify;\"><strong>Alternativas:<\/strong> al preparar propuestas, siempre mostramos diferentes posibilidades para los componentes individuales del evento y las explicamos en t\u00e9rminos de criterios como disciplina presupuestaria, sostenibilidad y dramaturgia del evento.<\/li>\n<li style=\"text-align: justify;\"><strong>Responsabilidad corporativa:<\/strong> siempre que se puedan establecer v\u00ednculos entre los eventos solicitados y buenas causas, los presentamos h\u00e1bilmente y animamos a nuestros clientes a hacer una contribuci\u00f3n a la sociedad junto con nosotros.<\/li>\n<li style=\"text-align: justify;\"><strong>Sostenibilidad:<\/strong> en los eventos, consideramos que es nuestra responsabilidad utilizar opciones sostenibles siempre que est\u00e9n disponibles y minimizar la huella ambiental de nuestra log\u00edstica.<\/li>\n<\/ul>\n<p>[\/vc_column_text][\/vc_column_inner][\/vc_row_inner][\/vc_column][vc_column width=&#8221;1\/6&#8243; offset=&#8221;vc_hidden-sm vc_hidden-xs&#8221;][\/vc_column][\/vc_row]<\/p>\n","protected":false},"excerpt":{"rendered":"<p>[vc_section css=&#8221;.vc_custom_1532947345321{margin-top: 70px !important;}&#8221;][vc_row bg_type=&#8221;image&#8221; parallax_style=&#8221;vcpb-default&#8221; bg_image_new=&#8221;7443|https:\/\/mr-congress.com\/en\/wp-content\/uploads\/sites\/2\/2020\/03\/four-leaf-clover-web.jpg&#8221; bg_image_repeat=&#8221;no-repeat&#8221; bg_image_posiiton=&#8221;top center&#8221; bg_override=&#8221;ex-full&#8221;][vc_column width=&#8221;1\/3&#8243; offset=&#8221;vc_hidden-sm vc_hidden-xs&#8221;][vc_column_text][\/vc_column_text][vc_empty_space height=&#8221;410px&#8221;][\/vc_column][vc_column width=&#8221;1\/3&#8243; offset=&#8221;vc_hidden-lg vc_hidden-xs&#8221;][vc_empty_space height=&#8221;390px&#8221;][\/vc_column][vc_column width=&#8221;1\/3&#8243; offset=&#8221;vc_hidden-lg vc_hidden-md&#8221;][vc_empty_space height=&#8221;240px&#8221;][\/vc_column][\/vc_row][vc_row content_placement=&#8221;middle&#8221; bg_type=&#8221;image&#8221; parallax_style=&#8221;vcpb-default&#8221; bg_image_new=&#8221;9167|https:\/\/mr-congress.com\/de\/wp-content\/uploads\/sites\/3\/2018\/08\/ICON_events_erlebnisse_lights_V2_animated-3.svg&#8221; bg_image_repeat=&#8221;no-repeat&#8221; bg_image_size=&#8221;contain&#8221; bg_override=&#8221;ex-full&#8221;][vc_column css_animation=&#8221;fadeInUp&#8221; css=&#8221;.vc_custom_1535026171733{margin-top: 10px !important;margin-bottom: 50px !important;background-position: 0 0 !important;background-repeat: no-repeat !important;}&#8221;][vc_column_text css_animation=&#8221;fadeInUp&#8221; css=&#8221;.vc_custom_1765364162130{background-position: center !important;background-repeat: no-repeat !important;background-size: contain !important;}&#8221; el_class=&#8221;single-heading&#8221;]<\/p>\n<p>Visi\u00f3n &amp;<br \/>\nMISI\u00d3N<\/p>\n<p>[\/vc_column_text][vc_column_text css_animation=&#8221;none&#8221; el_class=&#8221;description-text&#8221;]Experiencias sostenibles &#8211; Recuerdos que duran[\/vc_column_text][\/vc_column][\/vc_row][\/vc_section][vc_row equal_height=&#8221;yes&#8221; css=&#8221;.vc_custom_1583843725651{margin-top: 4vmax !important;margin-bottom: 4vmax !important;}&#8221;][vc_column width=&#8221;1\/6&#8243; offset=&#8221;vc_hidden-sm vc_hidden-xs&#8221;][\/vc_column][vc_column width=&#8221;2\/3&#8243;][vc_row_inner][vc_column_inner][vc_column_text css_animation=&#8221;top-to-bottom&#8221; el_class=&#8221;description-text&#8221;]<\/p>\n<p>Visi\u00f3n<\/p>\n<p style=\"text-align: justify;\">Nuestra visi\u00f3n es ser l\u00edderes en la industria MICE [&#8230;]<\/p>\n","protected":false},"author":5,"featured_media":0,"parent":0,"menu_order":0,"comment_status":"closed","ping_status":"closed","template":"","meta":[],"_links":{"self":[{"href":"https:\/\/mr-congress.com\/es\/wp-json\/wp\/v2\/pages\/6257"}],"collection":[{"href":"https:\/\/mr-congress.com\/es\/wp-json\/wp\/v2\/pages"}],"about":[{"href":"https:\/\/mr-congress.com\/es\/wp-json\/wp\/v2\/types\/page"}],"author":[{"embeddable":true,"href":"https:\/\/mr-congress.com\/es\/wp-json\/wp\/v2\/users\/5"}],"replies":[{"embeddable":true,"href":"https:\/\/mr-congress.com\/es\/wp-json\/wp\/v2\/comments?post=6257"}],"version-history":[{"count":7,"href":"https:\/\/mr-congress.com\/es\/wp-json\/wp\/v2\/pages\/6257\/revisions"}],"predecessor-version":[{"id":6558,"href":"https:\/\/mr-congress.com\/es\/wp-json\/wp\/v2\/pages\/6257\/revisions\/6558"}],"wp:attachment":[{"href":"https:\/\/mr-congress.com\/es\/wp-json\/wp\/v2\/media?parent=6257"}],"curies":[{"name":"wp","href":"https:\/\/api.w.org\/{rel}","templated":true}]}}