{"id":6460,"date":"2023-04-11T14:54:03","date_gmt":"2023-04-11T12:54:03","guid":{"rendered":"https:\/\/mr-congress.com\/es\/?page_id=6460"},"modified":"2026-03-11T16:31:23","modified_gmt":"2026-03-11T15:31:23","slug":"get-to-know","status":"publish","type":"page","link":"https:\/\/mr-congress.com\/es\/get-to-know\/","title":{"rendered":"Get to Know Blog"},"content":{"rendered":"<p>[vc_row_inner][vc_column_inner offset=&#8221;vc_hidden-sm vc_hidden-xs&#8221;][vc_empty_space height=&#8221;112px&#8221;][vc_column_text][\/vc_column_text][vc_empty_space height=&#8221;50px&#8221;][vc_column_text]<\/p>\n<h1 class=\"lovely-heading\"><span class=\"brush-bg-img mk-2-bg-img\"> \u00a0Blog <\/span><\/h1>\n<p>[\/vc_column_text][vc_empty_space height=&#8221;102px&#8221;][\/vc_column_inner][\/vc_row_inner][vc_column_text css_animation=&#8221;none&#8221; el_class=&#8221;description-text&#8221;]Unsere Kollegen mit dem Talent zum Umh\u00f6ren, Zuh\u00f6ren und Erz\u00e4hlen<br \/>\nschreiben hier \u00fcber Trends und Ideen der Branche.[\/vc_column_text][vc_row bg_type=&#8221;image&#8221; parallax_style=&#8221;vcpb-default&#8221; bg_image_new=&#8221;22609|https:\/\/mr-congress.com\/de\/wp-content\/uploads\/sites\/3\/2023\/04\/stones_bamboo.jpg&#8221; bg_image_repeat=&#8221;no-repeat&#8221; bg_image_size=&#8221;contain&#8221; bg_img_attach=&#8221;fixed&#8221; css=&#8221;.vc_custom_1591600888624{margin-top: 20px !important;}&#8221;][vc_column width=&#8221;1\/4&#8243; offset=&#8221;vc_hidden-md vc_hidden-sm vc_hidden-xs&#8221;][\/vc_column][vc_column width=&#8221;3\/4&#8243;][vc_basic_grid post_type=&#8221;post&#8221; max_items=&#8221;-1&#8243; style=&#8221;load-more&#8221; items_per_page=&#8221;8&#8243; show_filter=&#8221;yes&#8221; element_width=&#8221;12&#8243; gap=&#8221;15&#8243; filter_color=&#8221;turquoise&#8221; item=&#8221;9967&#8243; grid_id=&#8221;vc_gid:1681217105652-0603749b-2f84-8&#8243; taxonomies=&#8221;690, 692, 689, 691, 693, 699&#8243; el_class=&#8221;blog-grid&#8221; filter_source=&#8221;category&#8221; css=&#8221;.vc_custom_1637679909500{margin-top: 80px !important;}&#8221;][\/vc_column][\/vc_row]<\/p>\n","protected":false},"excerpt":{"rendered":"<p>[vc_row_inner][vc_column_inner offset=&#8221;vc_hidden-sm vc_hidden-xs&#8221;][vc_empty_space height=&#8221;112px&#8221;][vc_column_text][\/vc_column_text][vc_empty_space height=&#8221;50px&#8221;][vc_column_text]<\/p>\n<p> \u00a0Blog <\/p>\n<p>[\/vc_column_text][vc_empty_space height=&#8221;102px&#8221;][\/vc_column_inner][\/vc_row_inner][vc_column_text css_animation=&#8221;none&#8221; el_class=&#8221;description-text&#8221;]Unsere Kollegen mit dem Talent zum Umh\u00f6ren, Zuh\u00f6ren und Erz\u00e4hlen<br \/>\nschreiben hier \u00fcber Trends und Ideen der Branche.[\/vc_column_text][vc_row bg_type=&#8221;image&#8221; parallax_style=&#8221;vcpb-default&#8221; bg_image_new=&#8221;22609|https:\/\/mr-congress.com\/de\/wp-content\/uploads\/sites\/3\/2023\/04\/stones_bamboo.jpg&#8221; bg_image_repeat=&#8221;no-repeat&#8221; bg_image_size=&#8221;contain&#8221; bg_img_attach=&#8221;fixed&#8221; css=&#8221;.vc_custom_1591600888624{margin-top: 20px !important;}&#8221;][vc_column width=&#8221;1\/4&#8243; offset=&#8221;vc_hidden-md vc_hidden-sm vc_hidden-xs&#8221;][\/vc_column][vc_column width=&#8221;3\/4&#8243;][vc_basic_grid post_type=&#8221;post&#8221; max_items=&#8221;-1&#8243; style=&#8221;load-more&#8221; items_per_page=&#8221;8&#8243; show_filter=&#8221;yes&#8221; element_width=&#8221;12&#8243; gap=&#8221;15&#8243; filter_color=&#8221;turquoise&#8221; item=&#8221;9967&#8243; grid_id=&#8221;vc_gid:1681217105652-0603749b-2f84-8&#8243; taxonomies=&#8221;690, 692, 689, 691, 693, 699&#8243; el_class=&#8221;blog-grid&#8221; filter_source=&#8221;category&#8221; css=&#8221;.vc_custom_1637679909500{margin-top: 80px !important;}&#8221;][\/vc_column][\/vc_row]<\/p>\n","protected":false},"author":1,"featured_media":0,"parent":0,"menu_order":0,"comment_status":"closed","ping_status":"closed","template":"","meta":[],"_links":{"self":[{"href":"https:\/\/mr-congress.com\/es\/wp-json\/wp\/v2\/pages\/6460"}],"collection":[{"href":"https:\/\/mr-congress.com\/es\/wp-json\/wp\/v2\/pages"}],"about":[{"href":"https:\/\/mr-congress.com\/es\/wp-json\/wp\/v2\/types\/page"}],"author":[{"embeddable":true,"href":"https:\/\/mr-congress.com\/es\/wp-json\/wp\/v2\/users\/1"}],"replies":[{"embeddable":true,"href":"https:\/\/mr-congress.com\/es\/wp-json\/wp\/v2\/comments?post=6460"}],"version-history":[{"count":2,"href":"https:\/\/mr-congress.com\/es\/wp-json\/wp\/v2\/pages\/6460\/revisions"}],"predecessor-version":[{"id":6463,"href":"https:\/\/mr-congress.com\/es\/wp-json\/wp\/v2\/pages\/6460\/revisions\/6463"}],"wp:attachment":[{"href":"https:\/\/mr-congress.com\/es\/wp-json\/wp\/v2\/media?parent=6460"}],"curies":[{"name":"wp","href":"https:\/\/api.w.org\/{rel}","templated":true}]}}