{"id":5465,"date":"2018-11-19T10:11:25","date_gmt":"2018-11-19T10:11:25","guid":{"rendered":"https:\/\/mr-congress.com\/fr\/?page_id=5465"},"modified":"2025-08-06T10:34:18","modified_gmt":"2025-08-06T08:34:18","slug":"design-et-conception","status":"publish","type":"page","link":"https:\/\/mr-congress.com\/fr\/design-et-conception\/","title":{"rendered":"Design &#038; Conception"},"content":{"rendered":"<p>[vc_section css=&#8221;.vc_custom_1532947345321{margin-top: 70px !important;}&#8221;][vc_row bg_type=&#8221;image&#8221; parallax_style=&#8221;vcpb-default&#8221; bg_image_new=&#8221;10352|https:\/\/mr-congress.com\/de\/wp-content\/uploads\/sites\/3\/2018\/11\/Design_Konzeption_Header_1900x430.jpg&#8221; bg_image_repeat=&#8221;no-repeat&#8221; bg_image_posiiton=&#8221;top center&#8221; bg_override=&#8221;ex-full&#8221;][vc_column width=&#8221;1\/3&#8243; offset=&#8221;vc_hidden-sm vc_hidden-xs&#8221;][vc_column_text]<img decoding=\"async\" style=\"margin-top: -800px; z-index: 9999;\" src=\"https:\/\/mr-congress.com\/de\/wp-content\/uploads\/sites\/3\/2018\/06\/airplane.svg\" alt=\"airplane\" \/>[\/vc_column_text][vc_empty_space height=&#8221;410px&#8221;][\/vc_column][vc_column width=&#8221;1\/3&#8243; offset=&#8221;vc_hidden-lg vc_hidden-xs&#8221;][vc_empty_space height=&#8221;390px&#8221;][\/vc_column][vc_column width=&#8221;1\/3&#8243; offset=&#8221;vc_hidden-lg vc_hidden-md&#8221;][vc_empty_space height=&#8221;310px&#8221;][\/vc_column][\/vc_row][vc_row content_placement=&#8221;middle&#8221; bg_type=&#8221;image&#8221; parallax_style=&#8221;vcpb-default&#8221; bg_image_repeat=&#8221;no-repeat&#8221; bg_image_size=&#8221;contain&#8221; bg_override=&#8221;ex-full&#8221;][vc_column css_animation=&#8221;fadeInUp&#8221; css=&#8221;.vc_custom_1535026171733{margin-top: 10px !important;margin-bottom: 50px !important;background-position: 0 0 !important;background-repeat: no-repeat !important;}&#8221;][vc_column_text css_animation=&#8221;fadeInUp&#8221; css=&#8221;.vc_custom_1542622201535{background-position: center !important;background-repeat: no-repeat !important;background-size: contain !important;}&#8221;]<\/p>\n<h1 class=\"lovely-heading\"><span class=\"brush-bg-img dk-bg-img\">Design<span style=\"font-size: 120px !important;\">&amp;<\/span><\/span><\/h1>\n<h1 class=\"sub-heading\">CONCEPTION<\/h1>\n<p>[\/vc_column_text][vc_column_text css_animation=&#8221;none&#8221; el_class=&#8221;description-text&#8221;]Nous portons une attention particuli\u00e8re \u00e0 la notion de design, \u00e0 la conception d\u2019identit\u00e9 visuelle attrayante et moderne. Nos graphistes sont \u00e0 votre disposition pour vous assister et vous conseiller![\/vc_column_text][\/vc_column][\/vc_row][\/vc_section][vc_section][vc_row][vc_column][vc_single_image image=&#8221;5470&#8243; img_size=&#8221;full&#8221; alignment=&#8221;center&#8221; css_animation=&#8221;fadeIn&#8221;][\/vc_column][\/vc_row][vc_row css_animation=&#8221;fadeIn&#8221; css=&#8221;.vc_custom_1534339184118{margin-top: 50px !important;}&#8221;][vc_column][vc_row_inner][vc_column_inner offset=&#8221;vc_hidden-sm vc_hidden-xs&#8221;][vc_empty_space height=&#8221;42px&#8221;][\/vc_column_inner][\/vc_row_inner][vc_row_inner][vc_column_inner width=&#8221;1\/12&#8243; offset=&#8221;vc_hidden-md vc_hidden-sm vc_hidden-xs&#8221;][\/vc_column_inner][vc_column_inner width=&#8221;10\/12&#8243;][vc_column_text el_class=&#8221;description-text-italic&#8221;]Dans un d\u00e9lai tr\u00e8s court, nous faisons de vos id\u00e9es, de votre vision, une r\u00e9alit\u00e9 &#8211; rapidement, efficacement et conform\u00e9ment \u00e0 votre identit\u00e9 visuelle. L\u2019identit\u00e9 visuelle incarne l\u2019ADN d\u2019une entreprise et constitue donc le fil conducteur \u00e0 suivre en mati\u00e8re de graphisme. Afin de mettre votre en marque en sc\u00e8ne de la meilleure fa\u00e7on possible, <span style=\"background: #aaf4b3;\"> notre \u00e9quipe de graphiste <\/span>et de web designers tient compte de votre <span style=\"background: #aaf4b3;\"> language graphique <\/span>dans chacune des \u00e9bauches, qu\u2019elles soient num\u00e9riques ou print.[\/vc_column_text][\/vc_column_inner][vc_column_inner width=&#8221;1\/12&#8243; offset=&#8221;vc_hidden-md vc_hidden-sm vc_hidden-xs&#8221;][\/vc_column_inner][\/vc_row_inner][vc_row_inner][vc_column_inner offset=&#8221;vc_hidden-sm vc_hidden-xs&#8221;][vc_empty_space height=&#8221;72px&#8221;][\/vc_column_inner][\/vc_row_inner][\/vc_column][\/vc_row][vc_row][vc_column][vc_single_image image=&#8221;5471&#8243; img_size=&#8221;full&#8221; alignment=&#8221;center&#8221; css_animation=&#8221;fadeIn&#8221;][vc_empty_space height=&#8221;64px&#8221;][\/vc_column][\/vc_row][vc_row css_animation=&#8221;fadeIn&#8221; css=&#8221;.vc_custom_1534339184118{margin-top: 50px !important;}&#8221;][vc_column width=&#8221;1\/6&#8243;][\/vc_column][vc_column width=&#8221;2\/3&#8243;][vc_column_text el_class=&#8221;.description-text&#8221;]<\/p>\n<p style=\"text-align: center;\">Nos concepteurs web chevronn\u00e9s d\u00e9veloppent des sites internet pour des entreprises, des salons et des \u00e9v\u00e9nements. <span style=\"background: #aaf4b3;\">Nous r\u00e9alisons vos souhaits,<\/span>\u00a0qu\u2019ils soient classiques ou calqu\u00e9s sur les derni\u00e8res tendances, adapt\u00e9s \u00e0 votre marque et \u00e0 votre \u00e9v\u00e9nement. Nous pouvons \u00e9galement mettre en page, imprimer et relier : roadbook, revue, annuaire, tout est possible !<\/p>\n<p>[\/vc_column_text][vc_empty_space height=&#8221;64px&#8221;][\/vc_column][vc_column width=&#8221;1\/6&#8243;][\/vc_column][\/vc_row][\/vc_section][vc_section][vc_row][vc_column][vc_single_image image=&#8221;5528&#8243; img_size=&#8221;full&#8221; alignment=&#8221;center&#8221; css_animation=&#8221;fadeIn&#8221; el_class=&#8221;img-zoom&#8221;][\/vc_column][\/vc_row][\/vc_section][vc_section][vc_row css=&#8221;.vc_custom_1534340704059{margin-top: 50px !important;}&#8221;][vc_column][vc_row_inner][vc_column_inner offset=&#8221;vc_hidden-xs&#8221;][vc_empty_space el_class=&#8221;empty-space&#8221;][\/vc_column_inner][\/vc_row_inner][vc_row_inner][vc_column_inner width=&#8221;1\/12&#8243; offset=&#8221;vc_hidden-md vc_hidden-sm vc_hidden-xs&#8221;][\/vc_column_inner][vc_column_inner width=&#8221;10\/12&#8243;][vc_column_text css_animation=&#8221;fadeInUp&#8221; css=&#8221;.vc_custom_1542622803090{padding-top: 20px !important;padding-bottom: 20px !important;}&#8221; el_class=&#8221;description-text-italic&#8221;]Afin de rendre tout cela encore plus tangible pour vos participants, nous proposons \u00e9galement des services tels que le merchandising. <span style=\"background: #aaf4b3;\">Cette forme sp\u00e9cifique de publicit\u00e9<\/span> est consid\u00e9r\u00e9e comme l\u2019une des m\u00e9thodes les plus modernes d\u2019augmentation des ventes d\u2019une entreprise. Nous d\u00e9veloppons avec vous de nouveaux concepts attractifs pour rendre votre marque plus visible.[\/vc_column_text][\/vc_column_inner][vc_column_inner width=&#8221;1\/12&#8243; offset=&#8221;vc_hidden-md vc_hidden-sm vc_hidden-xs&#8221;][\/vc_column_inner][\/vc_row_inner][vc_row_inner][vc_column_inner width=&#8221;1\/3&#8243; offset=&#8221;vc_hidden-xs&#8221;][vc_empty_space el_class=&#8221;empty-space&#8221;][\/vc_column_inner][vc_column_inner width=&#8221;2\/3&#8243;][vc_column_text][\/vc_column_text][\/vc_column_inner][\/vc_row_inner][\/vc_column][\/vc_row][vc_row bg_type=&#8221;grad&#8221; bg_grad=&#8221;background: -webkit-gradient(linear, left top, left bottom, color-stop(10%, #E892A0), color-stop(45%, #F0AAB6), color-stop(82%, #E892A0));background: -moz-linear-gradient(left,#E892A0 10%,#F0AAB6 45%,#E892A0 82%);background: -webkit-linear-gradient(left,#E892A0 10%,#F0AAB6 45%,#E892A0 82%);background: -o-linear-gradient(left,#E892A0 10%,#F0AAB6 45%,#E892A0 82%);background: -ms-linear-gradient(left,#E892A0 10%,#F0AAB6 45%,#E892A0 82%);background: linear-gradient(left,#E892A0 10%,#F0AAB6 45%,#E892A0 82%);&#8221;][vc_column css=&#8221;.vc_custom_1541755113144{background-position: center !important;background-repeat: no-repeat !important;background-size: contain !important;}&#8221;][vc_row_inner][vc_column_inner offset=&#8221;vc_hidden-xs&#8221;][vc_empty_space height=&#8221;&#8221; el_class=&#8221;empty-space&#8221;][\/vc_column_inner][\/vc_row_inner][vc_column_text css_animation=&#8221;fadeInUp&#8221; css=&#8221;.vc_custom_1542622735277{padding-top: 20px !important;padding-right: 10px !important;padding-bottom: 20px !important;padding-left: 10px !important;background-position: 0 0 !important;background-repeat: no-repeat !important;}&#8221; el_class=&#8221;secondary-lovely-headline&#8221;]<span style=\"color: #fff;\">Que ce soit dans le cadre du merchandising, des impressions, des sites web\u2026<\/span>[\/vc_column_text][vc_row_inner][vc_column_inner offset=&#8221;vc_hidden-xs&#8221;][vc_empty_space height=&#8221;72px&#8221; el_class=&#8221;empty-space&#8221;][\/vc_column_inner][\/vc_row_inner][\/vc_column][\/vc_row][\/vc_section][vc_section][vc_row disable_element=&#8221;yes&#8221; css=&#8221;.vc_custom_1548231250102{margin-top: 50px !important;margin-bottom: 30px !important;}&#8221;][vc_column width=&#8221;1\/2&#8243;][vc_single_image image=&#8221;5529&#8243; img_size=&#8221;full&#8221; alignment=&#8221;center&#8221; css_animation=&#8221;fadeIn&#8221; el_class=&#8221;img-zoom&#8221;][vc_row_inner 0=&#8221;&#8221;][vc_column_inner width=&#8221;1\/2&#8243; offset=&#8221;vc_hidden-md vc_hidden-sm vc_hidden-xs&#8221;][vc_empty_space height=&#8221;172px&#8221;][\/vc_column_inner][vc_column_inner width=&#8221;1\/2&#8243; offset=&#8221;vc_hidden-sm vc_hidden-xs&#8221;][vc_empty_space height=&#8221;92px&#8221;][\/vc_column_inner][\/vc_row_inner][vc_column_text css_animation=&#8221;left-to-right&#8221; el_class=&#8221;vc_align_center description-text&#8221;]<\/p>\n<p style=\"display: inline; background: #aaf4b3; padding: 4px; text-align: center; font-family: 'DidotLTPro-Roman' !important;\">Une image vaut mille mots, certes, mais pas seulement: elle transmet votre message de mani\u00e8re visuelle et ouvre au spectateur une porte sur le monde, votre monde.<\/p>\n<p>[\/vc_column_text][\/vc_column][vc_column width=&#8221;1\/2&#8243;][vc_row_inner 0=&#8221;&#8221;][vc_column_inner width=&#8221;1\/2&#8243; offset=&#8221;vc_hidden-md vc_hidden-sm vc_hidden-xs&#8221;][vc_empty_space height=&#8221;372px&#8221;][\/vc_column_inner][vc_column_inner width=&#8221;1\/2&#8243; offset=&#8221;vc_hidden-sm vc_hidden-xs&#8221;][vc_empty_space height=&#8221;192px&#8221;][\/vc_column_inner][\/vc_row_inner][vc_column_text css_animation=&#8221;right-to-left&#8221; el_class=&#8221;vc_align_center description-text&#8221;]<\/p>\n<p style=\"display: inline; background: #aaf4b3; padding: 4px; text-align: center; font-family: 'DidotLTPro-Roman' !important;\">Que ce soit dans le cadre du merchandising, des impressions, des sites web\u2026<\/p>\n<p>[\/vc_column_text][vc_row_inner 0=&#8221;&#8221;][vc_column_inner width=&#8221;1\/2&#8243; offset=&#8221;vc_hidden-md vc_hidden-sm vc_hidden-xs&#8221;][vc_empty_space height=&#8221;282px&#8221;][\/vc_column_inner][vc_column_inner width=&#8221;1\/2&#8243; offset=&#8221;vc_hidden-sm vc_hidden-xs&#8221;][vc_empty_space height=&#8221;192px&#8221;][\/vc_column_inner][\/vc_row_inner][vc_single_image image=&#8221;5530&#8243; img_size=&#8221;full&#8221; alignment=&#8221;center&#8221; css_animation=&#8221;fadeIn&#8221; el_class=&#8221;img-zoom&#8221;][\/vc_column][\/vc_row][\/vc_section][vc_section css=&#8221;.vc_custom_1540393037501{margin-top: 40px !important;margin-bottom: 40px !important;}&#8221;][vc_row equal_height=&#8221;yes&#8221; css_animation=&#8221;fadeInUp&#8221; css=&#8221;.vc_custom_1535031373080{margin-top: 80px !important;margin-bottom: 80px !important;}&#8221;][vc_column css_animation=&#8221;none&#8221;][vc_row_inner][vc_column_inner width=&#8221;1\/6&#8243;][\/vc_column_inner][vc_column_inner width=&#8221;2\/3&#8243;][vc_column_text el_class=&#8221;description-text&#8221;]<\/p>\n<p style=\"text-align: center;\">Nous veillons \u00e0 ce que votre \u00e9v\u00e9nement <span style=\"background: #aaf4b3;\">soit document\u00e9 de mani\u00e8re optimale, professionnelle et fiable<\/span>, afin que les histoires que vous racontez restent en m\u00e9moire.<br \/>\nDe plus, les attentes, les langues, les comportements culturels ainsi que les formes de communication et d\u2019interaction doivent \u00eatre \u00e0 l\u2019avenir davantage pris en compte lors de l\u2019organisation de conf\u00e9rences et de congr\u00e8s.<\/p>\n<p>[\/vc_column_text][\/vc_column_inner][vc_column_inner width=&#8221;1\/6&#8243;][\/vc_column_inner][\/vc_row_inner][\/vc_column][\/vc_row][vc_row][vc_column][vc_single_image image=&#8221;5531&#8243; img_size=&#8221;full&#8221; alignment=&#8221;center&#8221; css_animation=&#8221;fadeInUp&#8221;][\/vc_column][\/vc_row][vc_row css_animation=&#8221;fadeIn&#8221; css=&#8221;.vc_custom_1534339184118{margin-top: 50px !important;}&#8221;][vc_column][vc_row_inner][vc_column_inner offset=&#8221;vc_hidden-sm vc_hidden-xs&#8221;][vc_empty_space height=&#8221;92px&#8221;][\/vc_column_inner][\/vc_row_inner][vc_row_inner][vc_column_inner width=&#8221;1\/12&#8243; offset=&#8221;vc_hidden-md vc_hidden-sm vc_hidden-xs&#8221;][\/vc_column_inner][vc_column_inner width=&#8221;10\/12&#8243;][vc_column_text css_animation=&#8221;fadeInUp&#8221; el_class=&#8221;description-text-italic&#8221;]Selon le format, la fonction et le groupe de participants d\u2019un \u00e9v\u00e9nement, nous utilisons diff\u00e9rentes techniques de pr\u00e9sentation ainsi que des options interactives pour donner son avis (par exemple: voting et gaming). <span style=\"background: #aaf4b3;\"> Avec vous, notre \u00e9quipe va au-del\u00e0<\/span> de l&#8217;utilisation des m\u00e9dias sociaux et des applications \u00e9v\u00e9nementielles et permet \u00e0 votre entreprise de tirer parti des tendances.[\/vc_column_text][vc_empty_space height=&#8221;100px&#8221;][\/vc_column_inner][vc_column_inner width=&#8221;1\/12&#8243; offset=&#8221;vc_hidden-md vc_hidden-sm vc_hidden-xs&#8221;][\/vc_column_inner][\/vc_row_inner][\/vc_column][\/vc_row][\/vc_section][vc_row][vc_column width=&#8221;1\/2&#8243;][vc_column_text css_animation=&#8221;left-to-right&#8221; el_class=&#8221;design-bar&#8221;]<\/p>\n<h1 class=\"lovely-heading\" style=\"margin-left: 20%;\"><span class=\"brush-bg-img dk-bg-img\">Supports<\/span><\/h1>\n<h1 class=\"lovely-heading\" style=\"margin-left: 20%;\"><span class=\"brush-bg-img dk-bg-img\">graphiques<\/span><\/h1>\n<p>[\/vc_column_text][\/vc_column][vc_column width=&#8221;1\/2&#8243;][vc_column_text css_animation=&#8221;right-to-left&#8221;]<\/p>\n<ul class=\"description-text left\" style=\"list-style: none; margin-left: 10% !important; line-height: 1.2;\">\n<li style=\"text-align: left;\">Invitations<\/li>\n<li style=\"text-align: left;\">Banni\u00e8res, Panneaux, Fanions<\/li>\n<li style=\"text-align: left;\">Kakemonos, Pr\u00e9sentoirs<\/li>\n<li style=\"text-align: left;\">Autocollants<\/li>\n<li style=\"text-align: left;\">Brochures, Flyers<\/li>\n<li style=\"text-align: left;\">Catalogues<\/li>\n<li style=\"text-align: left;\">Affiches<\/li>\n<li style=\"text-align: left;\">Cartes de Menu<\/li>\n<li style=\"text-align: left;\">Carnets de Route<\/li>\n<li style=\"text-align: left;\">Illustrations<\/li>\n<\/ul>\n<p>[\/vc_column_text][\/vc_column][vc_column][vc_empty_space height=&#8221;130px&#8221;][\/vc_column][\/vc_row][vc_row][vc_column width=&#8221;1\/2&#8243;][vc_empty_space height=&#8221;64px&#8221;][vc_column_text css_animation=&#8221;left-to-right&#8221;]<\/p>\n<ul class=\"description-text right\" style=\"list-style: none; margin-right: 15% !important; line-height: 1.2;\">\n<li style=\"text-align: right;\">Concept<\/li>\n<li style=\"text-align: right;\">Documentations<\/li>\n<li style=\"text-align: right;\">Photographie<\/li>\n<li style=\"text-align: right;\">Agencement d\u00b4espace<\/li>\n<li style=\"text-align: right;\">Mise en sc\u00e8ne<\/li>\n<li style=\"text-align: right;\">Projection<\/li>\n<li style=\"text-align: right;\">Animation<\/li>\n<\/ul>\n<p>[\/vc_column_text][\/vc_column][vc_column width=&#8221;1\/2&#8243;][vc_column_text css_animation=&#8221;right-to-left&#8221; el_class=&#8221;design-bar&#8221;]<\/p>\n<h1 class=\"lovely-heading\" style=\"margin-right: 20%;\"><span class=\"brush-bg-img dk-bg-img\">Design<\/span><\/h1>\n<h1 class=\"lovely-heading\" style=\"margin-right: 20%;\"><span class=\"brush-bg-img dk-bg-img\">\u00e9v\u00e9nementiel<\/span><\/h1>\n<p>[\/vc_column_text][\/vc_column][vc_column][vc_empty_space height=&#8221;130px&#8221;][\/vc_column][\/vc_row][vc_row][vc_column width=&#8221;1\/2&#8243;][vc_column_text css_animation=&#8221;left-to-right&#8221; el_class=&#8221;design-bar&#8221;]<\/p>\n<h1 class=\"lovely-heading\" style=\"margin-left: 1%;\"><span class=\"brush-bg-img dk-bg-img\">Supports de<\/span><\/h1>\n<h1 class=\"lovely-heading\" style=\"margin-left: 1%;\"><span class=\"brush-bg-img dk-bg-img\">communication<\/span><\/h1>\n<p>[\/vc_column_text][\/vc_column][vc_column width=&#8221;1\/2&#8243;][vc_empty_space][vc_column_text css_animation=&#8221;right-to-left&#8221;]<\/p>\n<ul class=\"description-text left\" style=\"list-style: none; margin-left: 10% !important; line-height: 1.2;\">\n<li style=\"text-align: left;\">Recherches d\u2019id\u00e9es<\/li>\n<li style=\"text-align: left;\">Recherches de produits<\/li>\n<li style=\"text-align: left;\">Lanyards<\/li>\n<li style=\"text-align: left;\">Badges<\/li>\n<li style=\"text-align: left;\">Syst\u00e8mes d\u2019identification<\/li>\n<li style=\"text-align: left;\">Cadeaux publicitaires<\/li>\n<li style=\"text-align: left;\">Films publicitaires<\/li>\n<li style=\"text-align: left;\">Stands<\/li>\n<li style=\"text-align: left;\">Merchandising<\/li>\n<\/ul>\n<p>[\/vc_column_text][\/vc_column][vc_column][vc_empty_space height=&#8221;130px&#8221;][\/vc_column][\/vc_row][vc_row][vc_column width=&#8221;1\/2&#8243;][vc_empty_space][vc_column_text css_animation=&#8221;left-to-right&#8221;]<\/p>\n<ul class=\"description-text right\" style=\"list-style: none; margin-right: 15% !important; line-height: 1.2;\">\n<li style=\"text-align: right;\">Documentations<\/li>\n<li style=\"text-align: right;\">Affiches<\/li>\n<li style=\"text-align: right;\">Journaux<\/li>\n<li style=\"text-align: right;\">Livres photos<\/li>\n<\/ul>\n<p>[\/vc_column_text][\/vc_column][vc_column width=&#8221;1\/2&#8243;][vc_column_text css_animation=&#8221;right-to-left&#8221; el_class=&#8221;design-bar&#8221;]<\/p>\n<h1 class=\"lovely-heading\" style=\"margin-right: 15%;\"><span class=\"brush-bg-img dk-bg-img\">Publications<\/span><\/h1>\n<p>[\/vc_column_text][\/vc_column][vc_column][vc_empty_space height=&#8221;130px&#8221;][\/vc_column][\/vc_row][vc_row][vc_column width=&#8221;1\/2&#8243;][vc_column_text css_animation=&#8221;left-to-right&#8221; el_class=&#8221;design-bar&#8221;]<\/p>\n<h1 class=\"lovely-heading\" style=\"margin-left: 25%;\"><span class=\"brush-bg-img dk-bg-img\">Design en<\/span><\/h1>\n<h1 class=\"lovely-heading\" style=\"margin-left: 25%;\"><span class=\"brush-bg-img dk-bg-img\">ligne<\/span><\/h1>\n<p>[\/vc_column_text][\/vc_column][vc_column width=&#8221;1\/2&#8243;][vc_empty_space height=&#8221;110px&#8221;][vc_column_text css_animation=&#8221;right-to-left&#8221;]<\/p>\n<ul class=\"description-text left\" style=\"list-style: none; margin-left: 10% !important; line-height: 1.2;\">\n<li style=\"text-align: left;\">Sites Web, Applications<\/li>\n<li style=\"text-align: left;\">Plateformes d\u2019inscription<\/li>\n<li style=\"text-align: left;\">Pr\u00e9sentations en ligne<\/li>\n<\/ul>\n<p>[\/vc_column_text][\/vc_column][vc_column][vc_empty_space height=&#8221;130px&#8221;][\/vc_column][\/vc_row][vc_row][vc_column width=&#8221;1\/2&#8243;][vc_empty_space height=&#8221;110px&#8221;][vc_column_text css_animation=&#8221;left-to-right&#8221; css=&#8221;.vc_custom_1747994680616{margin-bottom: 100px !important;}&#8221;]<\/p>\n<ul class=\"description-text right\" style=\"list-style: none; margin-right: 15% !important; line-height: 1.2;\">\n<li style=\"text-align: right;\">Conception du logo<\/li>\n<li style=\"text-align: right;\">Supports de communication<\/li>\n<li style=\"text-align: right;\">Cartes de visite<\/li>\n<\/ul>\n<p>[\/vc_column_text][\/vc_column][vc_column width=&#8221;1\/2&#8243;][vc_column_text css_animation=&#8221;right-to-left&#8221; el_class=&#8221;design-bar&#8221;]<\/p>\n<h1 class=\"lovely-heading\" style=\"margin-right: 35%;\"><span class=\"brush-bg-img dk-bg-img\">Design<\/span><\/h1>\n<h1 class=\"lovely-heading\" style=\"margin-right: 35%;\"><span class=\"brush-bg-img dk-bg-img\">corporate<\/span><\/h1>\n<p>[\/vc_column_text][\/vc_column][\/vc_row][vc_row][vc_column][vc_empty_space height=&#8221;130px&#8221;][\/vc_column][\/vc_row]<\/p>\n","protected":false},"excerpt":{"rendered":"<p>[vc_section css=&#8221;.vc_custom_1532947345321{margin-top: 70px !important;}&#8221;][vc_row bg_type=&#8221;image&#8221; parallax_style=&#8221;vcpb-default&#8221; bg_image_new=&#8221;10352|https:\/\/mr-congress.com\/de\/wp-content\/uploads\/sites\/3\/2018\/11\/Design_Konzeption_Header_1900x430.jpg&#8221; bg_image_repeat=&#8221;no-repeat&#8221; bg_image_posiiton=&#8221;top center&#8221; bg_override=&#8221;ex-full&#8221;][vc_column width=&#8221;1\/3&#8243; offset=&#8221;vc_hidden-sm vc_hidden-xs&#8221;][vc_column_text][\/vc_column_text][vc_empty_space height=&#8221;410px&#8221;][\/vc_column][vc_column width=&#8221;1\/3&#8243; offset=&#8221;vc_hidden-lg vc_hidden-xs&#8221;][vc_empty_space height=&#8221;390px&#8221;][\/vc_column][vc_column width=&#8221;1\/3&#8243; offset=&#8221;vc_hidden-lg vc_hidden-md&#8221;][vc_empty_space height=&#8221;310px&#8221;][\/vc_column][\/vc_row][vc_row content_placement=&#8221;middle&#8221; bg_type=&#8221;image&#8221; parallax_style=&#8221;vcpb-default&#8221; bg_image_repeat=&#8221;no-repeat&#8221; bg_image_size=&#8221;contain&#8221; bg_override=&#8221;ex-full&#8221;][vc_column css_animation=&#8221;fadeInUp&#8221; css=&#8221;.vc_custom_1535026171733{margin-top: 10px !important;margin-bottom: 50px !important;background-position: 0 0 !important;background-repeat: no-repeat !important;}&#8221;][vc_column_text css_animation=&#8221;fadeInUp&#8221; css=&#8221;.vc_custom_1542622201535{background-position: center !important;background-repeat: no-repeat !important;background-size: contain !important;}&#8221;]<\/p>\n<p>Design&amp;<br \/>\nCONCEPTION<\/p>\n<p>[\/vc_column_text][vc_column_text css_animation=&#8221;none&#8221; el_class=&#8221;description-text&#8221;]Nous portons une attention particuli\u00e8re \u00e0 la notion de design, \u00e0 la conception d\u2019identit\u00e9 visuelle attrayante et moderne. Nos graphistes sont \u00e0 votre disposition pour vous assister et vous conseiller![\/vc_column_text][\/vc_column][\/vc_row][\/vc_section][vc_section][vc_row][vc_column][vc_single_image image=&#8221;5470&#8243; [&#8230;]<\/p>\n","protected":false},"author":5,"featured_media":0,"parent":0,"menu_order":0,"comment_status":"closed","ping_status":"closed","template":"event-page.php","meta":[],"_links":{"self":[{"href":"https:\/\/mr-congress.com\/fr\/wp-json\/wp\/v2\/pages\/5465"}],"collection":[{"href":"https:\/\/mr-congress.com\/fr\/wp-json\/wp\/v2\/pages"}],"about":[{"href":"https:\/\/mr-congress.com\/fr\/wp-json\/wp\/v2\/types\/page"}],"author":[{"embeddable":true,"href":"https:\/\/mr-congress.com\/fr\/wp-json\/wp\/v2\/users\/5"}],"replies":[{"embeddable":true,"href":"https:\/\/mr-congress.com\/fr\/wp-json\/wp\/v2\/comments?post=5465"}],"version-history":[{"count":11,"href":"https:\/\/mr-congress.com\/fr\/wp-json\/wp\/v2\/pages\/5465\/revisions"}],"predecessor-version":[{"id":6445,"href":"https:\/\/mr-congress.com\/fr\/wp-json\/wp\/v2\/pages\/5465\/revisions\/6445"}],"wp:attachment":[{"href":"https:\/\/mr-congress.com\/fr\/wp-json\/wp\/v2\/media?parent=5465"}],"curies":[{"name":"wp","href":"https:\/\/api.w.org\/{rel}","templated":true}]}}