{"id":5487,"date":"2018-11-19T11:15:03","date_gmt":"2018-11-19T11:15:03","guid":{"rendered":"https:\/\/mr-congress.com\/fr\/?page_id=5487"},"modified":"2026-02-25T16:24:14","modified_gmt":"2026-02-25T15:24:14","slug":"contact","status":"publish","type":"page","link":"https:\/\/mr-congress.com\/fr\/contact\/","title":{"rendered":"Contact"},"content":{"rendered":"<p>[vc_section css=&#8221;.vc_custom_1532947345321{margin-top: 70px !important;}&#8221;][vc_row bg_type=&#8221;image&#8221; parallax_style=&#8221;vcpb-default&#8221; bg_image_new=&#8221;10321|https:\/\/mr-congress.com\/de\/wp-content\/uploads\/sites\/3\/2018\/11\/Kontakt_Header.jpg&#8221; bg_image_repeat=&#8221;no-repeat&#8221; bg_image_posiiton=&#8221;top center&#8221; bg_override=&#8221;ex-full&#8221;][vc_column width=&#8221;1\/3&#8243; offset=&#8221;vc_hidden-sm vc_hidden-xs&#8221;][vc_column_text]<img decoding=\"async\" style=\"margin-top: -800px; z-index: 9999;\" src=\"https:\/\/mr-congress.com\/de\/wp-content\/uploads\/sites\/3\/2018\/06\/airplane.svg\" alt=\"airplane\" \/>[\/vc_column_text][vc_empty_space height=&#8221;410px&#8221;][\/vc_column][vc_column width=&#8221;1\/3&#8243; offset=&#8221;vc_hidden-lg vc_hidden-xs&#8221;][vc_empty_space height=&#8221;390px&#8221;][\/vc_column][vc_column width=&#8221;1\/3&#8243; offset=&#8221;vc_hidden-lg vc_hidden-md&#8221;][vc_empty_space height=&#8221;310px&#8221;][\/vc_column][\/vc_row][vc_row content_placement=&#8221;middle&#8221;][vc_column css_animation=&#8221;fadeInUp&#8221; css=&#8221;.vc_custom_1535026171733{margin-top: 10px !important;margin-bottom: 50px !important;background-position: 0 0 !important;background-repeat: no-repeat !important;}&#8221;][vc_column_text css_animation=&#8221;fadeInUp&#8221; css=&#8221;.vc_custom_1544194900752{background-position: center !important;background-repeat: no-repeat !important;background-size: contain !important;}&#8221;]<\/p>\n<h1 class=\"kontakt-lovely-heading\"><span class=\"brush-bg-img kt-bg-img\"> Contact <\/span><\/h1>\n<p>[\/vc_column_text][vc_column_text css_animation=&#8221;none&#8221; el_class=&#8221;description-text&#8221;]Nous sommes \u00e0 votre disposition et ravis de r\u00e9pondre au mieux \u00e0 vos attentes!<br \/>\nN\u2019h\u00e9sitez pas \u00e0 nous contacter.[\/vc_column_text][\/vc_column][\/vc_row][\/vc_section][vc_row][vc_column][vc_row_inner][vc_column_inner offset=&#8221;vc_hidden-md vc_hidden-sm vc_hidden-xs&#8221;][vc_empty_space height=&#8221;50px&#8221;][\/vc_column_inner][\/vc_row_inner][vc_column_text css_animation=&#8221;fadeInUp&#8221; css=&#8221;.vc_custom_1542125873338{padding-bottom: 20px !important;background-position: center !important;background-repeat: no-repeat !important;background-size: contain !important;}&#8221;]<\/p>\n<p class=\"kontakt-editorial-headline\" style=\"text-align: center;\"><strong style=\"box-shadow: 0 0 0 10px #e0ccff; background-color: #e0ccff;\">MR CONGRESS &amp; INCENTIVE GMBH<\/strong><\/p>\n<p>[\/vc_column_text][vc_column_text css_animation=&#8221;fadeInUp&#8221; css=&#8221;.vc_custom_1542015011452{background-position: center !important;background-repeat: no-repeat !important;background-size: contain !important;}&#8221; el_class=&#8221;description-text&#8221;]<\/p>\n<p style=\"text-align: center;\">Alt-Friedrichsfelde 11 . 10315 Berlin . Germany<br \/>\n+49 30 443506-0 . info@mr-congress.com . www.mr-congress.com<\/p>\n<p>[\/vc_column_text][vc_row_inner][vc_column_inner offset=&#8221;vc_hidden-md vc_hidden-sm vc_hidden-xs&#8221;][vc_empty_space height=&#8221;50px&#8221;][\/vc_column_inner][\/vc_row_inner][\/vc_column][\/vc_row][vc_row bg_type=&#8221;image&#8221; parallax_style=&#8221;vcpb-default&#8221; bg_image_new=&#8221;10319|https:\/\/mr-congress.com\/de\/wp-content\/uploads\/sites\/3\/2018\/11\/Kontakt_Anfahrt_1900x430.jpg&#8221; bg_image_repeat=&#8221;no-repeat&#8221; bg_override=&#8221;full&#8221;][vc_column][vc_column_text css_animation=&#8221;fadeInUp&#8221; css=&#8221;.vc_custom_1544453444142{background-position: center !important;background-repeat: no-repeat !important;background-size: contain !important;}&#8221; el_class=&#8221;kontakt-lovely-heading&#8221;]<span style=\"color: #ffeb90;\">Pour arriver jusqu \u00e0 nous:<\/span>[\/vc_column_text][\/vc_column][\/vc_row][vc_section][vc_row css=&#8221;.vc_custom_1534340704059{margin-top: 50px !important;}&#8221;][vc_column][vc_row_inner][vc_column_inner offset=&#8221;vc_hidden-xs&#8221;][vc_empty_space el_class=&#8221;empty-space&#8221;][\/vc_column_inner][\/vc_row_inner][vc_row_inner][vc_column_inner width=&#8221;1\/12&#8243; offset=&#8221;vc_hidden-md vc_hidden-sm vc_hidden-xs&#8221;][\/vc_column_inner][vc_column_inner width=&#8221;10\/12&#8243;][vc_column_text css_animation=&#8221;fadeIn&#8221; css=&#8221;.vc_custom_1544194989816{padding-top: 20px !important;padding-bottom: 20px !important;}&#8221;]<\/p>\n<p class=\"kontakt-editorial-headline \" style=\"text-align: center;\"><span style=\"background: #e0ccff; box-shadow: 0 0 0 10px #e0ccff;\">En voiture:<\/span><\/p>\n<p>[\/vc_column_text][vc_column_text css_animation=&#8221;fadeIn&#8221; css=&#8221;.vc_custom_1544195332899{padding-top: 20px !important;padding-bottom: 20px !important;}&#8221; el_class=&#8221;description-text&#8221;]Si vous arrivez du centre-ville, prenez le long de la B1\/B5, jusqu\u2019au premier feu derri\u00e8re le pont Lichtenberger. Au feu, prendre \u00e0 droite dans la rue Rosenfelder et au prochain feu \u00e0 gauche, tournez dans la rue Einbecker. Apr\u00e8s environ 150 m\u00e8tres, tournez \u00e0 gauche dans une petite ruelle (derri\u00e8re le magasin \u00ab die Glasere\u00ef \u00bb, avant \u00ab Lidl \u00bb) et allez jusqu\u2019au bout.<\/p>\n<p>L\u2019agence MR Congress &amp; Incentive GmbH se trouve dans le dernier immeuble du c\u00f4t\u00e9 droit.<\/p>\n<p>Vous trouverez suffisamment de places de parking \u00e0 proximit\u00e9.[\/vc_column_text][\/vc_column_inner][vc_column_inner width=&#8221;1\/12&#8243; offset=&#8221;vc_hidden-md vc_hidden-sm vc_hidden-xs&#8221;][\/vc_column_inner][\/vc_row_inner][vc_row_inner][vc_column_inner width=&#8221;1\/3&#8243; offset=&#8221;vc_hidden-xs&#8221;][vc_empty_space height=&#8221;20px&#8221; el_class=&#8221;empty-space&#8221;][\/vc_column_inner][vc_column_inner width=&#8221;2\/3&#8243;][vc_column_text][\/vc_column_text][\/vc_column_inner][\/vc_row_inner][\/vc_column][\/vc_row][vc_row css=&#8221;.vc_custom_1534340704059{margin-top: 50px !important;}&#8221;][vc_column][vc_row_inner][vc_column_inner offset=&#8221;vc_hidden-xs&#8221;][vc_empty_space el_class=&#8221;empty-space&#8221;][\/vc_column_inner][\/vc_row_inner][vc_row_inner][vc_column_inner width=&#8221;1\/12&#8243; offset=&#8221;vc_hidden-md vc_hidden-sm vc_hidden-xs&#8221;][\/vc_column_inner][vc_column_inner width=&#8221;10\/12&#8243; offset=&#8221;vc_col-xs-12&#8243;][vc_column_text css_animation=&#8221;fadeIn&#8221; css=&#8221;.vc_custom_1544194970478{padding-top: 20px !important;padding-bottom: 20px !important;}&#8221;]<\/p>\n<p class=\"kontakt-editorial-headline \" style=\"text-align: center;\"><span style=\"background: #e0ccff; box-shadow: 0 0 0 10px #e0ccff;\">Avec les transports en commun:<\/span><\/p>\n<p>[\/vc_column_text][vc_column_text css_animation=&#8221;fadeIn&#8221; css=&#8221;.vc_custom_1544194955798{padding-top: 20px !important;padding-bottom: 20px !important;}&#8221; el_class=&#8221;description-text&#8221;]En venant de l\u2019Alexanderplatz, prenez la ligne U5 (en direction de H\u00f6now) ou la S5, S7, S75 (en direction de Strausberg, Ahrensfelde, Wartenberg) jusqu\u2019\u00e0 la gare S+U de Lichtenberg. Quittez la gare S+U en direction des rues Weitling\/Einbecker et continuez tout droit le long de la rue Einbecker. Traversez aux feux du croisement des rues Einbecker et Rosenfelder. Apr\u00e8s environ 150 m\u00e8tres, tournez \u00e0 gauche dans une petite ruelle (derri\u00e8re le magasin \u00abdie Glasere\u00ef\u00bb, avant \u00abLidl\u00bb) et allez jusqu\u2019au bout.<\/p>\n<p>L\u2019agence MR Congress &amp; Incentive GmbH se trouve dans le dernier immeuble du c\u00f4t\u00e9 droit.[\/vc_column_text][\/vc_column_inner][vc_column_inner width=&#8221;1\/12&#8243; offset=&#8221;vc_hidden-md vc_hidden-sm vc_hidden-xs&#8221;][\/vc_column_inner][\/vc_row_inner][vc_row_inner][vc_column_inner width=&#8221;1\/3&#8243; offset=&#8221;vc_hidden-xs&#8221;][vc_empty_space el_class=&#8221;empty-space&#8221;][\/vc_column_inner][vc_column_inner width=&#8221;2\/3&#8243;][vc_column_text][\/vc_column_text][\/vc_column_inner][\/vc_row_inner][\/vc_column][\/vc_row][\/vc_section][vc_row][vc_column][vc_single_image image=&#8221;5600&#8243; img_size=&#8221;full&#8221; alignment=&#8221;center&#8221; css_animation=&#8221;bottom-to-top&#8221;][\/vc_column][\/vc_row][vc_section][vc_row css_animation=&#8221;fadeIn&#8221; css=&#8221;.vc_custom_1534339184118{margin-top: 50px !important;}&#8221;][vc_column][vc_row_inner][vc_column_inner offset=&#8221;vc_hidden-sm vc_hidden-xs&#8221;][vc_empty_space height=&#8221;42px&#8221;][\/vc_column_inner][\/vc_row_inner][vc_column_text]<\/p>\n<p class=\"kontakt-editorial-headline\" style=\"text-align: center;\"><span style=\"background: #e0ccff; box-shadow: 0 0 0 10px #e0ccff;\">Partners<\/span><\/p>\n<p>[\/vc_column_text][vc_raw_html css=&#8221;.vc_custom_1768477325080{margin-top: 60px !important;margin-bottom: 60px !important;}&#8221;]JTNDZGl2JTIwc3R5bGUlM0QlMjJkaXNwbGF5JTNBJTIwZmxleCUzQiUyMGZsZXgtd3JhcCUzQSUyMHdyYXAlM0IlMjBqdXN0aWZ5LWNvbnRlbnQlM0ElMjBjZW50ZXIlM0IlMjBhbGlnbi1pdGVtcyUzQSUyMGNlbnRlciUzQiUyMGdhcCUzQSUyMDUwcHglM0IlMjIlM0UlMEElMjAlMjAlMjAlMjAlM0NpbWclMjBzcmMlM0QlMjJodHRwcyUzQSUyRiUyRm1yLWNvbmdyZXNzLmNvbSUyRmRlJTJGd3AtY29udGVudCUyRnVwbG9hZHMlMkZzaXRlcyUyRjMlMkYyMDIyJTJGMDglMkZMb2dvX0JFTl9tZW1iZXItb2Zfcm90X2VuLnBuZyUyMiUyMHN0eWxlJTNEJTIybWF4LWhlaWdodCUzQSUyMDU1cHglM0IlMjBmaWx0ZXIlM0ElMjBjb250cmFzdCUyODEwMCUyNSUyOSUyMiUyMCUyRiUzRSUwQSUyMCUyMCUyMCUyMCUzQ2ltZyUyMHNyYyUzRCUyMmh0dHBzJTNBJTJGJTJGbXItY29uZ3Jlc3MuY29tJTJGZW4lMkZ3cC1jb250ZW50JTJGdXBsb2FkcyUyRnNpdGVzJTJGMiUyRjIwMjIlMkYxMiUyRlZJU0lUX0JFUkxJTl9Mb2dvLmpwZyUyMiUyMHN0eWxlJTNEJTIybWF4LWhlaWdodCUzQSUyMDYwcHglM0IlMjBmaWx0ZXIlM0ElMjBjb250cmFzdCUyODEwMCUyNSUyOSUyMiUyMCUyRiUzRSUwQSUyMCUyMCUyMCUyMCUzQ2ltZyUyMHNyYyUzRCUyMmh0dHBzJTNBJTJGJTJGbXItY29uZ3Jlc3MuY29tJTJGZGUlMkZ3cC1jb250ZW50JTJGdXBsb2FkcyUyRnNpdGVzJTJGMyUyRjIwMjIlMkYxMiUyRmZ3ZF9MYW5kZXN2ZXJ0cmV0dW5nX0xvZ29fQmVybGluLTIucG5nJTIyJTIwc3R5bGUlM0QlMjJtYXgtaGVpZ2h0JTNBJTIwNzBweCUzQiUyMGZpbHRlciUzQSUyMGNvbnRyYXN0JTI4MTAwJTI1JTI5JTIyJTIwJTJGJTNFJTBBJTIwJTIwJTIwJTIwJTNDaW1nJTIwc3JjJTNEJTIyaHR0cHMlM0ElMkYlMkZtci1jb25ncmVzcy5jb20lMkZkZSUyRndwLWNvbnRlbnQlMkZ1cGxvYWRzJTJGc2l0ZXMlMkYzJTJGMjAyNCUyRjA5JTJGU3VzdGFpbmFibGUtUE5HLnBuZyUyMiUyMHN0eWxlJTNEJTIybWF4LWhlaWdodCUzQSUyMDYwcHglM0IlMjBmaWx0ZXIlM0ElMjBjb250cmFzdCUyODEwMCUyNSUyOSUyMiUyMCUyRiUzRSUwQSUyMCUyMCUyMCUyMCUzQ2ltZyUyMHNyYyUzRCUyMmh0dHBzJTNBJTJGJTJGbXItY29uZ3Jlc3MuY29tJTJGZGUlMkZ3cC1jb250ZW50JTJGdXBsb2FkcyUyRnNpdGVzJTJGMyUyRjIwMjElMkYxMSUyRkdQRV9Mb2dvX0dLX09la29zdHJvbS5wbmclMjIlMjBzdHlsZSUzRCUyMm1heC1oZWlnaHQlM0ElMjA3MHB4JTNCJTIwZmlsdGVyJTNBJTIwY29udHJhc3QlMjgxMDAlMjUlMjklMjIlMjAlMkYlM0UlMEElMjAlMjAlMjAlMjAlM0NpbWclMjBzcmMlM0QlMjJodHRwcyUzQSUyRiUyRm1yLWNvbmdyZXNzLmNvbSUyRmVuJTJGd3AtY29udGVudCUyRnVwbG9hZHMlMkZzaXRlcyUyRjIlMkYyMDI1JTJGMDYlMkZmYWlycGZsaWNodGV0LUxvZ28uanBnJTIyJTIwc3R5bGUlM0QlMjJtYXgtaGVpZ2h0JTNBJTIwNDBweCUzQiUyMGZpbHRlciUzQSUyMGNvbnRyYXN0JTI4MTAwJTI1JTI5JTIyJTIwJTJGJTNFJTBBJTIwJTIwJTIwJTIwJTNDaW1nJTIwc3JjJTNEJTIyaHR0cHMlM0ElMkYlMkZtci1jb25ncmVzcy5jb20lMkZkZSUyRndwLWNvbnRlbnQlMkZ1cGxvYWRzJTJGc2l0ZXMlMkYzJTJGMjAyMyUyRjEwJTJGVHJpdW1waC1Hcm91cC1JbnRlcm5hdGlvbmFsLnBuZyUyMiUyMHN0eWxlJTNEJTIybWF4LWhlaWdodCUzQSUyMDQwcHglM0JmaWx0ZXIlM0ElMjBjb250cmFzdCUyODEwMCUyNSUyOSUyMiUyRiUzRSUzQyUyRmRpdiUzRQ==[\/vc_raw_html][vc_row_inner][vc_column_inner offset=&#8221;vc_hidden-sm vc_hidden-xs&#8221;][vc_empty_space][\/vc_column_inner][\/vc_row_inner][\/vc_column][\/vc_row][vc_row css_animation=&#8221;fadeIn&#8221; css=&#8221;.vc_custom_1534339184118{margin-top: 50px !important;}&#8221;][vc_column][vc_row_inner][vc_column_inner offset=&#8221;vc_hidden-sm vc_hidden-xs&#8221;][vc_empty_space height=&#8221;42px&#8221;]<div class=\"ubtn-ctn-center\"><a class=\"ubtn-link ubtn-center ubtn-normal \" href = \"https:\/\/mr-congress.com\/en\/imprint\/\" target='' ><button type=\"button\" class=\"ubtn ubtn-normal ubtn-no-hover-bg  none  ubtn-center   tooltip-69e348a623fa7\"  data-hover=\"#ed557f\" data-border-color=\"#e0ccff\" data-bg=\"rgba(255,255,255,0.01)\" data-hover-bg=\"\" data-border-hover=\"\" data-shadow-hover=\"\" data-shadow-click=\"none\" data-shadow=\"\" data-shd-shadow=\"\" style=\"font-weight:normal;font-size:40px;border-radius:0px;border-width:4px;border-color:#e0ccff;border-style:solid;background: rgba(255,255,255,0.01);color: #000000;\"><span class=\"ubtn-hover\"><\/span><span class=\"ubtn-data ubtn-text\">Mentions l\u00e9gales<\/span><\/button><\/a><\/div><div class=\"ubtn-ctn-center\"><a class=\"ubtn-link ubtn-center ubtn-normal \" href = \"https:\/\/mr-congress.com\/en\/general-terms\/\" target='' ><button type=\"button\" class=\"ubtn ubtn-normal ubtn-no-hover-bg  none  ubtn-center   tooltip-69e348a623ff9\"  data-hover=\"#ed557f\" data-border-color=\"#e0ccff\" data-bg=\"rgba(255,255,255,0.01)\" data-hover-bg=\"\" data-border-hover=\"\" data-shadow-hover=\"\" data-shadow-click=\"none\" data-shadow=\"\" data-shd-shadow=\"\" style=\"font-weight:normal;font-size:40px;border-radius:0px;border-width:4px;border-color:#e0ccff;border-style:solid;background: rgba(255,255,255,0.01);color: #000000;\"><span class=\"ubtn-hover\"><\/span><span class=\"ubtn-data ubtn-text\">Conditions g\u00e9n\u00e9rales de ventes<\/span><\/button><\/a><\/div>[\/vc_column_inner][\/vc_row_inner][vc_row_inner][vc_column_inner offset=&#8221;vc_hidden-sm vc_hidden-xs&#8221;][vc_empty_space height=&#8221;72px&#8221;][\/vc_column_inner][\/vc_row_inner][\/vc_column][\/vc_row][\/vc_section][vc_row bg_type=&#8221;image&#8221; parallax_style=&#8221;vcpb-default&#8221; bg_image_new=&#8221;10316|https:\/\/mr-congress.com\/de\/wp-content\/uploads\/sites\/3\/2018\/11\/Kontakt_Claim_1900x430.jpg&#8221; bg_override=&#8221;ex-full&#8221;][vc_column][vc_column_text css_animation=&#8221;fadeInUp&#8221; css=&#8221;.vc_custom_1542015134619{background-position: center !important;background-repeat: no-repeat !important;background-size: contain !important;}&#8221; el_class=&#8221;secondary-lovely-headline&#8221;]<span style=\"color: #fff;\">Inspired by Berlin<\/span>[\/vc_column_text][vc_column_text css_animation=&#8221;fadeInUp&#8221; css=&#8221;.vc_custom_1542015154124{background-position: center !important;background-repeat: no-repeat !important;background-size: contain !important;}&#8221; el_class=&#8221;editorial-headline&#8221;]<span style=\"color: #fff;\">CONNECTED WORLDWIDE<\/span>[\/vc_column_text][\/vc_column][\/vc_row]<\/p>\n","protected":false},"excerpt":{"rendered":"<p>[vc_section css=&#8221;.vc_custom_1532947345321{margin-top: 70px !important;}&#8221;][vc_row bg_type=&#8221;image&#8221; parallax_style=&#8221;vcpb-default&#8221; bg_image_new=&#8221;10321|https:\/\/mr-congress.com\/de\/wp-content\/uploads\/sites\/3\/2018\/11\/Kontakt_Header.jpg&#8221; bg_image_repeat=&#8221;no-repeat&#8221; bg_image_posiiton=&#8221;top center&#8221; bg_override=&#8221;ex-full&#8221;][vc_column width=&#8221;1\/3&#8243; offset=&#8221;vc_hidden-sm vc_hidden-xs&#8221;][vc_column_text][\/vc_column_text][vc_empty_space height=&#8221;410px&#8221;][\/vc_column][vc_column width=&#8221;1\/3&#8243; offset=&#8221;vc_hidden-lg vc_hidden-xs&#8221;][vc_empty_space height=&#8221;390px&#8221;][\/vc_column][vc_column width=&#8221;1\/3&#8243; offset=&#8221;vc_hidden-lg vc_hidden-md&#8221;][vc_empty_space height=&#8221;310px&#8221;][\/vc_column][\/vc_row][vc_row content_placement=&#8221;middle&#8221;][vc_column css_animation=&#8221;fadeInUp&#8221; css=&#8221;.vc_custom_1535026171733{margin-top: 10px !important;margin-bottom: 50px !important;background-position: 0 0 !important;background-repeat: no-repeat !important;}&#8221;][vc_column_text css_animation=&#8221;fadeInUp&#8221; css=&#8221;.vc_custom_1544194900752{background-position: center !important;background-repeat: no-repeat !important;background-size: contain !important;}&#8221;]<\/p>\n<p> Contact <\/p>\n<p>[\/vc_column_text][vc_column_text css_animation=&#8221;none&#8221; el_class=&#8221;description-text&#8221;]Nous sommes \u00e0 votre disposition et ravis de r\u00e9pondre au mieux \u00e0 vos attentes!<br \/>\nN\u2019h\u00e9sitez pas \u00e0 nous contacter.[\/vc_column_text][\/vc_column][\/vc_row][\/vc_section][vc_row][vc_column][vc_row_inner][vc_column_inner offset=&#8221;vc_hidden-md vc_hidden-sm vc_hidden-xs&#8221;][vc_empty_space height=&#8221;50px&#8221;][\/vc_column_inner][\/vc_row_inner][vc_column_text css_animation=&#8221;fadeInUp&#8221; css=&#8221;.vc_custom_1542125873338{padding-bottom: 20px !important;background-position: center !important;background-repeat: no-repeat !important;background-size: contain !important;}&#8221;]<\/p>\n<p class=\"kontakt-editorial-headline\" style=\"text-align: [...] \n\n","protected":false},"author":5,"featured_media":0,"parent":0,"menu_order":0,"comment_status":"closed","ping_status":"closed","template":"event-page.php","meta":[],"_links":{"self":[{"href":"https:\/\/mr-congress.com\/fr\/wp-json\/wp\/v2\/pages\/5487"}],"collection":[{"href":"https:\/\/mr-congress.com\/fr\/wp-json\/wp\/v2\/pages"}],"about":[{"href":"https:\/\/mr-congress.com\/fr\/wp-json\/wp\/v2\/types\/page"}],"author":[{"embeddable":true,"href":"https:\/\/mr-congress.com\/fr\/wp-json\/wp\/v2\/users\/5"}],"replies":[{"embeddable":true,"href":"https:\/\/mr-congress.com\/fr\/wp-json\/wp\/v2\/comments?post=5487"}],"version-history":[{"count":10,"href":"https:\/\/mr-congress.com\/fr\/wp-json\/wp\/v2\/pages\/5487\/revisions"}],"predecessor-version":[{"id":6506,"href":"https:\/\/mr-congress.com\/fr\/wp-json\/wp\/v2\/pages\/5487\/revisions\/6506"}],"wp:attachment":[{"href":"https:\/\/mr-congress.com\/fr\/wp-json\/wp\/v2\/media?parent=5487"}],"curies":[{"name":"wp","href":"https:\/\/api.w.org\/{rel}","templated":true}]}}