{"id":5492,"date":"2018-11-19T11:39:38","date_gmt":"2018-11-19T11:39:38","guid":{"rendered":"https:\/\/mr-congress.com\/fr\/?page_id=5492"},"modified":"2025-10-28T16:55:06","modified_gmt":"2025-10-28T15:55:06","slug":"congres-et-conventions","status":"publish","type":"page","link":"https:\/\/mr-congress.com\/fr\/congres-et-conventions\/","title":{"rendered":"Congr\u00e8s &#038; Conventions"},"content":{"rendered":"<p>[vc_section css=&#8221;.vc_custom_1532947345321{margin-top: 70px !important;}&#8221;][vc_row bg_type=&#8221;image&#8221; parallax_style=&#8221;vcpb-default&#8221; bg_image_new=&#8221;10294|https:\/\/mr-congress.com\/de\/wp-content\/uploads\/sites\/3\/2018\/11\/Kongresse_Conventions_Header_1900x430-1.jpg&#8221; bg_image_repeat=&#8221;no-repeat&#8221; bg_image_posiiton=&#8221;top center&#8221; bg_override=&#8221;ex-full&#8221;][vc_column width=&#8221;1\/3&#8243; offset=&#8221;vc_hidden-sm vc_hidden-xs&#8221;][vc_column_text]<img decoding=\"async\" style=\"margin-top: -800px; z-index: 9999;\" src=\"https:\/\/mr-congress.com\/de\/wp-content\/uploads\/sites\/3\/2018\/06\/airplane.svg\" alt=\"airplane\" \/>[\/vc_column_text][vc_empty_space height=&#8221;410px&#8221;][\/vc_column][vc_column width=&#8221;1\/3&#8243; offset=&#8221;vc_hidden-lg vc_hidden-xs&#8221;][vc_empty_space height=&#8221;390px&#8221;][\/vc_column][vc_column width=&#8221;1\/3&#8243; offset=&#8221;vc_hidden-lg vc_hidden-md&#8221;][vc_empty_space height=&#8221;310px&#8221;][\/vc_column][\/vc_row][vc_row content_placement=&#8221;middle&#8221; bg_type=&#8221;image&#8221; parallax_style=&#8221;vcpb-default&#8221; bg_image_new=&#8221;9167|https:\/\/mr-congress.com\/de\/wp-content\/uploads\/sites\/3\/2018\/08\/ICON_events_erlebnisse_lights_V2_animated-3.svg&#8221; bg_image_repeat=&#8221;no-repeat&#8221; bg_image_size=&#8221;contain&#8221; bg_override=&#8221;ex-full&#8221;][vc_column css_animation=&#8221;fadeInUp&#8221; css=&#8221;.vc_custom_1541411285574{margin-top: 10px !important;margin-bottom: 80px !important;background-position: 0 0 !important;background-repeat: no-repeat !important;}&#8221;][vc_column_text css_animation=&#8221;fadeInUp&#8221; css=&#8221;.vc_custom_1544172011555{background-position: center !important;background-repeat: no-repeat !important;background-size: contain !important;}&#8221;]<\/p>\n<h1 class=\"lovely-heading\"><span class=\"kc-bg-img brush-bg-img\"> Congr\u00e8s<\/span><span style=\"font-size: 120px !important;\">&amp;<\/span><\/h1>\n<h1 class=\"sub-heading\">CONVENTIONS<\/h1>\n<p>[\/vc_column_text][vc_column_text css_animation=&#8221;none&#8221; el_class=&#8221;description-text&#8221;]Les congr\u00e8s sont des \u00e9v\u00e9nements primordiaux! Concentrez-vous sur l\u2019essentiel en nous confiant la gestion et l\u2019organisation<br \/>\nde votre \u00e9v\u00e8nement, de A \u00e0 Z, qu\u2019il s\u2019agisse de congr\u00e8s, de r\u00e9unions ou de workshops.[\/vc_column_text][\/vc_column][\/vc_row][\/vc_section][vc_section][vc_row bg_type=&#8221;image&#8221; parallax_style=&#8221;vcpb-default&#8221; bg_image_new=&#8221;10296|https:\/\/mr-congress.com\/de\/wp-content\/uploads\/sites\/3\/2018\/11\/Kongresse_Conventions_Section_2_1900x430.jpg&#8221; bg_image_repeat=&#8221;no-repeat&#8221;][vc_column][vc_row_inner][vc_column_inner offset=&#8221;vc_hidden-sm vc_hidden-xs&#8221;][vc_empty_space height=&#8221;105px&#8221;][\/vc_column_inner][\/vc_row_inner][vc_column_text css_animation=&#8221;fadeInUp&#8221; css=&#8221;.vc_custom_1544171892077{background-position: center !important;background-repeat: no-repeat !important;background-size: contain !important;}&#8221;]<\/p>\n<h2 class=\"home-sub-heading\"><a style=\"color: #fff;\" href=\"https:\/\/mr-congress.com\/de\/medizinische-kongresse-2\/\">CALENDRIER CONGR\u00c8S M\u00c9DICAL<\/a><\/h2>\n<p>[\/vc_column_text][vc_row_inner][vc_column_inner offset=&#8221;vc_hidden-sm vc_hidden-xs&#8221;][vc_empty_space height=&#8221;105px&#8221;][\/vc_column_inner][\/vc_row_inner][\/vc_column][\/vc_row][vc_row css_animation=&#8221;fadeIn&#8221; css=&#8221;.vc_custom_1534339184118{margin-top: 50px !important;}&#8221;][vc_column][vc_row_inner][vc_column_inner offset=&#8221;vc_hidden-xs&#8221;][vc_empty_space height=&#8221;72px&#8221;][\/vc_column_inner][\/vc_row_inner][vc_row_inner][vc_column_inner width=&#8221;1\/12&#8243; offset=&#8221;vc_hidden-md vc_hidden-sm vc_hidden-xs&#8221;][\/vc_column_inner][vc_column_inner width=&#8221;10\/12&#8243;][vc_column_text el_class=&#8221;description-text&#8221;]Chaque congr\u00e8s et la participation \u00e0 celui-ci n\u00e9cessitent une attention particuli\u00e8re. C\u2019est pourquoi nous vous accompagnons afin que tout se passe bien. Ainsi, vous pourrez vous concentrer sur l\u2019essentiel : le contenu et tout ce qui y attrait. Forte de notre exp\u00e9rience, notre \u00e9quipe vous invite \u00e0 <span style=\"background: #e3cfff;\">nous confier d\u00e8s \u00e0 pr\u00e9sent l\u2019organisation de votre prochain \u00e9v\u00e9nement!<\/span>[\/vc_column_text][\/vc_column_inner][vc_column_inner width=&#8221;1\/12&#8243; offset=&#8221;vc_hidden-md vc_hidden-sm vc_hidden-xs&#8221;][\/vc_column_inner][\/vc_row_inner][vc_row_inner][vc_column_inner offset=&#8221;vc_hidden-xs&#8221;][vc_empty_space height=&#8221;72px&#8221;][\/vc_column_inner][\/vc_row_inner][\/vc_column][\/vc_row][\/vc_section][vc_row equal_height=&#8221;yes&#8221; css=&#8221;.vc_custom_1534339174391{margin-top: 50px !important;}&#8221;][vc_column css=&#8221;.vc_custom_1541411585855{margin-bottom: 60px !important;}&#8221;][vc_column_text css_animation=&#8221;right-to-left&#8221;]<img decoding=\"async\" loading=\"lazy\" class=\"aligncenter size-full wp-image-8233\" src=\"https:\/\/mr-congress.com\/de\/wp-content\/uploads\/sites\/3\/2018\/11\/COLLAGE_Kongresse_Conventions_web_800x680-1.jpg\" alt=\"\" width=\"800\" height=\"680\" \/>[\/vc_column_text][\/vc_column][\/vc_row][vc_section][vc_row bg_type=&#8221;image&#8221; parallax_style=&#8221;vcpb-default&#8221; bg_image_new=&#8221;10147|https:\/\/mr-congress.com\/de\/wp-content\/uploads\/sites\/3\/2018\/11\/Kongresse_Conventions_Section_4_1900x430.jpg&#8221; bg_image_repeat=&#8221;no-repeat&#8221;][vc_column][vc_row_inner][vc_column_inner offset=&#8221;vc_hidden-sm vc_hidden-xs&#8221;][vc_empty_space height=&#8221;&#8221;][\/vc_column_inner][\/vc_row_inner][vc_column_text css_animation=&#8221;fadeInUp&#8221; css=&#8221;.vc_custom_1544173426551{background-position: center !important;background-repeat: no-repeat !important;background-size: contain !important;}&#8221; el_class=&#8221;secondary-lovely-headline&#8221;]<\/p>\n<div><span class=\"french-convention\" style=\"color: #fff;\">\u201e&#8230;Budget, localisation proche du parc des expositions ou en centre-ville&#8230;\u201c<\/span><\/div>\n<p>[\/vc_column_text][vc_row_inner][vc_column_inner offset=&#8221;vc_hidden-sm vc_hidden-xs&#8221;][vc_empty_space height=&#8221;42px&#8221;][\/vc_column_inner][\/vc_row_inner][\/vc_column][\/vc_row][vc_row css_animation=&#8221;fadeIn&#8221; css=&#8221;.vc_custom_1534339184118{margin-top: 50px !important;}&#8221;][vc_column][vc_row_inner][vc_column_inner offset=&#8221;vc_hidden-xs&#8221;][vc_empty_space height=&#8221;50px&#8221;][\/vc_column_inner][\/vc_row_inner][vc_row_inner][vc_column_inner width=&#8221;1\/12&#8243; offset=&#8221;vc_hidden-md vc_hidden-sm vc_hidden-xs&#8221;][\/vc_column_inner][vc_column_inner width=&#8221;10\/12&#8243;][vc_column_text el_class=&#8221;description-text-italic&#8221;]<\/p>\n<p style=\"font-family: DidotLTPro-BoldItalic !important;\">Nos contingents de chambres dans <span style=\"background: #e3cfff;\">le monde entier<\/span> nous permettent de vous proposer un h\u00e9bergement adapt\u00e9 \u00e0 vos besoins et vos exigences: budget, localisation proche du parc des expositions ou en centre-ville, etc. Notre palette comprend des h\u00f4tels de premier choix de grandes cha\u00eenes h\u00f4teli\u00e8res internationales, mais aussi des \u00e9tablissements priv\u00e9s et des boutiques-h\u00f4tels.<\/p>\n<p>[\/vc_column_text][\/vc_column_inner][vc_column_inner width=&#8221;1\/12&#8243; offset=&#8221;vc_hidden-md vc_hidden-sm vc_hidden-xs&#8221;][\/vc_column_inner][\/vc_row_inner][vc_row_inner][vc_column_inner offset=&#8221;vc_hidden-xs&#8221;][vc_empty_space height=&#8221;132px&#8221;][\/vc_column_inner][\/vc_row_inner][\/vc_column][\/vc_row][\/vc_section][vc_section][vc_row bg_type=&#8221;grad&#8221; bg_grad=&#8221;background: -webkit-gradient(linear, left top, left bottom, color-stop(10%, #5F899D), color-stop(37%, #7498A8), color-stop(63%, #79A1B3), color-stop(82%, #6F98AB));background: -moz-linear-gradient(left,#5F899D 10%,#7498A8 37%,#79A1B3 63%,#6F98AB 82%);background: -webkit-linear-gradient(left,#5F899D 10%,#7498A8 37%,#79A1B3 63%,#6F98AB 82%);background: -o-linear-gradient(left,#5F899D 10%,#7498A8 37%,#79A1B3 63%,#6F98AB 82%);background: -ms-linear-gradient(left,#5F899D 10%,#7498A8 37%,#79A1B3 63%,#6F98AB 82%);background: linear-gradient(left,#5F899D 10%,#7498A8 37%,#79A1B3 63%,#6F98AB 82%);&#8221;][vc_column css=&#8221;.vc_custom_1533031394010{background-image: url(https:\/\/mr-congress.com\/de\/wp-content\/uploads\/sites\/3\/2018\/07\/ICON_compass.svg?id=9108) !important;background-position: center !important;background-repeat: no-repeat !important;background-size: contain !important;}&#8221;][vc_row_inner][vc_column_inner offset=&#8221;vc_hidden-xs&#8221;][vc_empty_space el_class=&#8221;empty-space&#8221;][\/vc_column_inner][\/vc_row_inner][vc_row_inner][vc_column_inner width=&#8221;2\/12&#8243; offset=&#8221;vc_hidden-md vc_hidden-sm vc_hidden-xs&#8221;][\/vc_column_inner][vc_column_inner width=&#8221;8\/12&#8243;][vc_column_text css_animation=&#8221;fadeInLeft&#8221; css=&#8221;.vc_custom_1547630327820{padding-top: 20px !important;padding-right: 10px !important;padding-bottom: 20px !important;padding-left: 10px !important;background-position: 0 0 !important;background-repeat: no-repeat !important;}&#8221; el_class=&#8221;description-text&#8221;]<\/p>\n<p style=\"color: white;\">Nous nous mettons \u00e0 votre dispositions pour nous charger de toute les prestations h\u00f4teli\u00e8res dans le cadre de votre participation au congr\u00e8s, depuis la planification des capacit\u00e9s h\u00f4teli\u00e8res jusqu\u2019au conseil, en passant par la gestion des r\u00e9servations individuelles, de la communication avec l\u2019h\u00f4tel et de la gestion de la facturation.<\/p>\n<p>[\/vc_column_text][\/vc_column_inner][vc_column_inner width=&#8221;2\/12&#8243; offset=&#8221;vc_hidden-md vc_hidden-sm vc_hidden-xs&#8221;][\/vc_column_inner][\/vc_row_inner][vc_row_inner][vc_column_inner offset=&#8221;vc_hidden-xs&#8221;][vc_empty_space el_class=&#8221;empty-space&#8221;][\/vc_column_inner][\/vc_row_inner][\/vc_column][\/vc_row][vc_row css=&#8221;.vc_custom_1534340704059{margin-top: 50px !important;}&#8221;][vc_column][vc_row_inner][vc_column_inner offset=&#8221;vc_hidden-xs&#8221;][vc_empty_space el_class=&#8221;empty-space&#8221;][\/vc_column_inner][\/vc_row_inner][vc_row_inner][vc_column_inner width=&#8221;2\/12&#8243; offset=&#8221;vc_hidden-md vc_hidden-sm vc_hidden-xs&#8221;][\/vc_column_inner][vc_column_inner width=&#8221;8\/12&#8243;][vc_column_text css_animation=&#8221;fadeInRight&#8221; css=&#8221;.vc_custom_1761666535553{padding-top: 20px !important;padding-bottom: 20px !important;}&#8221; el_class=&#8221;description-text-italic&#8221;]Vous pr\u00e9voyez un congr\u00e8s ou une conf\u00e9rence dans la ville de votre choix ? MR Congress &amp; Incentive se <span style=\"background: #e3cfff;\">charge de trouver l\u2019h\u00f4tel<\/span> offrant le meilleur rapport qualit\u00e9-prix, de g\u00e9rer les options et contingents, et d\u2019accompagner vos participants de la r\u00e9servation jusqu\u2019au d\u00e9part.[\/vc_column_text][\/vc_column_inner][vc_column_inner width=&#8221;2\/12&#8243; offset=&#8221;vc_hidden-md vc_hidden-sm vc_hidden-xs&#8221;][\/vc_column_inner][\/vc_row_inner][vc_row_inner][vc_column_inner width=&#8221;1\/3&#8243; offset=&#8221;vc_hidden-xs&#8221;][vc_empty_space el_class=&#8221;empty-space&#8221;][\/vc_column_inner][vc_column_inner width=&#8221;2\/3&#8243;][vc_column_text][\/vc_column_text][\/vc_column_inner][\/vc_row_inner][\/vc_column][\/vc_row][\/vc_section][vc_section css=&#8221;.vc_custom_1541408351047{margin-top: 40px !important;margin-bottom: 40px !important;}&#8221;][vc_row gap=&#8221;30&#8243; equal_height=&#8221;yes&#8221; content_placement=&#8221;middle&#8221; css_animation=&#8221;fadeInUp&#8221;][vc_column width=&#8221;2\/12&#8243;][\/vc_column][vc_column css_animation=&#8221;none&#8221; width=&#8221;5\/12&#8243; css=&#8221;.vc_custom_1745416497327{background-position: center !important;background-repeat: no-repeat !important;background-size: contain !important;}&#8221; el_class=&#8221;overlay_text&#8221;][vc_empty_space height=&#8221;45px&#8221;][vc_column_text css=&#8221;.vc_custom_1761666630894{background-position: center !important;background-repeat: no-repeat !important;background-size: cover !important;}&#8221; el_class=&#8221;description-text&#8221;]<\/p>\n<p style=\"text-align: center;\">Chaque participant atteint ainsi sa destination, et <span style=\"background: #e3cfff;\">chaque client ses objectifs.<\/span><br \/>\nDe l\u2019analyse de vos besoins \u00e0 la planification et l\u2019achat des services de voyage, en passant par la n\u00e9gociation avec les prestataires, la cr\u00e9ation de conditions sp\u00e9ciales, l\u2019organisation des processus li\u00e9s aux voyages et la facturation finale \u2013 nous vous soutenons \u00e0 chaque \u00e9tape.<\/p>\n<p>[\/vc_column_text][\/vc_column][vc_column css_animation=&#8221;none&#8221; width=&#8221;5\/12&#8243;][vc_single_image image=&#8221;5511&#8243; img_size=&#8221;540&#215;700&#8243; alignment=&#8221;center&#8221;][\/vc_column][\/vc_row][\/vc_section]<\/p>\n","protected":false},"excerpt":{"rendered":"<p>[vc_section css=&#8221;.vc_custom_1532947345321{margin-top: 70px !important;}&#8221;][vc_row bg_type=&#8221;image&#8221; parallax_style=&#8221;vcpb-default&#8221; bg_image_new=&#8221;10294|https:\/\/mr-congress.com\/de\/wp-content\/uploads\/sites\/3\/2018\/11\/Kongresse_Conventions_Header_1900x430-1.jpg&#8221; bg_image_repeat=&#8221;no-repeat&#8221; bg_image_posiiton=&#8221;top center&#8221; bg_override=&#8221;ex-full&#8221;][vc_column width=&#8221;1\/3&#8243; offset=&#8221;vc_hidden-sm vc_hidden-xs&#8221;][vc_column_text][\/vc_column_text][vc_empty_space height=&#8221;410px&#8221;][\/vc_column][vc_column width=&#8221;1\/3&#8243; offset=&#8221;vc_hidden-lg vc_hidden-xs&#8221;][vc_empty_space height=&#8221;390px&#8221;][\/vc_column][vc_column width=&#8221;1\/3&#8243; offset=&#8221;vc_hidden-lg vc_hidden-md&#8221;][vc_empty_space height=&#8221;310px&#8221;][\/vc_column][\/vc_row][vc_row content_placement=&#8221;middle&#8221; bg_type=&#8221;image&#8221; parallax_style=&#8221;vcpb-default&#8221; bg_image_new=&#8221;9167|https:\/\/mr-congress.com\/de\/wp-content\/uploads\/sites\/3\/2018\/08\/ICON_events_erlebnisse_lights_V2_animated-3.svg&#8221; bg_image_repeat=&#8221;no-repeat&#8221; bg_image_size=&#8221;contain&#8221; bg_override=&#8221;ex-full&#8221;][vc_column css_animation=&#8221;fadeInUp&#8221; css=&#8221;.vc_custom_1541411285574{margin-top: 10px !important;margin-bottom: 80px !important;background-position: 0 0 !important;background-repeat: no-repeat !important;}&#8221;][vc_column_text css_animation=&#8221;fadeInUp&#8221; css=&#8221;.vc_custom_1544172011555{background-position: center !important;background-repeat: no-repeat !important;background-size: contain !important;}&#8221;]<\/p>\n<p> Congr\u00e8s&amp;<br \/>\nCONVENTIONS<\/p>\n<p>[\/vc_column_text][vc_column_text css_animation=&#8221;none&#8221; el_class=&#8221;description-text&#8221;]Les congr\u00e8s sont des \u00e9v\u00e9nements primordiaux! Concentrez-vous sur l\u2019essentiel en nous confiant la gestion et l\u2019organisation<br \/>\nde votre \u00e9v\u00e8nement, de A \u00e0 Z, qu\u2019il s\u2019agisse de congr\u00e8s, de r\u00e9unions ou [&#8230;]<\/p>\n","protected":false},"author":5,"featured_media":0,"parent":0,"menu_order":0,"comment_status":"closed","ping_status":"closed","template":"event-page.php","meta":[],"_links":{"self":[{"href":"https:\/\/mr-congress.com\/fr\/wp-json\/wp\/v2\/pages\/5492"}],"collection":[{"href":"https:\/\/mr-congress.com\/fr\/wp-json\/wp\/v2\/pages"}],"about":[{"href":"https:\/\/mr-congress.com\/fr\/wp-json\/wp\/v2\/types\/page"}],"author":[{"embeddable":true,"href":"https:\/\/mr-congress.com\/fr\/wp-json\/wp\/v2\/users\/5"}],"replies":[{"embeddable":true,"href":"https:\/\/mr-congress.com\/fr\/wp-json\/wp\/v2\/comments?post=5492"}],"version-history":[{"count":5,"href":"https:\/\/mr-congress.com\/fr\/wp-json\/wp\/v2\/pages\/5492\/revisions"}],"predecessor-version":[{"id":6483,"href":"https:\/\/mr-congress.com\/fr\/wp-json\/wp\/v2\/pages\/5492\/revisions\/6483"}],"wp:attachment":[{"href":"https:\/\/mr-congress.com\/fr\/wp-json\/wp\/v2\/media?parent=5492"}],"curies":[{"name":"wp","href":"https:\/\/api.w.org\/{rel}","templated":true}]}}