{"id":6201,"date":"2020-03-11T12:57:53","date_gmt":"2020-03-11T11:57:53","guid":{"rendered":"https:\/\/mr-congress.com\/fr\/?page_id=6201"},"modified":"2026-02-05T11:17:15","modified_gmt":"2026-02-05T10:17:15","slug":"vision-et-mission","status":"publish","type":"page","link":"https:\/\/mr-congress.com\/fr\/vision-et-mission\/","title":{"rendered":"Vision et mission"},"content":{"rendered":"<p>[vc_section css=&#8221;.vc_custom_1532947345321{margin-top: 70px !important;}&#8221;][vc_row bg_type=&#8221;image&#8221; parallax_style=&#8221;vcpb-default&#8221; bg_image_new=&#8221;7443|https:\/\/mr-congress.com\/en\/wp-content\/uploads\/sites\/2\/2020\/03\/four-leaf-clover-web.jpg&#8221; bg_image_repeat=&#8221;no-repeat&#8221; bg_image_posiiton=&#8221;top center&#8221; bg_override=&#8221;ex-full&#8221;][vc_column width=&#8221;1\/3&#8243; offset=&#8221;vc_hidden-sm vc_hidden-xs&#8221;][vc_column_text]<img decoding=\"async\" style=\"margin-top: -800px; z-index: 9999;\" src=\"https:\/\/mr-congress.com\/de\/wp-content\/uploads\/sites\/3\/2018\/06\/airplane.svg\" alt=\"airplane\" \/>[\/vc_column_text][vc_empty_space height=&#8221;410px&#8221;][\/vc_column][vc_column width=&#8221;1\/3&#8243; offset=&#8221;vc_hidden-lg vc_hidden-xs&#8221;][vc_empty_space height=&#8221;390px&#8221;][\/vc_column][vc_column width=&#8221;1\/3&#8243; offset=&#8221;vc_hidden-lg vc_hidden-md&#8221;][vc_empty_space height=&#8221;240px&#8221;][\/vc_column][\/vc_row][vc_row content_placement=&#8221;middle&#8221; bg_type=&#8221;image&#8221; parallax_style=&#8221;vcpb-default&#8221; bg_image_new=&#8221;9167|https:\/\/mr-congress.com\/de\/wp-content\/uploads\/sites\/3\/2018\/08\/ICON_events_erlebnisse_lights_V2_animated-3.svg&#8221; bg_image_repeat=&#8221;no-repeat&#8221; bg_image_size=&#8221;contain&#8221; bg_override=&#8221;ex-full&#8221;][vc_column css_animation=&#8221;fadeInUp&#8221; css=&#8221;.vc_custom_1535026171733{margin-top: 10px !important;margin-bottom: 50px !important;background-position: 0 0 !important;background-repeat: no-repeat !important;}&#8221;][vc_column_text css_animation=&#8221;fadeInUp&#8221; css=&#8221;.vc_custom_1765364799273{background-position: center !important;background-repeat: no-repeat !important;background-size: contain !important;}&#8221; el_class=&#8221;single-heading&#8221;]<\/p>\n<h1 class=\"lovely-heading\"><span class=\"brush-bg-img bm-bg-img\">Vision &amp;<\/span><\/h1>\n<h1 class=\"sub-heading\">MISSION<\/h1>\n<p>[\/vc_column_text][vc_column_text css_animation=&#8221;none&#8221; el_class=&#8221;description-text&#8221;]Exp\u00e9riences durables \u2013 Souvenirs imp\u00e9rissables[\/vc_column_text][\/vc_column][\/vc_row][\/vc_section][vc_row equal_height=&#8221;yes&#8221; css=&#8221;.vc_custom_1583843725651{margin-top: 4vmax !important;margin-bottom: 4vmax !important;}&#8221;][vc_column width=&#8221;1\/6&#8243; offset=&#8221;vc_hidden-sm vc_hidden-xs&#8221;][\/vc_column][vc_column width=&#8221;2\/3&#8243;][vc_row_inner][vc_column_inner][vc_column_text css_animation=&#8221;top-to-bottom&#8221; el_class=&#8221;description-text&#8221;]<\/p>\n<h2 style=\"text-align: center; color: #4c4b4b; font-family: 'DidotLTPro-Roman' !important; font-size: 2.98em;\">Vision<\/h2>\n<div style=\"margin-bottom: 20px;\"><\/div>\n<p style=\"text-align: justify;\">Notre vision est de devenir un leader dans l&#8217;industrie MICE gr\u00e2ce \u00e0 des clients satisfaits. Nous croyons <span style=\"background: #aaf4b3;\">au moment parfait et cr\u00e9ons des souvenirs avec de petits et grands d\u00e9tails<\/span> qui restent. Aucun d\u00e9fi n&#8217;est trop grand et aucun \u00e9v\u00e9nement n&#8217;est trop petit. Nous misons sur des exp\u00e9riences durables, pas seulement sous forme de souvenirs durables. Chaque \u00e9v\u00e9nement a le potentiel d&#8217;apporter une contribution en termes de durabilit\u00e9, que ce soit sur le plan social, \u00e9conomique ou \u00e9cologique.<\/p>\n<p>[\/vc_column_text][vc_empty_space height=&#8221;75px&#8221;][vc_column_text css_animation=&#8221;top-to-bottom&#8221; el_class=&#8221;description-text&#8221;]<\/p>\n<h2 style=\"text-align: center; color: #4c4b4b; font-family: 'DidotLTPro-Roman' !important; font-size: 2.98em;\">Mission<\/h2>\n<div style=\"margin-bottom: 20px;\"><\/div>\n<p style=\"text-align: justify;\">Nous souhaitons offrir le meilleur service \u00e9v\u00e9nementiel, sur mesure pour chaque client. Le client doit pouvoir s&#8217;asseoir, se d\u00e9tendre et nous faire confiance en toute qui\u00e9tude. Notre mission est de faire <span style=\"background: #aaf4b3;\">un effort suppl\u00e9mentaire pour chaque client<\/span> et de transformer un grand \u00e9v\u00e9nement en une exp\u00e9rience fantastique. Pour nous, cela inclut:<\/p>\n<ul>\n<li style=\"text-align: justify;\"><strong>Dialogue global avec les clients et les prestataires de services:<\/strong> gr\u00e2ce \u00e0 une communication ouverte, nous atteignons nos objectifs!<\/li>\n<li style=\"text-align: justify;\"><strong>Soutien personnel:<\/strong> de la premi\u00e8re demande jusqu&#8217;\u00e0 la facturation finale, il y aura une personne de contact permanente.<\/li>\n<li style=\"text-align: justify;\"><strong>Alternatives:<\/strong> nous pr\u00e9parons des propositions en montrant toujours diff\u00e9rentes possibilit\u00e9s pour les composantes individuelles de l&#8217;\u00e9v\u00e9nement et en les expliquant en termes de crit\u00e8res tels que la discipline budg\u00e9taire, la durabilit\u00e9 et la dramaturgie de l&#8217;\u00e9v\u00e9nement.<\/li>\n<li style=\"text-align: justify;\"><strong>Responsabilit\u00e9 d&#8217;entreprise:<\/strong> chaque fois que des liens entre les \u00e9v\u00e9nements demand\u00e9s et des causes nobles peuvent \u00eatre \u00e9tablis, nous les pr\u00e9sentons habilement et encourageons nos clients \u00e0 contribuer \u00e0 la soci\u00e9t\u00e9 avec nous.<\/li>\n<li style=\"text-align: justify;\"><strong>Responsabilit\u00e9 environnementale:<\/strong> lors des \u00e9v\u00e9nements, nous consid\u00e9rons qu&#8217;il est de notre responsabilit\u00e9 d&#8217;utiliser des options durables chaque fois que c&#8217;est possible et de minimiser l&#8217;empreinte environnementale de nos op\u00e9rations logistiques.<\/li>\n<\/ul>\n<p>[\/vc_column_text][\/vc_column_inner][\/vc_row_inner][\/vc_column][vc_column width=&#8221;1\/6&#8243; offset=&#8221;vc_hidden-sm vc_hidden-xs&#8221;][\/vc_column][\/vc_row]<\/p>\n","protected":false},"excerpt":{"rendered":"<p>[vc_section css=&#8221;.vc_custom_1532947345321{margin-top: 70px !important;}&#8221;][vc_row bg_type=&#8221;image&#8221; parallax_style=&#8221;vcpb-default&#8221; bg_image_new=&#8221;7443|https:\/\/mr-congress.com\/en\/wp-content\/uploads\/sites\/2\/2020\/03\/four-leaf-clover-web.jpg&#8221; bg_image_repeat=&#8221;no-repeat&#8221; bg_image_posiiton=&#8221;top center&#8221; bg_override=&#8221;ex-full&#8221;][vc_column width=&#8221;1\/3&#8243; offset=&#8221;vc_hidden-sm vc_hidden-xs&#8221;][vc_column_text][\/vc_column_text][vc_empty_space height=&#8221;410px&#8221;][\/vc_column][vc_column width=&#8221;1\/3&#8243; offset=&#8221;vc_hidden-lg vc_hidden-xs&#8221;][vc_empty_space height=&#8221;390px&#8221;][\/vc_column][vc_column width=&#8221;1\/3&#8243; offset=&#8221;vc_hidden-lg vc_hidden-md&#8221;][vc_empty_space height=&#8221;240px&#8221;][\/vc_column][\/vc_row][vc_row content_placement=&#8221;middle&#8221; bg_type=&#8221;image&#8221; parallax_style=&#8221;vcpb-default&#8221; bg_image_new=&#8221;9167|https:\/\/mr-congress.com\/de\/wp-content\/uploads\/sites\/3\/2018\/08\/ICON_events_erlebnisse_lights_V2_animated-3.svg&#8221; bg_image_repeat=&#8221;no-repeat&#8221; bg_image_size=&#8221;contain&#8221; bg_override=&#8221;ex-full&#8221;][vc_column css_animation=&#8221;fadeInUp&#8221; css=&#8221;.vc_custom_1535026171733{margin-top: 10px !important;margin-bottom: 50px !important;background-position: 0 0 !important;background-repeat: no-repeat !important;}&#8221;][vc_column_text css_animation=&#8221;fadeInUp&#8221; css=&#8221;.vc_custom_1765364799273{background-position: center !important;background-repeat: no-repeat !important;background-size: contain !important;}&#8221; el_class=&#8221;single-heading&#8221;]<\/p>\n<p>Vision &amp;<br \/>\nMISSION<\/p>\n<p>[\/vc_column_text][vc_column_text css_animation=&#8221;none&#8221; el_class=&#8221;description-text&#8221;]Exp\u00e9riences durables \u2013 Souvenirs imp\u00e9rissables[\/vc_column_text][\/vc_column][\/vc_row][\/vc_section][vc_row equal_height=&#8221;yes&#8221; css=&#8221;.vc_custom_1583843725651{margin-top: 4vmax !important;margin-bottom: 4vmax !important;}&#8221;][vc_column width=&#8221;1\/6&#8243; offset=&#8221;vc_hidden-sm vc_hidden-xs&#8221;][\/vc_column][vc_column width=&#8221;2\/3&#8243;][vc_row_inner][vc_column_inner][vc_column_text css_animation=&#8221;top-to-bottom&#8221; el_class=&#8221;description-text&#8221;]<\/p>\n<p>Vision<\/p>\n<p style=\"text-align: justify;\">Notre vision est de devenir un leader dans l&#8217;industrie MICE [&#8230;]<\/p>\n","protected":false},"author":5,"featured_media":0,"parent":0,"menu_order":0,"comment_status":"closed","ping_status":"closed","template":"","meta":[],"_links":{"self":[{"href":"https:\/\/mr-congress.com\/fr\/wp-json\/wp\/v2\/pages\/6201"}],"collection":[{"href":"https:\/\/mr-congress.com\/fr\/wp-json\/wp\/v2\/pages"}],"about":[{"href":"https:\/\/mr-congress.com\/fr\/wp-json\/wp\/v2\/types\/page"}],"author":[{"embeddable":true,"href":"https:\/\/mr-congress.com\/fr\/wp-json\/wp\/v2\/users\/5"}],"replies":[{"embeddable":true,"href":"https:\/\/mr-congress.com\/fr\/wp-json\/wp\/v2\/comments?post=6201"}],"version-history":[{"count":7,"href":"https:\/\/mr-congress.com\/fr\/wp-json\/wp\/v2\/pages\/6201\/revisions"}],"predecessor-version":[{"id":6500,"href":"https:\/\/mr-congress.com\/fr\/wp-json\/wp\/v2\/pages\/6201\/revisions\/6500"}],"wp:attachment":[{"href":"https:\/\/mr-congress.com\/fr\/wp-json\/wp\/v2\/media?parent=6201"}],"curies":[{"name":"wp","href":"https:\/\/api.w.org\/{rel}","templated":true}]}}